{"id":211484,"date":"2024-01-24T19:30:39","date_gmt":"2025-02-19T13:01:53","guid":{"rendered":"https:\/\/staging.nbg.eu\/product\/iosso-bolt-carrier-brush\/"},"modified":"2025-02-19T13:14:15","modified_gmt":"2025-02-19T13:14:15","slug":"iosso-lukusangahari","status":"publish","type":"product","link":"https:\/\/staging.nbg.eu\/et\/toode\/iosso-lukusangahari\/","title":{"rendered":"Iosso lukusangahari"},"content":{"rendered":"<p style=\"text-align: center\"><strong><span style=\"font-size: 170%\">losso Lukustuskanduri harjad<\/span><\/strong><\/p>\n<p>Komplekt sisaldab lukustuskanduri ja padrunipesa harjasid. Need on t\u00e4pseks puhastamiseks valmistatud t\u00e4psete m\u00f5\u00f5tudega. Harjad on valmistatud sinisest kiust, mis on paks, j\u00e4ik ja s\u00e4ilitab oma kuju h\u00e4sti. See v\u00f5imaldab edasi-tagasi liigutusi, erinevalt traditsioonilistest messingist ja pronksist harjadest. Neid saab kasutada mitu korda enne kulumist.<\/p>\n<table width=\"305\">\n<tbody>\n<tr>\n<td width=\"305\"><strong>AR-15 Lukustuskandur tihvtiga, 2 tk<\/strong><\/td>\n<\/tr>\n<tr>\n<td><strong>AR.308 P\u00fcssi lukustuskandur tihvtiga, 2 tk<\/strong><\/td>\n<\/tr>\n<\/tbody>\n<\/table>\n","protected":false},"excerpt":{"rendered":"<p><strong>T\u00e4pselt m\u00e4\u00e4ratud suurusega t\u00e4ppiseks puhastamiseks<\/strong><\/p>\n","protected":false},"featured_media":107704,"template":"","meta":{"_acf_changed":false},"product_brand":[11472],"product_cat":[1417,1418],"product_tag":[],"class_list":{"0":"post-211484","1":"product","2":"type-product","3":"status-publish","4":"has-post-thumbnail","6":"product_brand-iosso","7":"product_cat-brushes-et","8":"product_cat-maintenance-et","9":"pa_model-ar-308-et","10":"pa_model-ar-15-et","12":"first","13":"instock","14":"taxable","15":"shipping-taxable","16":"purchasable","17":"product-type-variable","18":"wvs-archive-product-wrapper"},"acf":[],"_links":{"self":[{"href":"https:\/\/staging.nbg.eu\/et\/wp-json\/wp\/v2\/product\/211484","targetHints":{"allow":["GET"]}}],"collection":[{"href":"https:\/\/staging.nbg.eu\/et\/wp-json\/wp\/v2\/product"}],"about":[{"href":"https:\/\/staging.nbg.eu\/et\/wp-json\/wp\/v2\/types\/product"}],"wp:featuredmedia":[{"embeddable":true,"href":"https:\/\/staging.nbg.eu\/et\/wp-json\/wp\/v2\/media\/107704"}],"wp:attachment":[{"href":"https:\/\/staging.nbg.eu\/et\/wp-json\/wp\/v2\/media?parent=211484"}],"wp:term":[{"taxonomy":"product_brand","embeddable":true,"href":"https:\/\/staging.nbg.eu\/et\/wp-json\/wp\/v2\/product_brand?post=211484"},{"taxonomy":"product_cat","embeddable":true,"href":"https:\/\/staging.nbg.eu\/et\/wp-json\/wp\/v2\/product_cat?post=211484"},{"taxonomy":"product_tag","embeddable":true,"href":"https:\/\/staging.nbg.eu\/et\/wp-json\/wp\/v2\/product_tag?post=211484"}],"curies":[{"name":"wp","href":"https:\/\/api.w.org\/{rel}","templated":true}]}}