{"id":208638,"date":"2024-07-29T13:02:15","date_gmt":"2024-07-29T13:02:15","guid":{"rendered":"https:\/\/staging.nbg.eu\/product\/bore-tech-friction-guard-xp-120ml\/"},"modified":"2025-02-16T16:54:28","modified_gmt":"2025-02-16T16:54:28","slug":"bore-tech-friction-guard-xp-120ml","status":"publish","type":"product","link":"https:\/\/staging.nbg.eu\/et\/toode\/bore-tech-friction-guard-xp-120ml\/","title":{"rendered":"Bore Tech Friction Guard XP 120ml"},"content":{"rendered":"<h2>Bore Tech Friction Guard XP relva\u00f5li &#8211; 120ml<\/h2>\n<p>Bore Tech Friction Guard XP relva\u00f5li on s\u00fcnteetiline segu, mis vastab MIL-PRF-63460E n\u00f5uetele ja pakub:<\/p>\n<ul>\n<li>M\u00e4\u00e4rimine temperatuurivahemikus -73\u00b0C kuni 316\u00b0C<\/li>\n<li>95% h\u00f5\u00f5rdumise ja kulumise v\u00e4hendamine<\/li>\n<li>Korrosioonikaitse<\/li>\n<li>Metallpindadesse tungimine ja seondumine<\/li>\n<li>Kulumiskindlus<\/li>\n<li>Vastupidavus \u00e4\u00e4rmuslikele temperatuuridele<\/li>\n<li>\u00dcle 100 tunni soolaudutesti kaitse<\/li>\n<li>Niiskuse eemaldamine<\/li>\n<li>Tolmu ja prahi t\u00f5rjumine<\/li>\n<\/ul>\n<p>Sobib laskuritele, jahimeestele ja relvaharrastajatele. Friction Guard XP hooldab relvaraua ja kaitseb relva kasutamise ja hoiustamise ajal.<\/p>\n","protected":false},"excerpt":{"rendered":"<p>K\u00f5rge j\u00f5udlusega s\u00fcnteetiline relva\u00f5li suurep\u00e4raseks m\u00e4\u00e4rimiseks ja kaitseks.<\/p>\n","protected":false},"featured_media":150480,"template":"","meta":{"_acf_changed":false},"product_brand":[11150],"product_cat":[1914,1418],"product_tag":[],"class_list":{"0":"post-208638","1":"product","2":"type-product","3":"status-publish","4":"has-post-thumbnail","6":"product_brand-boretech","7":"product_cat-lubricants-et","8":"product_cat-maintenance-et","10":"first","11":"instock","12":"taxable","13":"shipping-taxable","14":"purchasable","15":"product-type-simple"},"acf":[],"_links":{"self":[{"href":"https:\/\/staging.nbg.eu\/et\/wp-json\/wp\/v2\/product\/208638","targetHints":{"allow":["GET"]}}],"collection":[{"href":"https:\/\/staging.nbg.eu\/et\/wp-json\/wp\/v2\/product"}],"about":[{"href":"https:\/\/staging.nbg.eu\/et\/wp-json\/wp\/v2\/types\/product"}],"wp:featuredmedia":[{"embeddable":true,"href":"https:\/\/staging.nbg.eu\/et\/wp-json\/wp\/v2\/media\/150480"}],"wp:attachment":[{"href":"https:\/\/staging.nbg.eu\/et\/wp-json\/wp\/v2\/media?parent=208638"}],"wp:term":[{"taxonomy":"product_brand","embeddable":true,"href":"https:\/\/staging.nbg.eu\/et\/wp-json\/wp\/v2\/product_brand?post=208638"},{"taxonomy":"product_cat","embeddable":true,"href":"https:\/\/staging.nbg.eu\/et\/wp-json\/wp\/v2\/product_cat?post=208638"},{"taxonomy":"product_tag","embeddable":true,"href":"https:\/\/staging.nbg.eu\/et\/wp-json\/wp\/v2\/product_tag?post=208638"}],"curies":[{"name":"wp","href":"https:\/\/api.w.org\/{rel}","templated":true}]}}