{"id":205363,"date":"2024-08-16T18:01:15","date_gmt":"2025-02-13T15:24:07","guid":{"rendered":"https:\/\/staging.nbg.eu\/product\/rhh-ipsc-holster-mount-509\/"},"modified":"2025-02-13T15:25:32","modified_gmt":"2025-02-13T15:25:32","slug":"rhh-ipsc-kueuenardi-kinnitus-509","status":"publish","type":"product","link":"https:\/\/staging.nbg.eu\/et\/toode\/rhh-ipsc-kueuenardi-kinnitus-509\/","title":{"rendered":"RHH IPSC k\u00fc\u00fcnardi kinnitus .509"},"content":{"rendered":"<div class=\"product-description\">\n<h2>RHH IPSC p\u00fcstolihoidja kinnitus .509<\/h2>\n<p>RHH IPSC p\u00fcstolihoidja kinnitus .509 v\u00f5imaldab kohandada p\u00fcstolihoidja seadistust:<\/p>\n<ul>\n<li><strong>Reguleeritav kalle:<\/strong> Nurga reguleerimine igas suunas, v\u00f5imalik muuta igal ajal.<\/li>\n<li><strong>Mitme telje konfiguratsioon:<\/strong> Kombineeritav k\u00f5rguse reguleerimisega kuni kolmel teljel, s\u00e4ilitades soovitud k\u00f5rguse.<\/li>\n<li><strong>K\u00fclgkalde reguleerimine:<\/strong> P\u00fcstolihoidja kalde reguleerimine kruvide pingutamisega. Sisaldab kahte komplekti kruvisid ja seibe erinevate kehakauguste jaoks.<\/li>\n<li><strong>Paindlik k\u00f5rguse reguleerimine:<\/strong> Mitu kruviauku v\u00f5imaldavad optimeerida p\u00fcstolihoidja k\u00f5rgust v\u00f6\u00f6 suhtes.<\/li>\n<\/ul>\n<p><strong>Kaal:<\/strong> 0,19 kg<\/p>\n<p>RHH IPSC p\u00fcstolihoidja kinnitus .509 v\u00f5imaldab isikup\u00e4rastatud ja t\u00f5husat laskeasendit.<\/p>\n<\/div>\n","protected":false},"excerpt":{"rendered":"<p>Reguleeritav IPSC p\u00fcstoli kinnitus: kohandatav kalle, k\u00f5rgus ja nurk.<\/p>\n","protected":false},"featured_media":23129,"template":"","meta":{"_acf_changed":false},"product_brand":[11636],"product_cat":[1003,1004],"product_tag":[],"class_list":{"0":"post-205363","1":"product","2":"type-product","3":"status-publish","4":"has-post-thumbnail","6":"product_brand-rh-holsters","7":"product_cat-holster-accessories-et","8":"product_cat-sport-holster-et","10":"first","11":"instock","12":"taxable","13":"shipping-taxable","14":"purchasable","15":"product-type-simple"},"acf":[],"_links":{"self":[{"href":"https:\/\/staging.nbg.eu\/et\/wp-json\/wp\/v2\/product\/205363","targetHints":{"allow":["GET"]}}],"collection":[{"href":"https:\/\/staging.nbg.eu\/et\/wp-json\/wp\/v2\/product"}],"about":[{"href":"https:\/\/staging.nbg.eu\/et\/wp-json\/wp\/v2\/types\/product"}],"wp:featuredmedia":[{"embeddable":true,"href":"https:\/\/staging.nbg.eu\/et\/wp-json\/wp\/v2\/media\/23129"}],"wp:attachment":[{"href":"https:\/\/staging.nbg.eu\/et\/wp-json\/wp\/v2\/media?parent=205363"}],"wp:term":[{"taxonomy":"product_brand","embeddable":true,"href":"https:\/\/staging.nbg.eu\/et\/wp-json\/wp\/v2\/product_brand?post=205363"},{"taxonomy":"product_cat","embeddable":true,"href":"https:\/\/staging.nbg.eu\/et\/wp-json\/wp\/v2\/product_cat?post=205363"},{"taxonomy":"product_tag","embeddable":true,"href":"https:\/\/staging.nbg.eu\/et\/wp-json\/wp\/v2\/product_tag?post=205363"}],"curies":[{"name":"wp","href":"https:\/\/api.w.org\/{rel}","templated":true}]}}