{"id":205247,"date":"2024-09-02T10:50:03","date_gmt":"2025-02-13T15:09:33","guid":{"rendered":"https:\/\/staging.nbg.eu\/product\/badger-ordnance-c1-12-oclock-top-optical-platform-for-trijicon-rmr\/"},"modified":"2025-02-13T15:11:43","modified_gmt":"2025-02-13T15:11:43","slug":"badger-ordnance-c1-12-oclock-uelemine-optiline-platvorm-trijicon-rmr-ile","status":"publish","type":"product","link":"https:\/\/staging.nbg.eu\/et\/toode\/badger-ordnance-c1-12-oclock-uelemine-optiline-platvorm-trijicon-rmr-ile\/","title":{"rendered":"Badger Ordnance C1 12 O&#8217;clock \u00fclemine optiline platvorm Trijicon RMR-ile"},"content":{"rendered":"<div class=\"product-description\">\n<h2>Badger Ordnance C1 12 O&#8217;clock \u00fclemine optiline platvorm Trijicon RMR-ile<\/h2>\n<p>Badger Ordnance C1 12TOP on kinnituss\u00fcsteem, mis on m\u00f5eldud Trijicon RMR-i v\u00f5i \u00fchilduva optika integreerimiseks C1 ARC s\u00fcsteemiga. See platvorm v\u00f5imaldab punase t\u00e4pi konfiguratsiooni kell 12 asendis.<\/p>\n<h2>P\u00f5hiomadused:<\/h2>\n<ul>\n<li>Valmistatud 6061 T6 alumiiniumist<\/li>\n<li>III t\u00fc\u00fcpi anodeeritud viimistlus vastupidavuse tagamiseks<\/li>\n<li>Kerge disain, kaalub vaid 0,5 untsi<\/li>\n<li>Sisaldab veekindlat liimkiilu kindlaks kinnitamiseks<\/li>\n<li>\u00dchildub erinevate Trijicon RMR-i jalaj\u00e4ljega optikaga<\/li>\n<\/ul>\n<h2>\u00dchilduvus:<\/h2>\n<p>C1 12TOP on \u00fchilduv j\u00e4rgmiste optikaseadmetega:<\/p>\n<ul>\n<li>Trijicon RMR ja SRO<\/li>\n<li>Holosun HS407C, HS507C ja HS508T<\/li>\n<li>Swampfox Kingslayer, Liberty RMR 1&#215;22 ja Justice RMR 1&#215;27<\/li>\n<li>NcStar VISM FlipDot Pro<\/li>\n<li>Riton X3 Tactix PRD<\/li>\n<li>Vector Optics Frenzy 1x22x26<\/li>\n<\/ul>\n<p>Badger Ordnance C1 12 O&#8217;clock \u00fclemine optiline platvorm v\u00f5imaldab t\u00e4psemat ja mitmek\u00fclgsemat laskmist.<\/p>\n<\/div>\n","protected":false},"excerpt":{"rendered":"<p>Badger C1 12TOP: Kerge RMR kinnitus kella 12 asendis optikale<\/p>\n","protected":false},"featured_media":35406,"template":"","meta":{"_acf_changed":false},"product_brand":[11086],"product_cat":[772,774],"product_tag":[],"class_list":{"0":"post-205247","1":"product","2":"type-product","3":"status-publish","4":"has-post-thumbnail","6":"product_brand-badger-ordnance","7":"product_cat-aiming-et","8":"product_cat-red-dots-et","10":"first","11":"instock","12":"taxable","13":"shipping-taxable","14":"purchasable","15":"product-type-simple"},"acf":[],"_links":{"self":[{"href":"https:\/\/staging.nbg.eu\/et\/wp-json\/wp\/v2\/product\/205247","targetHints":{"allow":["GET"]}}],"collection":[{"href":"https:\/\/staging.nbg.eu\/et\/wp-json\/wp\/v2\/product"}],"about":[{"href":"https:\/\/staging.nbg.eu\/et\/wp-json\/wp\/v2\/types\/product"}],"wp:featuredmedia":[{"embeddable":true,"href":"https:\/\/staging.nbg.eu\/et\/wp-json\/wp\/v2\/media\/35406"}],"wp:attachment":[{"href":"https:\/\/staging.nbg.eu\/et\/wp-json\/wp\/v2\/media?parent=205247"}],"wp:term":[{"taxonomy":"product_brand","embeddable":true,"href":"https:\/\/staging.nbg.eu\/et\/wp-json\/wp\/v2\/product_brand?post=205247"},{"taxonomy":"product_cat","embeddable":true,"href":"https:\/\/staging.nbg.eu\/et\/wp-json\/wp\/v2\/product_cat?post=205247"},{"taxonomy":"product_tag","embeddable":true,"href":"https:\/\/staging.nbg.eu\/et\/wp-json\/wp\/v2\/product_tag?post=205247"}],"curies":[{"name":"wp","href":"https:\/\/api.w.org\/{rel}","templated":true}]}}