{"id":200327,"date":"2024-08-16T18:04:47","date_gmt":"2025-02-11T17:39:54","guid":{"rendered":"https:\/\/staging.nbg.eu\/product\/rcs-gear-plastic-hook-40mm\/"},"modified":"2025-02-11T17:42:06","modified_gmt":"2025-02-11T17:42:06","slug":"rcs-gear-plastikkonks-40mm","status":"publish","type":"product","link":"https:\/\/staging.nbg.eu\/et\/toode\/rcs-gear-plastikkonks-40mm\/","title":{"rendered":"RCS Gear plastikkonks 40mm"},"content":{"rendered":"<div class=\"product-description\">\n<h2>RCS Gear plastikkonks 40mm<\/h2>\n<p>RCS Gear plastikkonks 40mm on lisatarvik AIWB sidecar t\u00fc\u00fcpi kabuuridele. See on m\u00f5eldud kindlaks ja mugavaks kinnitamiseks.<\/p>\n<h2>P\u00f5hiomadused:<\/h2>\n<ul>\n<li>Kiirkinnituse funktsioon lihtsaks paigaldamiseks ja eemaldamiseks<\/li>\n<li>Vastupidav plastikkonstruktsioon pikaajaliseks kasutamiseks<\/li>\n<li>\u00dchildub AIWB sidecar kabuuridega<\/li>\n<li>Saadaval 40mm ja 45mm suurustes<\/li>\n<li>Kerge disain, kaalub ainult 0,02 kg<\/li>\n<\/ul>\n<p>RCS Gear plastikkonks on lahendus kabuuri kinnitamiseks. Selle disain v\u00f5imaldab kiiret kinnitamist ja selle konstruktsioon tagab t\u00f6\u00f6kindluse. See konks on lisatarvik relvaseadmetele.<\/p>\n<\/div>\n","protected":false},"excerpt":{"rendered":"<p>Vastupidav 40mm plastkonks AIWB vutlaritele. Kiirkl\u00f5psuga disain.<\/p>\n","protected":false},"featured_media":31658,"template":"","meta":{"_acf_changed":false},"product_brand":[],"product_cat":[1002,1004],"product_tag":[],"class_list":{"0":"post-200327","1":"product","2":"type-product","3":"status-publish","4":"has-post-thumbnail","6":"product_cat-holster-et","7":"product_cat-sport-holster-et","9":"first","10":"instock","11":"taxable","12":"shipping-taxable","13":"purchasable","14":"product-type-simple"},"acf":[],"_links":{"self":[{"href":"https:\/\/staging.nbg.eu\/et\/wp-json\/wp\/v2\/product\/200327","targetHints":{"allow":["GET"]}}],"collection":[{"href":"https:\/\/staging.nbg.eu\/et\/wp-json\/wp\/v2\/product"}],"about":[{"href":"https:\/\/staging.nbg.eu\/et\/wp-json\/wp\/v2\/types\/product"}],"wp:featuredmedia":[{"embeddable":true,"href":"https:\/\/staging.nbg.eu\/et\/wp-json\/wp\/v2\/media\/31658"}],"wp:attachment":[{"href":"https:\/\/staging.nbg.eu\/et\/wp-json\/wp\/v2\/media?parent=200327"}],"wp:term":[{"taxonomy":"product_brand","embeddable":true,"href":"https:\/\/staging.nbg.eu\/et\/wp-json\/wp\/v2\/product_brand?post=200327"},{"taxonomy":"product_cat","embeddable":true,"href":"https:\/\/staging.nbg.eu\/et\/wp-json\/wp\/v2\/product_cat?post=200327"},{"taxonomy":"product_tag","embeddable":true,"href":"https:\/\/staging.nbg.eu\/et\/wp-json\/wp\/v2\/product_tag?post=200327"}],"curies":[{"name":"wp","href":"https:\/\/api.w.org\/{rel}","templated":true}]}}