{"id":199805,"date":"2024-07-29T19:03:50","date_gmt":"2025-02-11T11:21:29","guid":{"rendered":"https:\/\/staging.nbg.eu\/product\/the-shear-hammock\/"},"modified":"2025-02-11T11:23:48","modified_gmt":"2025-02-11T11:23:48","slug":"shear-vorkkiik","status":"publish","type":"product","link":"https:\/\/staging.nbg.eu\/et\/toode\/shear-vorkkiik\/","title":{"rendered":"Shear v\u00f5rkkiik"},"content":{"rendered":"<div class=\"product-description\">\n<h2>K\u00e4\u00e4ride Hammock<\/h2>\n<p>K\u00e4\u00e4ride Hammock on lahendus meditsiiniliste vahendite kandmiseks. See toode v\u00f5imaldab kanda \u017egutti, k\u00e4\u00e4re v\u00f5i muid sarnase suurusega esemeid olemasoleval v\u00f6\u00f6l v\u00f5i MOLLE kinnitusega taskul.<\/p>\n<h2>P\u00f5hiomadused:<\/h2>\n<ul>\n<li>Kinnitatav MOLLE v\u00f5i v\u00f6\u00f6 k\u00fclge<\/li>\n<li>Kiireks kasutamiseks<\/li>\n<li>Sobib CAT \u017egutile ja muudele sarnase suurusega esemetele<\/li>\n<li>Kaitseb varustust UV-kiirguse, ilmastiku ja mustuse eest<\/li>\n<li>Ei vaja lisaruumi<\/li>\n<\/ul>\n<h2>Tehnilised andmed:<\/h2>\n<ul>\n<li>Kaal: 19g<\/li>\n<li>Osa number: TSP-TQ-01<\/li>\n<li>M\u00f5\u00f5tmed (t\u00fchjalt): 12,7 cm x 7,6 cm x 0,95 cm<\/li>\n<li>M\u00f5\u00f5tmed (t\u00e4is): 12,7 cm x 7,6 cm x 6,35 cm<\/li>\n<li>Materjalid: Ultracomp, Solution Dyed CORDURA\u00ae rihm<\/li>\n<li>Saadaval v\u00e4rvid: Must, Pruun ja Multicam<\/li>\n<\/ul>\n<p>K\u00e4\u00e4ride Hammock sobib kasutamiseks koos Micro Trauma Kit NOW!\u00ae-ga, v\u00f5imaldades hoida \u017egutti k\u00e4ttesaadavana ilma ruumi v\u00f5i kaitset ohverdamata. Seda saab kinnitada igale MOLLE v\u00f5i v\u00f6\u00f6le kinnitatud Micro TKN-ile v\u00f5i muule MOLLE taskule, millel on 3 veeru laiune MOLLE kinnituspind.<\/p>\n<p>K\u00e4\u00e4ride Hammock on m\u00f5eldud oluliste meditsiiniliste vahendite jaoks.<\/p>\n<\/div>\n","protected":false},"excerpt":{"rendered":"<p>Kiirp\u00e4\u00e4suga rippv\u00f5rk \u017eguttide ja k\u00e4\u00e4ride jaoks MOLLE varustuse k\u00fcljes.<\/p>\n","protected":false},"featured_media":153981,"template":"","meta":{"_acf_changed":false},"product_brand":[11132],"product_cat":[542,1830,543],"product_tag":[],"class_list":{"0":"post-199805","1":"product","2":"type-product","3":"status-publish","4":"has-post-thumbnail","6":"product_brand-blue-force-gear","7":"product_cat-gear-et","8":"product_cat-medical-et","9":"product_cat-pouches-et","11":"first","12":"instock","13":"taxable","14":"shipping-taxable","15":"purchasable","16":"product-type-variable","17":"wvs-archive-product-wrapper"},"acf":[],"_links":{"self":[{"href":"https:\/\/staging.nbg.eu\/et\/wp-json\/wp\/v2\/product\/199805","targetHints":{"allow":["GET"]}}],"collection":[{"href":"https:\/\/staging.nbg.eu\/et\/wp-json\/wp\/v2\/product"}],"about":[{"href":"https:\/\/staging.nbg.eu\/et\/wp-json\/wp\/v2\/types\/product"}],"wp:featuredmedia":[{"embeddable":true,"href":"https:\/\/staging.nbg.eu\/et\/wp-json\/wp\/v2\/media\/153981"}],"wp:attachment":[{"href":"https:\/\/staging.nbg.eu\/et\/wp-json\/wp\/v2\/media?parent=199805"}],"wp:term":[{"taxonomy":"product_brand","embeddable":true,"href":"https:\/\/staging.nbg.eu\/et\/wp-json\/wp\/v2\/product_brand?post=199805"},{"taxonomy":"product_cat","embeddable":true,"href":"https:\/\/staging.nbg.eu\/et\/wp-json\/wp\/v2\/product_cat?post=199805"},{"taxonomy":"product_tag","embeddable":true,"href":"https:\/\/staging.nbg.eu\/et\/wp-json\/wp\/v2\/product_tag?post=199805"}],"curies":[{"name":"wp","href":"https:\/\/api.w.org\/{rel}","templated":true}]}}