{"id":199690,"date":"2024-07-29T13:09:29","date_gmt":"2025-02-11T11:06:30","guid":{"rendered":"https:\/\/staging.nbg.eu\/product\/single-pistol-belt-pouch\/"},"modified":"2025-02-11T11:08:48","modified_gmt":"2025-02-11T11:08:48","slug":"uehe-puestoli-voeoekott","status":"publish","type":"product","link":"https:\/\/staging.nbg.eu\/et\/toode\/uehe-puestoli-voeoekott\/","title":{"rendered":"\u00dche p\u00fcstoli v\u00f6\u00f6kott"},"content":{"rendered":"<div class=\"product-description\">\n<h2>\u00dche p\u00fcstoli v\u00f6\u00f6tasku<\/h2>\n<p>See Ten-Speed\u00ae tasku hoiab kindlalt \u00fcht p\u00fcstoli salve, pakkudes kiiret juurdep\u00e4\u00e4su t\u00f6\u00f6ks v\u00f5i varjatud kandmiseks.<\/p>\n<ul>\n<li>Sobib v\u00f6\u00f6dele laiusega kuni 5 cm<\/li>\n<li>Mugav igap\u00e4evaseks kandmiseks ilma teravate servadeta<\/li>\n<li>Elastne esik\u00fclg ULTRAcomp\u2122 laminaadiga<\/li>\n<li>Takjakinnituss\u00fcsteem<\/li>\n<li>Mahutab \u00fche- v\u00f5i kahereaplaadilisi salvi (kuni HK45\/USP suuruseni)<\/li>\n<li>Sobib ka taskulampide, multit\u00f6\u00f6riistade v\u00f5i sarnaste esemete jaoks<\/li>\n<li>Eemaldatav v\u00f6\u00f6kinnituss\u00fcsteem horisontaalseks paigaldamiseks<\/li>\n<\/ul>\n<p>Suurus: 5,7 cm x 11,4 cm | Kaal: 20 grammi<\/p>\n<\/div>\n","protected":false},"excerpt":{"rendered":"<p>Turvaline, \u00f5huke v\u00f6\u00f6kott p\u00fcstoli salve v\u00f5i t\u00f6\u00f6riista jaoks. Kiire juurdep\u00e4\u00e4s.<\/p>\n","protected":false},"featured_media":164222,"template":"","meta":{"_acf_changed":false},"product_brand":[11132],"product_cat":[542,1203,543],"product_tag":[],"class_list":{"0":"post-199690","1":"product","2":"type-product","3":"status-publish","4":"has-post-thumbnail","6":"product_brand-blue-force-gear","7":"product_cat-gear-et","8":"product_cat-magazine-holders-et","9":"product_cat-pouches-et","11":"first","12":"instock","13":"taxable","14":"shipping-taxable","15":"purchasable","16":"product-type-simple"},"acf":[],"_links":{"self":[{"href":"https:\/\/staging.nbg.eu\/et\/wp-json\/wp\/v2\/product\/199690","targetHints":{"allow":["GET"]}}],"collection":[{"href":"https:\/\/staging.nbg.eu\/et\/wp-json\/wp\/v2\/product"}],"about":[{"href":"https:\/\/staging.nbg.eu\/et\/wp-json\/wp\/v2\/types\/product"}],"wp:featuredmedia":[{"embeddable":true,"href":"https:\/\/staging.nbg.eu\/et\/wp-json\/wp\/v2\/media\/164222"}],"wp:attachment":[{"href":"https:\/\/staging.nbg.eu\/et\/wp-json\/wp\/v2\/media?parent=199690"}],"wp:term":[{"taxonomy":"product_brand","embeddable":true,"href":"https:\/\/staging.nbg.eu\/et\/wp-json\/wp\/v2\/product_brand?post=199690"},{"taxonomy":"product_cat","embeddable":true,"href":"https:\/\/staging.nbg.eu\/et\/wp-json\/wp\/v2\/product_cat?post=199690"},{"taxonomy":"product_tag","embeddable":true,"href":"https:\/\/staging.nbg.eu\/et\/wp-json\/wp\/v2\/product_tag?post=199690"}],"curies":[{"name":"wp","href":"https:\/\/api.w.org\/{rel}","templated":true}]}}