{"id":190441,"date":"2024-07-30T17:57:46","date_gmt":"2025-02-04T16:14:48","guid":{"rendered":"https:\/\/staging.nbg.eu\/product\/red-dot-sight-holosun-hs510c\/"},"modified":"2025-02-04T16:16:49","modified_gmt":"2025-02-04T16:16:49","slug":"punane-dot-sight-holosun-hs510c","status":"publish","type":"product","link":"https:\/\/staging.nbg.eu\/et\/toode\/punane-dot-sight-holosun-hs510c\/","title":{"rendered":"Punane Dot Sight Holosun HS510C"},"content":{"rendered":"<div class=\"product-description\">\n<h2>Holosun HS510C Punane Punktsihik<\/h2>\n<p>Holosun HS510C on avatud reflekssihik, mis on m\u00f5eldud kasutamiseks karabiinidel, PCCdel ja haavlip\u00fcssidel. See sihik \u00fchendab vastupidavuse ja tehnoloogia t\u00e4psuse ja t\u00f6\u00f6kindluse tagamiseks erinevates keskkondades.<\/p>\n<h2>P\u00f5hiomadused:<\/h2>\n<ul>\n<li><strong>Konstruktsioon:<\/strong> Alumiiniumkorpus titaanist katteplaadiga l\u00f6\u00f6gikindluse suurendamiseks<\/li>\n<li><strong>Kiire Paigaldus:<\/strong> QD absoluutse kovaatamise kinnitus kaasas (1.41&#8243; t\u00e4pi k\u00f5rgus)<\/li>\n<li><strong>Tehnoloogia:<\/strong>\n<ul>\n<li>P\u00e4ikeseenergia varundus katkematuks t\u00f6\u00f6ks<\/li>\n<li>Raputusega aktiveerumine kiireks k\u00e4ivitumiseks<\/li>\n<li>Mitme sihiku s\u00fcsteem (MRS) erinevate sihtimisvalikute jaoks<\/li>\n<\/ul>\n<\/li>\n<li><strong>Aku Kestvus:<\/strong> Kuni 50 000 tundi punase Super LEDiga<\/li>\n<li><strong>Heleduse Reguleerimine:<\/strong> 10 p\u00e4evavalguse ja 2 \u00f6\u00f6vaatlusega \u00fchilduvat seadistust<\/li>\n<\/ul>\n<h2>Tehnilised Andmed:<\/h2>\n<ul>\n<li><strong>Sihiku Valikud:<\/strong> Ringiga t\u00e4pp, 2 MOA t\u00e4pp, 65 MOA ring<\/li>\n<li><strong>Akna Suurus:<\/strong> 0.91&#8243; x 1.26&#8243;<\/li>\n<li><strong>M\u00f5\u00f5tmed:<\/strong> 3.3&#8243; x 1.68&#8243; x 1.78&#8243;<\/li>\n<li><strong>Kaal:<\/strong> 4.94 untsi<\/li>\n<li><strong>Korpuse Materjal:<\/strong> Alumiinium titaanist katteplaadiga<\/li>\n<li><strong>Reguleerimise T\u00e4psus:<\/strong> 0.5 MOA kl\u00f5psu kohta<\/li>\n<li><strong>Reguleerimise Vahemik:<\/strong> \u00b150 MOA (tuule ja k\u00f5rguse suunas)<\/li>\n<li><strong>Veekindlus:<\/strong> IP67 hinnatud<\/li>\n<li><strong>T\u00f6\u00f6temperatuur:<\/strong> -30\u00b0C kuni 60\u00b0C<\/li>\n<\/ul>\n<p>Holosun HS510C on parallaksivaba ja piiramatu silmareljeefiga, mis tagab kiire sihtimise. Akusahtel v\u00f5imaldab lihtsat hooldust, konstruktsioon talub kuni 1000G vibratsiooni. See sihik sobib pikale relvale.<\/p>\n<\/div>\n","protected":false},"excerpt":{"rendered":"<p>Mitmek\u00fclgne avatud reflekssihik pikkadele relvadele. Vastupidav, uuenduslikud omadused.<\/p>\n","protected":false},"featured_media":160617,"template":"","meta":{"_acf_changed":false},"product_brand":[11429],"product_cat":[772,774,1756],"product_tag":[],"class_list":{"0":"post-190441","1":"product","2":"type-product","3":"status-publish","4":"has-post-thumbnail","6":"product_brand-holosun","7":"product_cat-aiming-et","8":"product_cat-red-dots-et","9":"product_cat-rifle-dots-et","11":"first","12":"instock","13":"taxable","14":"shipping-taxable","15":"purchasable","16":"product-type-simple"},"acf":[],"_links":{"self":[{"href":"https:\/\/staging.nbg.eu\/et\/wp-json\/wp\/v2\/product\/190441","targetHints":{"allow":["GET"]}}],"collection":[{"href":"https:\/\/staging.nbg.eu\/et\/wp-json\/wp\/v2\/product"}],"about":[{"href":"https:\/\/staging.nbg.eu\/et\/wp-json\/wp\/v2\/types\/product"}],"wp:featuredmedia":[{"embeddable":true,"href":"https:\/\/staging.nbg.eu\/et\/wp-json\/wp\/v2\/media\/160617"}],"wp:attachment":[{"href":"https:\/\/staging.nbg.eu\/et\/wp-json\/wp\/v2\/media?parent=190441"}],"wp:term":[{"taxonomy":"product_brand","embeddable":true,"href":"https:\/\/staging.nbg.eu\/et\/wp-json\/wp\/v2\/product_brand?post=190441"},{"taxonomy":"product_cat","embeddable":true,"href":"https:\/\/staging.nbg.eu\/et\/wp-json\/wp\/v2\/product_cat?post=190441"},{"taxonomy":"product_tag","embeddable":true,"href":"https:\/\/staging.nbg.eu\/et\/wp-json\/wp\/v2\/product_tag?post=190441"}],"curies":[{"name":"wp","href":"https:\/\/api.w.org\/{rel}","templated":true}]}}