{"id":190228,"date":"2024-09-17T20:00:20","date_gmt":"2024-09-17T20:00:20","guid":{"rendered":"https:\/\/staging.nbg.eu\/product\/holosun-aems-red\/"},"modified":"2025-02-04T15:32:36","modified_gmt":"2025-02-04T15:32:36","slug":"holosun-aems-punane","status":"publish","type":"product","link":"https:\/\/staging.nbg.eu\/et\/toode\/holosun-aems-punane\/","title":{"rendered":"Holosun AEMS Punane"},"content":{"rendered":"<div class=\"product-description\">\n<h2>Holosun AEMS Red: T\u00e4iustatud Suletud Mikrosihik<\/h2>\n<p>Holosun AEMS-Red (T\u00e4iustatud Suletud Mikrosihik) on kompaktne optiline sihik. Sellel on 2x suurem l\u00e4\u00e4tse pindala kui tavalistel 20mm mikrosihikutel, pakkudes suuremat vaatev\u00e4lja.<\/p>\n<h2>P\u00f5hiomadused:<\/h2>\n<ul>\n<li>Kompaktne ja kerge disain suure vaatev\u00e4ljaga<\/li>\n<li>7075 T6 alumiiniumist konstruktsioon<\/li>\n<li>1.63&#8243; punkti k\u00f5rgus, Picatinny kinnitus kaasas<\/li>\n<li>Klaasist allaklapitavad l\u00e4\u00e4tsekaitsmete<\/li>\n<li>Mitme sihiku s\u00fcsteem 2 MOA punkti ja 65 MOA ringiga<\/li>\n<li>P\u00e4ikeseenergia varufunktsioon ja liikumisele reageeriv tehnoloogia<\/li>\n<li>K\u00fclgmonteeritud patareisalv<\/li>\n<li>Kuni 50 000-tunnine aku t\u00f6\u00f6iga CR2032 patareiga<\/li>\n<li>12 intensiivsuse seadet, sealhulgas 4 \u00f6\u00f6n\u00e4gemisega \u00fchilduvat valikut<\/li>\n<\/ul>\n<h2>T\u00e4iustatud tehnoloogiad:<\/h2>\n<h3>P\u00e4ikeseenergia varufunktsioon<\/h3>\n<p>Kasutab loomuliku v\u00f5i kunstliku valguse varuv\u00f5imsuse allikana.<\/p>\n<h3>Liikumisele reageeriv tehnoloogia<\/h3>\n<p>Deaktiveerib LED-i, kui seda ei kasutata, ja taasaktiveerib liikumise tuvastamisel.<\/p>\n<h3>Mitme sihiku s\u00fcsteem<\/h3>\n<p>V\u00f5imaldab valida 2 MOA punkti, 65 MOA ringi v\u00f5i nende kombinatsiooni vahel.<\/p>\n<h3>Super LED<\/h3>\n<p>Pakub erinevaid heledusseadeid \u00f6\u00f6n\u00e4gemisega \u00fchilduvast p\u00e4evavalguses n\u00e4htavani.<\/p>\n<h2>Tehnilised andmed:<\/h2>\n<ul>\n<li>Akna suurus: 1.1&#8243; x 0.87&#8243;<\/li>\n<li>M\u00f5\u00f5tmed: 2.2&#8243; x 1.54&#8243; x 1.7&#8243;<\/li>\n<li>Kaal: 3.9 untsi<\/li>\n<li>Reguleerimine kl\u00f5psu kohta: 0.5 MOA<\/li>\n<li>K\u00fclg- ja k\u00f5rgusreguleerimise vahemik: \u00b150 MOA<\/li>\n<li>T\u00f6\u00f6temperatuur: -30\u00b0C kuni 60\u00b0C<\/li>\n<li>Veekindluse klass: IPX8<\/li>\n<li>Vibratsioonikindlus: 1000G<\/li>\n<\/ul>\n<p>Holosun AEMS-Red sobib nii harrastajatele kui ka professionaalidele.<\/p>\n<\/div>\n","protected":false},"excerpt":{"rendered":"<p>Kompaktne punane sihik suure vaatev\u00e4ljaga, mitme sihikus\u00fcsteemiga ja Shake Awake funktsiooniga.<\/p>\n","protected":false},"featured_media":63813,"template":"","meta":{"_acf_changed":false},"product_brand":[11429],"product_cat":[772,774,1756],"product_tag":[],"class_list":{"0":"post-190228","1":"product","2":"type-product","3":"status-publish","4":"has-post-thumbnail","6":"product_brand-holosun","7":"product_cat-aiming-et","8":"product_cat-red-dots-et","9":"product_cat-rifle-dots-et","11":"first","12":"outofstock","13":"taxable","14":"shipping-taxable","15":"purchasable","16":"product-type-simple"},"acf":[],"_links":{"self":[{"href":"https:\/\/staging.nbg.eu\/et\/wp-json\/wp\/v2\/product\/190228","targetHints":{"allow":["GET"]}}],"collection":[{"href":"https:\/\/staging.nbg.eu\/et\/wp-json\/wp\/v2\/product"}],"about":[{"href":"https:\/\/staging.nbg.eu\/et\/wp-json\/wp\/v2\/types\/product"}],"wp:featuredmedia":[{"embeddable":true,"href":"https:\/\/staging.nbg.eu\/et\/wp-json\/wp\/v2\/media\/63813"}],"wp:attachment":[{"href":"https:\/\/staging.nbg.eu\/et\/wp-json\/wp\/v2\/media?parent=190228"}],"wp:term":[{"taxonomy":"product_brand","embeddable":true,"href":"https:\/\/staging.nbg.eu\/et\/wp-json\/wp\/v2\/product_brand?post=190228"},{"taxonomy":"product_cat","embeddable":true,"href":"https:\/\/staging.nbg.eu\/et\/wp-json\/wp\/v2\/product_cat?post=190228"},{"taxonomy":"product_tag","embeddable":true,"href":"https:\/\/staging.nbg.eu\/et\/wp-json\/wp\/v2\/product_tag?post=190228"}],"curies":[{"name":"wp","href":"https:\/\/api.w.org\/{rel}","templated":true}]}}