{"id":181343,"date":"2024-04-19T07:15:03","date_gmt":"2025-01-30T06:22:48","guid":{"rendered":"https:\/\/staging.nbg.eu\/product\/blue-force-gear-burnsed-socket\/"},"modified":"2025-01-30T06:24:53","modified_gmt":"2025-01-30T06:24:53","slug":"blue-force-gear-burnsed-pistik","status":"publish","type":"product","link":"https:\/\/staging.nbg.eu\/et\/toode\/blue-force-gear-burnsed-pistik\/","title":{"rendered":"Blue Force Gear Burnsed Pistik"},"content":{"rendered":"<p>Here&#8217;s the translation of the product description to Estonian, without colorful and marketing words:<\/p>\n<p>Burnsed Socket<\/p>\n<p>Burnsed Socket Blue Force Gear&#8217;ilt &#8211; Burnsed Socket on eraldiseisev osa, mis muudab Vickers Combat Applications Sling&#8217;i 2-punktilisest 1-punktiliseks rihmaks, kui seda kasutatakse koos Push Button Sling Swivel&#8217;i v\u00f5i RED Swivel&#8217;iga. Burnsed Socket loodi 2005. aastal SOC-C\u2122 rihma olulise osana, v\u00f5imaldades 1-, 2- ja 3-punktilist rihmakasutust.<\/p>\n<p>Rihma mitmek\u00fclgsemaks muutmine &#8211; Libistage Burnsed Socket rihma tagaosale relva tagumise osa v\u00f5i tavap\u00e4rase \u00fche-punkti rihma kinnituskoha suunas, seej\u00e4rel eemaldage eesmine nupuga p\u00f6\u00f6rel relva eest ja kinnitage see Burnsed Socket&#8217;ile.<br \/>\n***Rihm ei kuulu komplekti. Sisaldab ainult 1 Burnsed Socket&#8217;i riistvaraosa***<\/p>\n<p>Kaks riistvaravalikut:<br \/>\n\u2022 T\u00f6\u00f6deldud alumiinium &#8211; vastupidavaks \u00fchenduseks, anodeeritud matimustaks.<br \/>\n\u2022 Vormitud pol\u00fcmeer &#8211; kerge, lihtne rihmkinnituspunkt, saadaval mustas v\u00e4rvis.<\/p>\n<p>Valmistatud USA-s &#8211; Nagu k\u00f5ik Blue Force Gear tooted, on see valmistatud USA-s ja sellel on piiratud eluaegne garantii.<\/p>\n<p>SPETSIFIKATSIOONID<\/p>\n<p>Omadused: T\u00f6\u00f6tab koos Push Button Sling Swivel&#8217;i v\u00f5i EDTM Swivel&#8217;iga 2-punktilisest 1-punktiliseks muudetava rihmana (m\u00fc\u00fcakse eraldi). V\u00f5imaldab relva kogu p\u00e4eva 2-punktilises re\u017eiimis kanda maksimaalse kontrolli ja mugavuse jaoks ning kiiresti muuta \u00fche-punktiliseks rihmaks d\u00fcnaamilistes keskkondades.<\/p>\n<p>Kaal: 13g<\/p>\n<p>Suurus: 0,75&#8243; x 1,5&#8243; x 0,5&#8243; &#8211; Sobib 1&#8243; v\u00f5i 1,25&#8243; rihmapaela jaoks (Victory Series\u2122 Sling, Vickers Combat Applications Sling\u2122)<\/p>\n<p>Materjalid:<br \/>\n\u2022 T\u00f6\u00f6deldud alumiinium<br \/>\n\u2022 Vormitud pol\u00fcmeer<\/p>\n<p>Lisainfo: \u00dcldreeglina m\u00e4\u00e4rige Push Button Swivel&#8217;eid ja Burnsed Socket&#8217;it iga kord, kui m\u00e4\u00e4rite relva.<\/p>\n","protected":false},"excerpt":{"rendered":"<p><span style=\"font-size: 110%\"><strong>Muutke oma kandelina mitmek\u00fclgsemaks<\/strong><\/span><\/p>\n","protected":false},"featured_media":163248,"template":"","meta":{"_acf_changed":false},"product_brand":[11132],"product_cat":[542,743],"product_tag":[],"class_list":{"0":"post-181343","1":"product","2":"type-product","3":"status-publish","4":"has-post-thumbnail","6":"product_brand-blue-force-gear","7":"product_cat-gear-et","8":"product_cat-slings-et","10":"first","11":"instock","12":"taxable","13":"shipping-taxable","14":"purchasable","15":"product-type-simple"},"acf":[],"_links":{"self":[{"href":"https:\/\/staging.nbg.eu\/et\/wp-json\/wp\/v2\/product\/181343","targetHints":{"allow":["GET"]}}],"collection":[{"href":"https:\/\/staging.nbg.eu\/et\/wp-json\/wp\/v2\/product"}],"about":[{"href":"https:\/\/staging.nbg.eu\/et\/wp-json\/wp\/v2\/types\/product"}],"wp:featuredmedia":[{"embeddable":true,"href":"https:\/\/staging.nbg.eu\/et\/wp-json\/wp\/v2\/media\/163248"}],"wp:attachment":[{"href":"https:\/\/staging.nbg.eu\/et\/wp-json\/wp\/v2\/media?parent=181343"}],"wp:term":[{"taxonomy":"product_brand","embeddable":true,"href":"https:\/\/staging.nbg.eu\/et\/wp-json\/wp\/v2\/product_brand?post=181343"},{"taxonomy":"product_cat","embeddable":true,"href":"https:\/\/staging.nbg.eu\/et\/wp-json\/wp\/v2\/product_cat?post=181343"},{"taxonomy":"product_tag","embeddable":true,"href":"https:\/\/staging.nbg.eu\/et\/wp-json\/wp\/v2\/product_tag?post=181343"}],"curies":[{"name":"wp","href":"https:\/\/api.w.org\/{rel}","templated":true}]}}