{"id":176723,"date":"2024-11-26T18:35:58","date_gmt":"2025-01-28T10:21:35","guid":{"rendered":"https:\/\/staging.nbg.eu\/product\/geissele-border-patrol-rifle-16-5-56mm-black\/"},"modified":"2025-01-28T10:23:34","modified_gmt":"2025-01-28T10:23:34","slug":"geissele-piiripatrulli-vintpuess-16-556mm-must","status":"publish","type":"product","link":"https:\/\/staging.nbg.eu\/et\/toode\/geissele-piiripatrulli-vintpuess-16-556mm-must\/","title":{"rendered":"Geissele Piiripatrulli Vintp\u00fcss, 16&#8243;, 5.56MM &#8211; Must"},"content":{"rendered":"<h2>Geissele piirivalve p\u00fcss, 16&#8243;, 5,56MM &#8211; Must<\/h2>\n<p>Geissele piirivalve p\u00fcss on t\u00e4isfunktsionaalne teenistusrelv, mis on loodud usaldusv\u00e4\u00e4rsuseks ja j\u00f5udluseks. See AR-15 on m\u00f5eldud pikaajaliseks kasutamiseks.<\/p>\n<h2>P\u00f5hiomadused:<\/h2>\n<ul>\n<li>16,25&#8243; k\u00fclmalt sepistatud (CHF) rauaga, kroomitud \u00f5\u00f5nega<\/li>\n<li>1:7 vindisamm ja 5,56x45mm NATO padrunipesa<\/li>\n<li>Geissele-pikkusega gaasis\u00fcsteem 17-4 roostevabast terasest gaasiblokiga<\/li>\n<li>14,6&#8243; MK 20 Super modulaarne k\u00e4epide M-Lok kinnitustega<\/li>\n<li>Super Duty sepistatud 7075 T6 alumiiniumist \u00fclemine ja alumine salvekamber<\/li>\n<li>Geissele Government laaden\u00f5el m\u00f5lemak\u00e4eliseks kasutamiseks<\/li>\n<li>H2 puhver ja p\u00f5imitud traadist puhvervedru<\/li>\n<li>ALG Defense Advanced Combat p\u00e4\u00e4stik (ACT) t\u00e4iustatud katetega<\/li>\n<\/ul>\n<h2>Tehnilised andmed:<\/h2>\n<ul>\n<li>Pikkus: 32,5&#8243; (kokkupandult) kuni 36&#8243; (pikendatult)<\/li>\n<li>Kaal: Umbes 6,6 naela<\/li>\n<li>Kaliiber: 5,56MM<\/li>\n<li>V\u00e4rv: Must<\/li>\n<li>Lukuraami komplekt: Mangaanfosfaadiga kaetud Geissele BCG<\/li>\n<li>Gaasiava suurus: .075&#8243;<\/li>\n<li>Suudmeseade: A2 leegisummuti<\/li>\n<li>P\u00fcssip\u00e4ra: BCM Mod 0, must<\/li>\n<li>K\u00e4epide: B5 k\u00e4epide Geissele logoga<\/li>\n<\/ul>\n<p>Piirivalve p\u00fcss on kerge ja man\u00f6\u00f6verdatav, s\u00e4ilitades tugevuse ja usaldusv\u00e4\u00e4rsuse. Iga komponent on valitud pikaks kasutamiseks karmides tingimustes. Skeleteeritud MK 20 Super modulaarne k\u00e4epide v\u00e4hendab kaalu, pakkudes samal ajal stabiilset kinnitusplatvormi.<\/p>\n<p>Geissele Government laaden\u00f5ela, Super 42 puhvers\u00fcsteemi ja ALG Advanced Combat p\u00e4\u00e4stikuga varustatud p\u00fcss pakub head j\u00f5udlust ja usaldusv\u00e4\u00e4rsust. See p\u00fcss sobib nii \u00f5iguskaitset\u00f6\u00f6tajatele kui ka tsiviilisikutele, kes otsivad kvaliteetset AR-15 t\u00fc\u00fcpi relva.<\/p>\n","protected":false},"excerpt":{"rendered":"<p>Usaldusv\u00e4\u00e4rne 16-tolline 5,56 mm AR-15 kvaliteetsete omadustega pikaajaliseks teenistuskasutuseks.<\/p>\n","protected":false},"featured_media":81492,"template":"","meta":{"_acf_changed":false},"product_brand":[11385],"product_cat":[2211,610],"product_tag":[],"class_list":{"0":"post-176723","1":"product","2":"type-product","3":"status-publish","4":"has-post-thumbnail","6":"product_brand-geissele","7":"product_cat-carbines-et","8":"product_cat-rifle-et","10":"first","11":"instock","12":"taxable","13":"shipping-taxable","14":"product-type-simple"},"acf":[],"_links":{"self":[{"href":"https:\/\/staging.nbg.eu\/et\/wp-json\/wp\/v2\/product\/176723","targetHints":{"allow":["GET"]}}],"collection":[{"href":"https:\/\/staging.nbg.eu\/et\/wp-json\/wp\/v2\/product"}],"about":[{"href":"https:\/\/staging.nbg.eu\/et\/wp-json\/wp\/v2\/types\/product"}],"wp:featuredmedia":[{"embeddable":true,"href":"https:\/\/staging.nbg.eu\/et\/wp-json\/wp\/v2\/media\/81492"}],"wp:attachment":[{"href":"https:\/\/staging.nbg.eu\/et\/wp-json\/wp\/v2\/media?parent=176723"}],"wp:term":[{"taxonomy":"product_brand","embeddable":true,"href":"https:\/\/staging.nbg.eu\/et\/wp-json\/wp\/v2\/product_brand?post=176723"},{"taxonomy":"product_cat","embeddable":true,"href":"https:\/\/staging.nbg.eu\/et\/wp-json\/wp\/v2\/product_cat?post=176723"},{"taxonomy":"product_tag","embeddable":true,"href":"https:\/\/staging.nbg.eu\/et\/wp-json\/wp\/v2\/product_tag?post=176723"}],"curies":[{"name":"wp","href":"https:\/\/api.w.org\/{rel}","templated":true}]}}