{"id":170951,"date":"2024-08-16T20:04:24","date_gmt":"2025-01-21T10:25:34","guid":{"rendered":"https:\/\/staging.nbg.eu\/product\/barwarus-alpha-1-set-bw-t33-alpha-1\/"},"modified":"2025-01-21T10:27:53","modified_gmt":"2025-01-21T10:27:53","slug":"barwarus-alpha-1-komplekt-bw-t33-ja-alpha-1","status":"publish","type":"product","link":"https:\/\/staging.nbg.eu\/et\/toode\/barwarus-alpha-1-komplekt-bw-t33-ja-alpha-1\/","title":{"rendered":"Barwarus ALPHA-1 KOMPLEKT (BW-T33 ja ALPHA-1)"},"content":{"rendered":"<div class=\"product-description\">\n<h2>Barwarus ALPHA-1 KOMPLEKT (BW-T33 ja ALPHA-1)<\/h2>\n<p>Barwarus ALPHA-1 KOMPLEKT sisaldab ALPHA-1 k\u00e4epidemeid ja BW-T33 tolmukatet. Komplekti kuuluvad:<\/p>\n<ul>\n<li>ALPHA-1 l\u00fchikesed Picatinny k\u00e4epidemed (\u00fclemine ja alumine)<\/li>\n<li>BW-T33 tolmukate integreeritud Picatinny siiniga<\/li>\n<\/ul>\n<p>ALPHA-1 k\u00e4epidemed on valmistatud 6082-T6 alumiiniumist ja kaetud Cerakote&#8217;iga. Sobib stambitud raamiga AK mudelitele, sealhulgas AK 103, 104, 105, 74S, 74M, AKM, AKMS ja Saiga.<\/p>\n<p>BW-T33 tolmukate on valmistatud 7075 T6 alumiiniumisulamist. See v\u00f5imaldab paigaldada optilisi sihikuid, s\u00e4ilitades samas avatud sihikute kasutamise v\u00f5imaluse.<\/p>\n<\/div>\n","protected":false},"excerpt":{"rendered":"<p>Kvaliteetne AK t\u00e4iendus: Neljaharuline k\u00e4epideme kaitsekate ja r\u00f6\u00f6paga tolmukate<\/p>\n","protected":false},"featured_media":280684,"template":"","meta":{"_acf_changed":false},"product_brand":[11109],"product_cat":[1354,722,611],"product_tag":[],"class_list":{"0":"post-170951","1":"product","2":"type-product","3":"status-publish","4":"has-post-thumbnail","6":"product_brand-barwarus","7":"product_cat-ak-tuning-et","8":"product_cat-rails-et","9":"product_cat-rifle-parts-et","11":"first","12":"instock","13":"taxable","14":"shipping-taxable","15":"product-type-variable","16":"wvs-archive-product-wrapper"},"acf":[],"_links":{"self":[{"href":"https:\/\/staging.nbg.eu\/et\/wp-json\/wp\/v2\/product\/170951","targetHints":{"allow":["GET"]}}],"collection":[{"href":"https:\/\/staging.nbg.eu\/et\/wp-json\/wp\/v2\/product"}],"about":[{"href":"https:\/\/staging.nbg.eu\/et\/wp-json\/wp\/v2\/types\/product"}],"wp:featuredmedia":[{"embeddable":true,"href":"https:\/\/staging.nbg.eu\/et\/wp-json\/wp\/v2\/media\/280684"}],"wp:attachment":[{"href":"https:\/\/staging.nbg.eu\/et\/wp-json\/wp\/v2\/media?parent=170951"}],"wp:term":[{"taxonomy":"product_brand","embeddable":true,"href":"https:\/\/staging.nbg.eu\/et\/wp-json\/wp\/v2\/product_brand?post=170951"},{"taxonomy":"product_cat","embeddable":true,"href":"https:\/\/staging.nbg.eu\/et\/wp-json\/wp\/v2\/product_cat?post=170951"},{"taxonomy":"product_tag","embeddable":true,"href":"https:\/\/staging.nbg.eu\/et\/wp-json\/wp\/v2\/product_tag?post=170951"}],"curies":[{"name":"wp","href":"https:\/\/api.w.org\/{rel}","templated":true}]}}