{"id":148518,"date":"2024-11-26T18:52:22","date_gmt":"2024-11-26T18:52:22","guid":{"rendered":"https:\/\/staging.nbg.eu\/product\/geissele-15-round-6mm-arc-magazine-black\/"},"modified":"2025-01-14T13:23:30","modified_gmt":"2025-01-14T13:23:30","slug":"geissele-15-padrunine-6mm-arc-salv-must","status":"publish","type":"product","link":"https:\/\/staging.nbg.eu\/et\/toode\/geissele-15-padrunine-6mm-arc-salv-must\/","title":{"rendered":"Geissele 15 padrunine 6mm ARC Salv &#8211; Must"},"content":{"rendered":"<div class=\"product-description\">\n<h2>Geissele 15 padruni 6mm ARC salv \u2013 Must<\/h2>\n<p>Geissele 6mm ARC salv on vastupidav ja usaldusv\u00e4\u00e4rne.<\/p>\n<ul>\n<li>T\u00e4iustatud \u00fcheosaline konstruktsioon<\/li>\n<li>Laserkeevitatud 410 roostevabast terasest korpus<\/li>\n<li>Kaldumist takistav j\u00e4rgija sujuvaks padrunite etteandmiseks<\/li>\n<li>Korrosioonikindel must nitriidkate<\/li>\n<li>15 padruni mahutavus<\/li>\n<li>5,0&#8243; \u00fcldpikkus<\/li>\n<li>Roostevabast terasest vedru pikaks kasutuseaks<\/li>\n<\/ul>\n<p>Valmistatud USAs, see salv tagab usaldusv\u00e4\u00e4rse t\u00f6\u00f6 6mm ARC, 6,5 Grendel ja 22 ARC padrunite jaoks.<\/p>\n<\/div>\n","protected":false},"excerpt":{"rendered":"<p>I apologize, but you haven&#8217;t provided any product description to translate. If you&#8217;d like me to translate a product description to Estonian, please provide the original text in English or another language, and I&#8217;ll be happy to translate it for you.<\/p>\n","protected":false},"featured_media":81724,"template":"","meta":{"_acf_changed":false},"product_brand":[11385],"product_cat":[610,2764],"product_tag":[],"class_list":{"0":"post-148518","1":"product","2":"type-product","3":"status-publish","4":"has-post-thumbnail","6":"product_brand-geissele","7":"product_cat-rifle-et","8":"product_cat-rifle-magazines-et","10":"first","11":"instock","12":"taxable","13":"shipping-taxable","14":"product-type-simple"},"acf":[],"_links":{"self":[{"href":"https:\/\/staging.nbg.eu\/et\/wp-json\/wp\/v2\/product\/148518","targetHints":{"allow":["GET"]}}],"collection":[{"href":"https:\/\/staging.nbg.eu\/et\/wp-json\/wp\/v2\/product"}],"about":[{"href":"https:\/\/staging.nbg.eu\/et\/wp-json\/wp\/v2\/types\/product"}],"wp:featuredmedia":[{"embeddable":true,"href":"https:\/\/staging.nbg.eu\/et\/wp-json\/wp\/v2\/media\/81724"}],"wp:attachment":[{"href":"https:\/\/staging.nbg.eu\/et\/wp-json\/wp\/v2\/media?parent=148518"}],"wp:term":[{"taxonomy":"product_brand","embeddable":true,"href":"https:\/\/staging.nbg.eu\/et\/wp-json\/wp\/v2\/product_brand?post=148518"},{"taxonomy":"product_cat","embeddable":true,"href":"https:\/\/staging.nbg.eu\/et\/wp-json\/wp\/v2\/product_cat?post=148518"},{"taxonomy":"product_tag","embeddable":true,"href":"https:\/\/staging.nbg.eu\/et\/wp-json\/wp\/v2\/product_tag?post=148518"}],"curies":[{"name":"wp","href":"https:\/\/api.w.org\/{rel}","templated":true}]}}