{"id":141471,"date":"2025-01-04T07:53:30","date_gmt":"2025-01-10T22:36:49","guid":{"rendered":"https:\/\/staging.nbg.eu\/product\/area-419-s-m-a-l-single-mlok-arcalock-rail\/"},"modified":"2025-01-10T22:38:42","modified_gmt":"2025-01-10T22:38:42","slug":"area-419-smal-uehekordne-mlok-arcalock-roeoebas","status":"publish","type":"product","link":"https:\/\/staging.nbg.eu\/et\/toode\/area-419-smal-uehekordne-mlok-arcalock-roeoebas\/","title":{"rendered":"Area 419 &#8211; S.M.A.L. &#8211; \u00dchekordne MLOK ARCALOCK R\u00f6\u00f6bas"},"content":{"rendered":"<div class=\"product-description\">\n<h2>Area 419 &#8211; S.M.A.L. &#8211; \u00dcksik MLOK ARCALOCK Siinimoodul<\/h2>\n<p>S.M.A.L. (\u00dcksik MLOK ARCALOCK) siinimoodul sobib kaugusm\u00f5\u00f5tjate, binoklite, vaatlusseadmete ja l\u00fchikeste vintp\u00fcsside kinnitamiseks.<\/p>\n<ul>\n<li>MLOK kinnituspunktid koos kaasasolevate tarvikutega<\/li>\n<li>Keskmine 1\/4-20 kinnituspunkt (tarvikud kaasas)<\/li>\n<li>Valmistatud Ameerikas 6061-T6 alumiiniumist<\/li>\n<li>Must anodeeritud viimistlus<\/li>\n<\/ul>\n<h3>Tehnilised andmed:<\/h3>\n<ul>\n<li>Kaal: 0,18 kg<\/li>\n<li>M\u00f5\u00f5tmed: 15,2 \u00d7 10,2 \u00d7 2,5 cm<\/li>\n<\/ul>\n<p>S.M.A.L. siinimoodul pakub mitmek\u00fclgset kinnitusviisi t\u00e4ppisseadmetele.<\/p>\n<\/div>\n","protected":false},"excerpt":{"rendered":"<p>Kompaktne MLOK ARCALOCK-siinid mitmek\u00fclgseks kinnitamiseks. USA-s toodetud 6061-T6 alumiiniumist.<\/p>\n","protected":false},"featured_media":115738,"template":"","meta":{"_acf_changed":false},"product_brand":[11034],"product_cat":[722,610,390],"product_tag":[],"class_list":{"0":"post-141471","1":"product","2":"type-product","3":"status-publish","4":"has-post-thumbnail","6":"product_brand-area-419","7":"product_cat-rails-et","8":"product_cat-rifle-et","9":"product_cat-aiming","11":"first","12":"instock","13":"taxable","14":"shipping-taxable","15":"purchasable","16":"product-type-simple"},"acf":[],"_links":{"self":[{"href":"https:\/\/staging.nbg.eu\/et\/wp-json\/wp\/v2\/product\/141471","targetHints":{"allow":["GET"]}}],"collection":[{"href":"https:\/\/staging.nbg.eu\/et\/wp-json\/wp\/v2\/product"}],"about":[{"href":"https:\/\/staging.nbg.eu\/et\/wp-json\/wp\/v2\/types\/product"}],"wp:featuredmedia":[{"embeddable":true,"href":"https:\/\/staging.nbg.eu\/et\/wp-json\/wp\/v2\/media\/115738"}],"wp:attachment":[{"href":"https:\/\/staging.nbg.eu\/et\/wp-json\/wp\/v2\/media?parent=141471"}],"wp:term":[{"taxonomy":"product_brand","embeddable":true,"href":"https:\/\/staging.nbg.eu\/et\/wp-json\/wp\/v2\/product_brand?post=141471"},{"taxonomy":"product_cat","embeddable":true,"href":"https:\/\/staging.nbg.eu\/et\/wp-json\/wp\/v2\/product_cat?post=141471"},{"taxonomy":"product_tag","embeddable":true,"href":"https:\/\/staging.nbg.eu\/et\/wp-json\/wp\/v2\/product_tag?post=141471"}],"curies":[{"name":"wp","href":"https:\/\/api.w.org\/{rel}","templated":true}]}}