{"id":141369,"date":"2025-01-04T07:20:19","date_gmt":"2025-01-10T22:32:20","guid":{"rendered":"https:\/\/staging.nbg.eu\/product\/area-419-arcalock-clamp\/"},"modified":"2025-01-10T22:34:14","modified_gmt":"2025-01-10T22:34:14","slug":"area-419-arcalock-klambri","status":"publish","type":"product","link":"https:\/\/staging.nbg.eu\/et\/toode\/area-419-arcalock-klambri\/","title":{"rendered":"Area 419 &#8211; ARCALOCK Klambri"},"content":{"rendered":"<div class=\"product-description\">\n<h2>Area 419 &#8211; ARCALOCK klamber<\/h2>\n<p>ARCALOCK klamber Area 419-lt t\u00f6\u00f6tab k\u00f5igil standardsetel ARCA\/1,5&#8243; p\u00e4\u00e4sukesaba r\u00f6\u00f6bastel, pakkudes mehaaniliselt lukustatud lahendust.<\/p>\n<ul>\n<li>Kaheastmeline kruvi kiireks liigutamiseks ja lisaj\u00f5u rakendamiseks<\/li>\n<li>\u00dchildub Atlas bipoodi ja Harris bipoodidega<\/li>\n<li>Kasutatav t\u00f5kkestopina<\/li>\n<li>\u00dchildub tagasiulatuvalt standardsete ARCA r\u00f6\u00f6bastega<\/li>\n<li>Valmistatud 6061-T6 alumiiniumist III t\u00fc\u00fcpi anodeeritud kattega<\/li>\n<li>Kaal 72,5 grammi<\/li>\n<\/ul>\n<p>Area 419 ARCALOCK klamber on m\u00f5eldud t\u00e4psuslaskurile.<\/p>\n<\/div>\n","protected":false},"excerpt":{"rendered":"<p>Turvaline ARCA-klamber lukustusmehhanismiga t\u00e4psusvintp\u00fcssidele.<\/p>\n","protected":false},"featured_media":115245,"template":"","meta":{"_acf_changed":false},"product_brand":[11034],"product_cat":[722,610],"product_tag":[],"class_list":{"0":"post-141369","1":"product","2":"type-product","3":"status-publish","4":"has-post-thumbnail","6":"product_brand-area-419","7":"product_cat-rails-et","8":"product_cat-rifle-et","10":"first","11":"instock","12":"taxable","13":"shipping-taxable","14":"purchasable","15":"product-type-simple"},"acf":[],"_links":{"self":[{"href":"https:\/\/staging.nbg.eu\/et\/wp-json\/wp\/v2\/product\/141369","targetHints":{"allow":["GET"]}}],"collection":[{"href":"https:\/\/staging.nbg.eu\/et\/wp-json\/wp\/v2\/product"}],"about":[{"href":"https:\/\/staging.nbg.eu\/et\/wp-json\/wp\/v2\/types\/product"}],"wp:featuredmedia":[{"embeddable":true,"href":"https:\/\/staging.nbg.eu\/et\/wp-json\/wp\/v2\/media\/115245"}],"wp:attachment":[{"href":"https:\/\/staging.nbg.eu\/et\/wp-json\/wp\/v2\/media?parent=141369"}],"wp:term":[{"taxonomy":"product_brand","embeddable":true,"href":"https:\/\/staging.nbg.eu\/et\/wp-json\/wp\/v2\/product_brand?post=141369"},{"taxonomy":"product_cat","embeddable":true,"href":"https:\/\/staging.nbg.eu\/et\/wp-json\/wp\/v2\/product_cat?post=141369"},{"taxonomy":"product_tag","embeddable":true,"href":"https:\/\/staging.nbg.eu\/et\/wp-json\/wp\/v2\/product_tag?post=141369"}],"curies":[{"name":"wp","href":"https:\/\/api.w.org\/{rel}","templated":true}]}}