{"id":141251,"date":"2025-01-04T07:26:25","date_gmt":"2025-01-10T21:45:39","guid":{"rendered":"https:\/\/staging.nbg.eu\/product\/area-419-arcalock-clamp-black\/"},"modified":"2025-01-10T21:47:34","modified_gmt":"2025-01-10T21:47:34","slug":"area-419-arcalock-klambri-must","status":"publish","type":"product","link":"https:\/\/staging.nbg.eu\/et\/toode\/area-419-arcalock-klambri-must\/","title":{"rendered":"Area 419 &#8211; ARCALOCK Klambri must"},"content":{"rendered":"<div class=\"product-description\">\n<h2>Area 419 &#8211; ARCALOCK klamber (must)<\/h2>\n<p>Area 419 ARCALOCK klamber t\u00f6\u00f6tab k\u00f5igil standardsetel ARCA\/1,5&#8243; siinidel, pakkudes mehaaniliselt lukustatud lahendust.<\/p>\n<ul>\n<li>Kaheastmeline kruviehitus kiireks liigutamiseks ja t\u00e4iendavaks j\u00f5umomendiks<\/li>\n<li>\u00dchildub Atlas bipoodi ja kohandatav Harris bipoodidega<\/li>\n<li>Tagasi\u00fchilduv standardsete ARCA siinidega<\/li>\n<li>Valmistatud 6061-T6 alumiiniumist, III t\u00fc\u00fcpi k\u00f5vakattega must anodeeritud viimistlus<\/li>\n<li>303 roostevabast terasest kruvi<\/li>\n<li>Kaal: 72,5 grammi<\/li>\n<\/ul>\n<p>Area 419 ARCALOCK klamber on disainitud ja toodetud USAs.<\/p>\n<\/div>\n","protected":false},"excerpt":{"rendered":"<p>Turvaline ARCA-siini klamber musta nupuga t\u00e4psusvintp\u00fcssidele.<\/p>\n","protected":false},"featured_media":115369,"template":"","meta":{"_acf_changed":false},"product_brand":[11034],"product_cat":[722,610,390],"product_tag":[],"class_list":{"0":"post-141251","1":"product","2":"type-product","3":"status-publish","4":"has-post-thumbnail","6":"product_brand-area-419","7":"product_cat-rails-et","8":"product_cat-rifle-et","9":"product_cat-aiming","11":"first","12":"instock","13":"taxable","14":"shipping-taxable","15":"purchasable","16":"product-type-simple"},"acf":[],"_links":{"self":[{"href":"https:\/\/staging.nbg.eu\/et\/wp-json\/wp\/v2\/product\/141251","targetHints":{"allow":["GET"]}}],"collection":[{"href":"https:\/\/staging.nbg.eu\/et\/wp-json\/wp\/v2\/product"}],"about":[{"href":"https:\/\/staging.nbg.eu\/et\/wp-json\/wp\/v2\/types\/product"}],"wp:featuredmedia":[{"embeddable":true,"href":"https:\/\/staging.nbg.eu\/et\/wp-json\/wp\/v2\/media\/115369"}],"wp:attachment":[{"href":"https:\/\/staging.nbg.eu\/et\/wp-json\/wp\/v2\/media?parent=141251"}],"wp:term":[{"taxonomy":"product_brand","embeddable":true,"href":"https:\/\/staging.nbg.eu\/et\/wp-json\/wp\/v2\/product_brand?post=141251"},{"taxonomy":"product_cat","embeddable":true,"href":"https:\/\/staging.nbg.eu\/et\/wp-json\/wp\/v2\/product_cat?post=141251"},{"taxonomy":"product_tag","embeddable":true,"href":"https:\/\/staging.nbg.eu\/et\/wp-json\/wp\/v2\/product_tag?post=141251"}],"curies":[{"name":"wp","href":"https:\/\/api.w.org\/{rel}","templated":true}]}}