{"id":140956,"date":"2025-01-04T08:28:27","date_gmt":"2025-01-04T08:28:27","guid":{"rendered":"https:\/\/staging.nbg.eu\/product\/area-419-arcalock-dual-clamp-with-picatinny\/"},"modified":"2025-01-10T19:09:36","modified_gmt":"2025-01-10T19:09:36","slug":"area-419-arcalock-kahekordne-klambri-picatinny-ga","status":"publish","type":"product","link":"https:\/\/staging.nbg.eu\/et\/toode\/area-419-arcalock-kahekordne-klambri-picatinny-ga\/","title":{"rendered":"Area 419 &#8211; ARCALOCK Kahekordne Klambri Picatinny-ga"},"content":{"rendered":"<div class=\"product-description\">\n<h2>Area 419 &#8211; ARCALOCK topeltklambri ja Picatinny r\u00f6\u00f6paga<\/h2>\n<p>Relvakinnitus, mis pakub kahekordset funktsionaalsust ARCALOCK ja Picatinny r\u00f6\u00f6bastele. Valmistatud Ameerikas.<\/p>\n<ul>\n<li>Reguleeritav pinge m\u00f5lemale pinnale<\/li>\n<li>ARCALOCK l\u00fcliti erinevate tootjate \u00fchilduvuseks<\/li>\n<li>Karastatud terasosad Picatinny kinnitusele<\/li>\n<li>ARMS 17S kinnitus levinud bipoodide jaoks<\/li>\n<\/ul>\n<p>Valmistatud 6061-T6 alumiiniumist ja roostevabast terasest. Kaal 1.25 naela, m\u00f5\u00f5tmed 6&#8243; \u00d7 3.5&#8243; \u00d7 2&#8243;. Sobib keskmise ja pika distantsi laskmiseks.<\/p>\n<p><strong>M\u00e4rkus:<\/strong> Ei \u00fchildu k\u00f5igi Area 419 ARCALOCK seadmetega, sealhulgas Garmin XERO Arms ja RailChanger X.<\/p>\n<\/div>\n","protected":false},"excerpt":{"rendered":"<p>Mitmek\u00fclgne ARCALOCK\/Picatinny klamber t\u00e4psuslaskmiseks.<\/p>\n","protected":false},"featured_media":115948,"template":"","meta":{"_acf_changed":false},"product_brand":[11034],"product_cat":[722,610],"product_tag":[],"class_list":{"0":"post-140956","1":"product","2":"type-product","3":"status-publish","4":"has-post-thumbnail","6":"product_brand-area-419","7":"product_cat-rails-et","8":"product_cat-rifle-et","10":"first","11":"outofstock","12":"taxable","13":"shipping-taxable","14":"purchasable","15":"product-type-simple"},"acf":[],"_links":{"self":[{"href":"https:\/\/staging.nbg.eu\/et\/wp-json\/wp\/v2\/product\/140956","targetHints":{"allow":["GET"]}}],"collection":[{"href":"https:\/\/staging.nbg.eu\/et\/wp-json\/wp\/v2\/product"}],"about":[{"href":"https:\/\/staging.nbg.eu\/et\/wp-json\/wp\/v2\/types\/product"}],"wp:featuredmedia":[{"embeddable":true,"href":"https:\/\/staging.nbg.eu\/et\/wp-json\/wp\/v2\/media\/115948"}],"wp:attachment":[{"href":"https:\/\/staging.nbg.eu\/et\/wp-json\/wp\/v2\/media?parent=140956"}],"wp:term":[{"taxonomy":"product_brand","embeddable":true,"href":"https:\/\/staging.nbg.eu\/et\/wp-json\/wp\/v2\/product_brand?post=140956"},{"taxonomy":"product_cat","embeddable":true,"href":"https:\/\/staging.nbg.eu\/et\/wp-json\/wp\/v2\/product_cat?post=140956"},{"taxonomy":"product_tag","embeddable":true,"href":"https:\/\/staging.nbg.eu\/et\/wp-json\/wp\/v2\/product_tag?post=140956"}],"curies":[{"name":"wp","href":"https:\/\/api.w.org\/{rel}","templated":true}]}}