{"id":140849,"date":"2025-01-04T07:33:44","date_gmt":"2025-01-10T19:00:59","guid":{"rendered":"https:\/\/staging.nbg.eu\/product\/area-419-arcalock-qd-clamp\/"},"modified":"2025-01-10T19:02:59","modified_gmt":"2025-01-10T19:02:59","slug":"area-419-arcalock-qd-klambri","status":"publish","type":"product","link":"https:\/\/staging.nbg.eu\/et\/toode\/area-419-arcalock-qd-klambri\/","title":{"rendered":"Area 419 &#8211; ARCALOCK QD Klambri"},"content":{"rendered":"<div class=\"product-description\">\n<h2>Area 419 &#8211; ARCALOCK QD Klamber<\/h2>\n<p>Area 419 ARCALOCK QD klamber t\u00f6\u00f6tab k\u00f5igil standardsetel ARCA\/1,5&#8243; kalasabar\u00f6\u00f6bastel, pakkudes mehaaniliselt lukustatud lahendust.<\/p>\n<ul>\n<li>Kahe-etapiline kruvikonstruktsioon kiireks liigutamiseks ja lisaj\u00f5u rakendamiseks<\/li>\n<li>\u00dchildub Atlas bipoodi ja kohandatav Harris bipoodi jaoks<\/li>\n<li>Tagasi\u00fchilduv standardsete ARCA r\u00f6\u00f6bastega<\/li>\n<li>Valmistatud 6061-T6 alumiiniumist, III t\u00fc\u00fcpi k\u00f5vakattega must anodeerimine<\/li>\n<li>303 roostevabast terasest kruvi<\/li>\n<li>Kaal 72,5 grammi<\/li>\n<\/ul>\n<p>ARCALOCK QD klamber on disainitud ja toodetud USAs Area 419 poolt.<\/p>\n<\/div>\n","protected":false},"excerpt":{"rendered":"<p>Kiirkinnitusega ARCA-klamber lukustusmehhanismiga kindlaks kinnitamiseks.<\/p>\n","protected":false},"featured_media":115491,"template":"","meta":{"_acf_changed":false},"product_brand":[11034],"product_cat":[722,610,390],"product_tag":[],"class_list":{"0":"post-140849","1":"product","2":"type-product","3":"status-publish","4":"has-post-thumbnail","6":"product_brand-area-419","7":"product_cat-rails-et","8":"product_cat-rifle-et","9":"product_cat-aiming","11":"first","12":"instock","13":"taxable","14":"shipping-taxable","15":"purchasable","16":"product-type-simple"},"acf":[],"_links":{"self":[{"href":"https:\/\/staging.nbg.eu\/et\/wp-json\/wp\/v2\/product\/140849","targetHints":{"allow":["GET"]}}],"collection":[{"href":"https:\/\/staging.nbg.eu\/et\/wp-json\/wp\/v2\/product"}],"about":[{"href":"https:\/\/staging.nbg.eu\/et\/wp-json\/wp\/v2\/types\/product"}],"wp:featuredmedia":[{"embeddable":true,"href":"https:\/\/staging.nbg.eu\/et\/wp-json\/wp\/v2\/media\/115491"}],"wp:attachment":[{"href":"https:\/\/staging.nbg.eu\/et\/wp-json\/wp\/v2\/media?parent=140849"}],"wp:term":[{"taxonomy":"product_brand","embeddable":true,"href":"https:\/\/staging.nbg.eu\/et\/wp-json\/wp\/v2\/product_brand?post=140849"},{"taxonomy":"product_cat","embeddable":true,"href":"https:\/\/staging.nbg.eu\/et\/wp-json\/wp\/v2\/product_cat?post=140849"},{"taxonomy":"product_tag","embeddable":true,"href":"https:\/\/staging.nbg.eu\/et\/wp-json\/wp\/v2\/product_tag?post=140849"}],"curies":[{"name":"wp","href":"https:\/\/api.w.org\/{rel}","templated":true}]}}