{"id":140542,"date":"2025-01-04T07:09:46","date_gmt":"2025-01-10T17:48:09","guid":{"rendered":"https:\/\/staging.nbg.eu\/product\/area-419-arcalock-arm-for-garmin-xero\/"},"modified":"2025-01-10T17:50:22","modified_gmt":"2025-01-10T17:50:22","slug":"area-419-arcalock-kinnitus-garmin-xero-jaoks","status":"publish","type":"product","link":"https:\/\/staging.nbg.eu\/et\/toode\/area-419-arcalock-kinnitus-garmin-xero-jaoks\/","title":{"rendered":"Area 419 &#8211; ARCALOCK Kinnitus Garmin Xero jaoks"},"content":{"rendered":"<div class=\"product-description\">\n<h2>Area 419 &#8211; ARCALOCK k\u00e4epide Garmin Xero C1-le<\/h2>\n<p>ARCALOCK k\u00e4epide v\u00f5imaldab Garmin Xero C1 paigaldamist mitmel viisil:<\/p>\n<ul>\n<li>Relvaraua sihis (h\u00fcppelaua v\u00f5i k\u00fcljemontaa\u017eina)<\/li>\n<li>Nihutatud asendis ARCA siini v\u00f5i pikendatud pic siini abil<\/li>\n<li>Eemaldatav kasutamiseks mis tahes ARCA-\u00fchilduval statiivil<\/li>\n<\/ul>\n<p>K\u00e4epide on valmistatud alumiiniumist ja sellel on 17S kinnituspind, mis sobib meie Arcalock klambrite v\u00f5i QD picatinny hoobklambriga. Sobib kasutamiseks koos Garmin Xero C1 kronograafiga.<\/p>\n<h3>Tehnilised andmed:<\/h3>\n<ul>\n<li>Kaal: 454 g<\/li>\n<li>M\u00f5\u00f5tmed: 15,24 cm \u00d7 10,16 cm \u00d7 2,54 cm<\/li>\n<\/ul>\n<\/div>\n","protected":false},"excerpt":{"rendered":"<p>Mitmek\u00fclgne kinnitus Garmin Xero C1 jaoks: \u00fchilduv relvaraua, relvasiini v\u00f5i statiiviga.<\/p>\n","protected":false},"featured_media":114879,"template":"","meta":{"_acf_changed":false},"product_brand":[11034],"product_cat":[722,610],"product_tag":[],"class_list":{"0":"post-140542","1":"product","2":"type-product","3":"status-publish","4":"has-post-thumbnail","6":"product_brand-area-419","7":"product_cat-rails-et","8":"product_cat-rifle-et","10":"first","11":"instock","12":"taxable","13":"shipping-taxable","14":"purchasable","15":"product-type-variable","16":"wvs-archive-product-wrapper"},"acf":[],"_links":{"self":[{"href":"https:\/\/staging.nbg.eu\/et\/wp-json\/wp\/v2\/product\/140542","targetHints":{"allow":["GET"]}}],"collection":[{"href":"https:\/\/staging.nbg.eu\/et\/wp-json\/wp\/v2\/product"}],"about":[{"href":"https:\/\/staging.nbg.eu\/et\/wp-json\/wp\/v2\/types\/product"}],"wp:featuredmedia":[{"embeddable":true,"href":"https:\/\/staging.nbg.eu\/et\/wp-json\/wp\/v2\/media\/114879"}],"wp:attachment":[{"href":"https:\/\/staging.nbg.eu\/et\/wp-json\/wp\/v2\/media?parent=140542"}],"wp:term":[{"taxonomy":"product_brand","embeddable":true,"href":"https:\/\/staging.nbg.eu\/et\/wp-json\/wp\/v2\/product_brand?post=140542"},{"taxonomy":"product_cat","embeddable":true,"href":"https:\/\/staging.nbg.eu\/et\/wp-json\/wp\/v2\/product_cat?post=140542"},{"taxonomy":"product_tag","embeddable":true,"href":"https:\/\/staging.nbg.eu\/et\/wp-json\/wp\/v2\/product_tag?post=140542"}],"curies":[{"name":"wp","href":"https:\/\/api.w.org\/{rel}","templated":true}]}}