{"id":140278,"date":"2025-01-04T04:41:18","date_gmt":"2025-01-10T15:15:43","guid":{"rendered":"https:\/\/staging.nbg.eu\/product\/area-419-arcalock-12-m-lok-dovetail-rail\/"},"modified":"2025-01-10T15:17:54","modified_gmt":"2025-01-10T15:17:54","slug":"area-419-arcalock-12-m-lok-dovetail-roeoebas","status":"publish","type":"product","link":"https:\/\/staging.nbg.eu\/et\/toode\/area-419-arcalock-12-m-lok-dovetail-roeoebas\/","title":{"rendered":"Area 419 &#8211; ARCALOCK 12&#8243; M-LOK Dovetail R\u00f6\u00f6bas"},"content":{"rendered":"<div class=\"product-description\">\n<h2>Area 419 &#8211; ARCALOCK 12&#8243; M-LOK Kalasabarelsiin<\/h2>\n<p>Area 419 ARCALOCK 12&#8243; M-LOK Kalasabarelsiin. Relsis\u00fcsteemi omadused:<\/p>\n<ul>\n<li>Sakilised relsik\u00fcljed mehaaniliseks lukustumiseks Area 419 klambritega<\/li>\n<li>Tagasi\u00fchilduvus standardsete Arca tarvikutega<\/li>\n<li>12-tolline pikkus<\/li>\n<li>Kergekaaluline disain, kaalub 4,1 untsi<\/li>\n<li>\u00dchildub RRS 1,5-tollise kalasabastandardi<\/li>\n<li>Faasitud servad ja \u00fcmardatud nurgad<\/li>\n<li>T\u00fc\u00fcp 3 k\u00f5vakatteanodeeritud viimistlus<\/li>\n<li>Valmistatud USAs 6061-T6 alumiiniumist<\/li>\n<li>M-LOK pesad alak\u00fcljel lisakinnituste jaoks<\/li>\n<\/ul>\n<p>ARCALOCK relsis\u00fcsteem on loodud v\u00e4ltimaks libisemist surve all. Sisaldab k\u00f5iki vajalikke M-LOK kinnitusdetaile.<\/p>\n<p><strong>M\u00e4rkus:<\/strong> Kinnitamiseks on vaja 6 j\u00e4rjestikust MLOK pesa. Tagumine nurga t\u00f5kesti m\u00fc\u00fcakse eraldi.<\/p>\n<\/div>\n","protected":false},"excerpt":{"rendered":"<p>Lukustatav 12-tolline ARCA-siin M-LOK pesadega. Sakilised k\u00fcljed, kerge, vastupidav.<\/p>\n","protected":false},"featured_media":112408,"template":"","meta":{"_acf_changed":false},"product_brand":[11034],"product_cat":[722,610,390],"product_tag":[],"class_list":{"0":"post-140278","1":"product","2":"type-product","3":"status-publish","4":"has-post-thumbnail","6":"product_brand-area-419","7":"product_cat-rails-et","8":"product_cat-rifle-et","9":"product_cat-aiming","11":"first","12":"instock","13":"taxable","14":"shipping-taxable","15":"purchasable","16":"product-type-variable","17":"wvs-archive-product-wrapper"},"acf":[],"_links":{"self":[{"href":"https:\/\/staging.nbg.eu\/et\/wp-json\/wp\/v2\/product\/140278","targetHints":{"allow":["GET"]}}],"collection":[{"href":"https:\/\/staging.nbg.eu\/et\/wp-json\/wp\/v2\/product"}],"about":[{"href":"https:\/\/staging.nbg.eu\/et\/wp-json\/wp\/v2\/types\/product"}],"wp:featuredmedia":[{"embeddable":true,"href":"https:\/\/staging.nbg.eu\/et\/wp-json\/wp\/v2\/media\/112408"}],"wp:attachment":[{"href":"https:\/\/staging.nbg.eu\/et\/wp-json\/wp\/v2\/media?parent=140278"}],"wp:term":[{"taxonomy":"product_brand","embeddable":true,"href":"https:\/\/staging.nbg.eu\/et\/wp-json\/wp\/v2\/product_brand?post=140278"},{"taxonomy":"product_cat","embeddable":true,"href":"https:\/\/staging.nbg.eu\/et\/wp-json\/wp\/v2\/product_cat?post=140278"},{"taxonomy":"product_tag","embeddable":true,"href":"https:\/\/staging.nbg.eu\/et\/wp-json\/wp\/v2\/product_tag?post=140278"}],"curies":[{"name":"wp","href":"https:\/\/api.w.org\/{rel}","templated":true}]}}