{"id":140145,"date":"2025-01-04T04:53:09","date_gmt":"2025-01-10T14:00:19","guid":{"rendered":"https:\/\/staging.nbg.eu\/product\/area-419-arcalock-12-universal-dovetail-rail\/"},"modified":"2025-01-10T14:02:13","modified_gmt":"2025-01-10T14:02:13","slug":"area-419-arcalock-12-universaalne-sabapesa-sein","status":"publish","type":"product","link":"https:\/\/staging.nbg.eu\/et\/toode\/area-419-arcalock-12-universaalne-sabapesa-sein\/","title":{"rendered":"Area 419 &#8211; ARCALOCK 12&#8243; universaalne sabapesa sein"},"content":{"rendered":"<div class=\"product-description\">\n<h2>Area 419 &#8211; ARCALOCK 12&#8243; Universaalne Kalasabarelsiin<\/h2>\n<p>Area 419 ARCALOCK 12&#8243; Universaalne Kalasabarelsiin t\u00e4psusvintp\u00fcssidele. Relsiin sisaldab j\u00e4rgmisi omadusi:<\/p>\n<ul>\n<li>Sakilised k\u00fcljed mehaaniliseks lukustumiseks Area 419 klambritega<\/li>\n<li>Tagasi\u00fchilduvus tavaliste Arca tarvikutega<\/li>\n<li>12&#8243; pikkus<\/li>\n<li>Kaal 4.1 untsi<\/li>\n<li>\u00dchildub RRS 1.5&#8243; kalasabastandardiga<\/li>\n<li>\u00dcmarad servad<\/li>\n<li>Mitu kinnituspunkti<\/li>\n<li>T\u00fc\u00fcp 3 k\u00f5vakatteanodeeritud 6061-T6 alumiinium<\/li>\n<li>Valmistatud USAs<\/li>\n<\/ul>\n<p>ARCALOCK relsiinis\u00fcsteem. MLOK riistvara ei kuulu komplekti.<\/p>\n<\/div>\n","protected":false},"excerpt":{"rendered":"<p>12-tolline lukustuv ARCA-siin t\u00e4psusvintp\u00fcssidele. MLOK-riistvara ei kuulu komplekti.<\/p>\n","protected":false},"featured_media":114646,"template":"","meta":{"_acf_changed":false},"product_brand":[11034],"product_cat":[722,610,390],"product_tag":[],"class_list":{"0":"post-140145","1":"product","2":"type-product","3":"status-publish","4":"has-post-thumbnail","6":"product_brand-area-419","7":"product_cat-rails-et","8":"product_cat-rifle-et","9":"product_cat-aiming","11":"first","12":"instock","13":"taxable","14":"shipping-taxable","15":"purchasable","16":"product-type-simple"},"acf":[],"_links":{"self":[{"href":"https:\/\/staging.nbg.eu\/et\/wp-json\/wp\/v2\/product\/140145","targetHints":{"allow":["GET"]}}],"collection":[{"href":"https:\/\/staging.nbg.eu\/et\/wp-json\/wp\/v2\/product"}],"about":[{"href":"https:\/\/staging.nbg.eu\/et\/wp-json\/wp\/v2\/types\/product"}],"wp:featuredmedia":[{"embeddable":true,"href":"https:\/\/staging.nbg.eu\/et\/wp-json\/wp\/v2\/media\/114646"}],"wp:attachment":[{"href":"https:\/\/staging.nbg.eu\/et\/wp-json\/wp\/v2\/media?parent=140145"}],"wp:term":[{"taxonomy":"product_brand","embeddable":true,"href":"https:\/\/staging.nbg.eu\/et\/wp-json\/wp\/v2\/product_brand?post=140145"},{"taxonomy":"product_cat","embeddable":true,"href":"https:\/\/staging.nbg.eu\/et\/wp-json\/wp\/v2\/product_cat?post=140145"},{"taxonomy":"product_tag","embeddable":true,"href":"https:\/\/staging.nbg.eu\/et\/wp-json\/wp\/v2\/product_tag?post=140145"}],"curies":[{"name":"wp","href":"https:\/\/api.w.org\/{rel}","templated":true}]}}