{"id":140034,"date":"2025-01-04T08:32:04","date_gmt":"2025-01-10T13:41:46","guid":{"rendered":"https:\/\/staging.nbg.eu\/product\/area-419-arcalock-17-universal-dovetail-rail\/"},"modified":"2025-01-10T13:43:42","modified_gmt":"2025-01-10T13:43:42","slug":"area-419-arcalock-17-universaalne-sabapesa-sein","status":"publish","type":"product","link":"https:\/\/staging.nbg.eu\/et\/toode\/area-419-arcalock-17-universaalne-sabapesa-sein\/","title":{"rendered":"Area 419 &#8211; ARCALOCK 17&#8243; universaalne sabapesa sein"},"content":{"rendered":"<div class=\"product-description\">\n<h2>Area 419 &#8211; ARCALOCK 17&#8243; Universaalne Kalasabarail<\/h2>\n<p>ARCALOCK Kalasabarail s\u00fcsteem. 17&#8243; rail sisaldab:<\/p>\n<ul>\n<li>Sakilised k\u00fcljed mehaaniliseks lukustuseks Area 419 klambritega<\/li>\n<li>Tagasi\u00fchilduvus standardsete Arca tarvikutega<\/li>\n<li>Vastab RRS 1.5&#8243; Kalasaba standardile<\/li>\n<li>Faasitud servad<\/li>\n<li>Mitu kinnituspunkti<\/li>\n<li>T\u00fc\u00fcp 3 k\u00f5vakatteanodeeritud 6061-T6 alumiiniumist konstruktsioon<\/li>\n<li>Valmistatud USA-s kohalikest materjalidest<\/li>\n<\/ul>\n<p>Sisaldab pikendatud Remington 700-stiilis tegevusekruvi ja kinnitusriistvara.<\/p>\n<p><em>M\u00e4rkus: Tagumine fikseeritud t\u00f5kesti ja MLOK riistvara ei kuulu komplekti.<\/em><\/p>\n<\/div>\n","protected":false},"excerpt":{"rendered":"<p>&#8220;Lukustuv ARCA r\u00f6\u00f6bas t\u00e4psusvintp\u00fcssidele. 17-tolline USA-toodetud alumiinium.&#8221;<\/p>\n","protected":false},"featured_media":116044,"template":"","meta":{"_acf_changed":false},"product_brand":[11034],"product_cat":[722,610,390],"product_tag":[],"class_list":{"0":"post-140034","1":"product","2":"type-product","3":"status-publish","4":"has-post-thumbnail","6":"product_brand-area-419","7":"product_cat-rails-et","8":"product_cat-rifle-et","9":"product_cat-aiming","11":"first","12":"instock","13":"taxable","14":"shipping-taxable","15":"purchasable","16":"product-type-simple"},"acf":[],"_links":{"self":[{"href":"https:\/\/staging.nbg.eu\/et\/wp-json\/wp\/v2\/product\/140034","targetHints":{"allow":["GET"]}}],"collection":[{"href":"https:\/\/staging.nbg.eu\/et\/wp-json\/wp\/v2\/product"}],"about":[{"href":"https:\/\/staging.nbg.eu\/et\/wp-json\/wp\/v2\/types\/product"}],"wp:featuredmedia":[{"embeddable":true,"href":"https:\/\/staging.nbg.eu\/et\/wp-json\/wp\/v2\/media\/116044"}],"wp:attachment":[{"href":"https:\/\/staging.nbg.eu\/et\/wp-json\/wp\/v2\/media?parent=140034"}],"wp:term":[{"taxonomy":"product_brand","embeddable":true,"href":"https:\/\/staging.nbg.eu\/et\/wp-json\/wp\/v2\/product_brand?post=140034"},{"taxonomy":"product_cat","embeddable":true,"href":"https:\/\/staging.nbg.eu\/et\/wp-json\/wp\/v2\/product_cat?post=140034"},{"taxonomy":"product_tag","embeddable":true,"href":"https:\/\/staging.nbg.eu\/et\/wp-json\/wp\/v2\/product_tag?post=140034"}],"curies":[{"name":"wp","href":"https:\/\/api.w.org\/{rel}","templated":true}]}}