{"id":139833,"date":"2025-01-04T06:50:31","date_gmt":"2025-01-10T13:07:46","guid":{"rendered":"https:\/\/staging.nbg.eu\/product\/area-419-arcalock-6-m-lok-dovetail-rail\/"},"modified":"2025-01-10T13:09:54","modified_gmt":"2025-01-10T13:09:54","slug":"area-419-arcalock-6-m-lok-sabapesa-sein","status":"publish","type":"product","link":"https:\/\/staging.nbg.eu\/et\/toode\/area-419-arcalock-6-m-lok-sabapesa-sein\/","title":{"rendered":"Area 419 &#8211; ARCALOCK 6&#8243; M-LOK sabapesa sein"},"content":{"rendered":"<div class=\"product-description\">\n<h2>Area 419 &#8211; ARCALOCK 6&#8243; M-LOK Kalasaba R\u00f6\u00f6bas<\/h2>\n<p><strong>M\u00e4rkus: Kinnitamiseks on vaja 3 j\u00e4rjestikust M-LOK pesa.<\/strong><\/p>\n<p>ARCALOCK Kalasaba R\u00f6\u00f6bass\u00fcsteem. See 6&#8243; r\u00f6\u00f6bas sisaldab:<\/p>\n<ul>\n<li>Sakilised k\u00fcljed Area 419 klambrite mehaaniliseks lukustamiseks<\/li>\n<li>\u00dchilduvus standardsete ARCA tarvikutega<\/li>\n<li>Kaal 2,2 untsi<\/li>\n<li>Vastab RRS 1,5&#8243; kalasaba standardile<\/li>\n<li>Faasitud servad ja \u00fcmardatud nurgad<\/li>\n<li>T\u00fc\u00fcp 3 k\u00f5vakatteanodeeritud 6061-T6 alumiinium<\/li>\n<li>Valmistatud USA-s kohalikest materjalidest<\/li>\n<\/ul>\n<p>Sisaldab vajalikke M-LOK kinnitusdetaile.<\/p>\n<\/div>\n","protected":false},"excerpt":{"rendered":"<p>Turvaline 6-tolline M-LOK kalasabasiiniga r\u00f6\u00f6bas lukustuss\u00e4lkudega. Valmistatud USAs.<\/p>\n","protected":false},"featured_media":114259,"template":"","meta":{"_acf_changed":false},"product_brand":[11034],"product_cat":[722,610],"product_tag":[],"class_list":{"0":"post-139833","1":"product","2":"type-product","3":"status-publish","4":"has-post-thumbnail","6":"product_brand-area-419","7":"product_cat-rails-et","8":"product_cat-rifle-et","10":"first","11":"instock","12":"taxable","13":"shipping-taxable","14":"purchasable","15":"product-type-variable","16":"wvs-archive-product-wrapper"},"acf":[],"_links":{"self":[{"href":"https:\/\/staging.nbg.eu\/et\/wp-json\/wp\/v2\/product\/139833","targetHints":{"allow":["GET"]}}],"collection":[{"href":"https:\/\/staging.nbg.eu\/et\/wp-json\/wp\/v2\/product"}],"about":[{"href":"https:\/\/staging.nbg.eu\/et\/wp-json\/wp\/v2\/types\/product"}],"wp:featuredmedia":[{"embeddable":true,"href":"https:\/\/staging.nbg.eu\/et\/wp-json\/wp\/v2\/media\/114259"}],"wp:attachment":[{"href":"https:\/\/staging.nbg.eu\/et\/wp-json\/wp\/v2\/media?parent=139833"}],"wp:term":[{"taxonomy":"product_brand","embeddable":true,"href":"https:\/\/staging.nbg.eu\/et\/wp-json\/wp\/v2\/product_brand?post=139833"},{"taxonomy":"product_cat","embeddable":true,"href":"https:\/\/staging.nbg.eu\/et\/wp-json\/wp\/v2\/product_cat?post=139833"},{"taxonomy":"product_tag","embeddable":true,"href":"https:\/\/staging.nbg.eu\/et\/wp-json\/wp\/v2\/product_tag?post=139833"}],"curies":[{"name":"wp","href":"https:\/\/api.w.org\/{rel}","templated":true}]}}