{"id":139403,"date":"2025-01-04T07:39:43","date_gmt":"2025-01-10T10:49:03","guid":{"rendered":"https:\/\/staging.nbg.eu\/product\/area-419-arcalock-fixed-barricade-block\/"},"modified":"2025-01-10T10:51:00","modified_gmt":"2025-01-10T10:51:00","slug":"area-419-arcalock-kinnitatud-barrikaadiblokk","status":"publish","type":"product","link":"https:\/\/staging.nbg.eu\/et\/toode\/area-419-arcalock-kinnitatud-barrikaadiblokk\/","title":{"rendered":"Area 419 &#8211; ARCALOCK kinnitatud barrikaadiblokk"},"content":{"rendered":"<div class=\"product-description\">\n<h2>Area 419 &#8211; ARCALOCK fikseeritud barrikaadiplokk<\/h2>\n<p>ARCALOCK fikseeritud barrikaadiplokk on m\u00f5eldud lamedate ARCALOCK r\u00f6\u00f6baste jaoks. See lisaseade libiseb 12&#8243; universaalsetele, M-LOK, Keymod ja MPA r\u00f6\u00f6bastele, pakkudes kindlat ja kohandatavat peatust.<\/p>\n<ul>\n<li>1-1\/8&#8243; k\u00f5rge r\u00f6\u00f6pa p\u00f5hjast<\/li>\n<li>Sooneline pind parema haarde jaoks<\/li>\n<li>Pigistusklambri disain seadekruviga stabiilsuse tagamiseks<\/li>\n<li>Valmistatud 6061-T6 alumiiniumist<\/li>\n<li>III t\u00fc\u00fcpi must k\u00f5vaanooditud viimistlus<\/li>\n<li>Sisaldab 3\/32&#8243; v\u00f5tit reguleerimiseks<\/li>\n<\/ul>\n<p>Kaalub 0,2 naela ja m\u00f5\u00f5tmed on 2&#8243; x 1,5&#8243; x 1,5&#8243;, see kompaktne plokk pakub vastupidavust ja t\u00e4psust.<\/p>\n<\/div>\n","protected":false},"excerpt":{"rendered":"<p>Turvaline, reguleeritav t\u00f5kestus ARCALOCK siinidele. Alumiiniumist, soonilise haardega.<\/p>\n","protected":false},"featured_media":115541,"template":"","meta":{"_acf_changed":false},"product_brand":[11034],"product_cat":[722,610,390],"product_tag":[],"class_list":{"0":"post-139403","1":"product","2":"type-product","3":"status-publish","4":"has-post-thumbnail","6":"product_brand-area-419","7":"product_cat-rails-et","8":"product_cat-rifle-et","9":"product_cat-aiming","11":"first","12":"instock","13":"taxable","14":"shipping-taxable","15":"purchasable","16":"product-type-simple"},"acf":[],"_links":{"self":[{"href":"https:\/\/staging.nbg.eu\/et\/wp-json\/wp\/v2\/product\/139403","targetHints":{"allow":["GET"]}}],"collection":[{"href":"https:\/\/staging.nbg.eu\/et\/wp-json\/wp\/v2\/product"}],"about":[{"href":"https:\/\/staging.nbg.eu\/et\/wp-json\/wp\/v2\/types\/product"}],"wp:featuredmedia":[{"embeddable":true,"href":"https:\/\/staging.nbg.eu\/et\/wp-json\/wp\/v2\/media\/115541"}],"wp:attachment":[{"href":"https:\/\/staging.nbg.eu\/et\/wp-json\/wp\/v2\/media?parent=139403"}],"wp:term":[{"taxonomy":"product_brand","embeddable":true,"href":"https:\/\/staging.nbg.eu\/et\/wp-json\/wp\/v2\/product_brand?post=139403"},{"taxonomy":"product_cat","embeddable":true,"href":"https:\/\/staging.nbg.eu\/et\/wp-json\/wp\/v2\/product_cat?post=139403"},{"taxonomy":"product_tag","embeddable":true,"href":"https:\/\/staging.nbg.eu\/et\/wp-json\/wp\/v2\/product_tag?post=139403"}],"curies":[{"name":"wp","href":"https:\/\/api.w.org\/{rel}","templated":true}]}}