{"id":139170,"date":"2025-01-04T11:14:34","date_gmt":"2025-01-04T11:14:34","guid":{"rendered":"https:\/\/staging.nbg.eu\/product\/fixed-scope-level-for-area-419-rings-and-mounts\/"},"modified":"2025-01-10T10:27:37","modified_gmt":"2025-01-10T10:27:37","slug":"fikseeritud-vaaterahu-tase-area-419-rongaste-ja-kinnituste-jaoks","status":"publish","type":"product","link":"https:\/\/staging.nbg.eu\/et\/toode\/fikseeritud-vaaterahu-tase-area-419-rongaste-ja-kinnituste-jaoks\/","title":{"rendered":"Fikseeritud vaaterahu tase Area 419 r\u00f5ngaste ja kinnituste jaoks"},"content":{"rendered":"<div class=\"product-description\">\n<h2>Fikseeritud sihiku lood Area 419 r\u00f5ngastele ja kinnitustele<\/h2>\n<p>Meie fikseeritud sihiku lood on m\u00f5eldud hea n\u00e4htavuse ja korratavuse jaoks. Selle loodi omadused on:<\/p>\n<ul>\n<li>H\u00e4sti n\u00e4htav vedelikuga viaal lihtsaks lugemiseks<\/li>\n<li>Mitmek\u00fclgne disain, mis sobib erinevate kinnituskohtadega<\/li>\n<li>Valmistatud vastupidavast 6061 alumiiniumist<\/li>\n<li>Toodetud Ameerikas kvaliteedi tagamiseks<\/li>\n<\/ul>\n<p>Sobib t\u00e4psuslaskuritele, kes vajavad t\u00e4psust ilma keerukuseta. Kinnitage see \u00fcksk\u00f5ik millisele meie r\u00f5ngale v\u00f5i kinnitusele vastavalt eelistusele.<\/p>\n<h3>Tehnilised andmed:<\/h3>\n<ul>\n<li>Kaal: 0,23 kg<\/li>\n<li>M\u00f5\u00f5tmed: 15,2 \u00d7 10,2 \u00d7 2,5 cm<\/li>\n<\/ul>\n<p>Fikseeritud sihiku lood &#8211; lihtsus ja t\u00e4psus.<\/p>\n<\/div>\n","protected":false},"excerpt":{"rendered":"<p>&#8220;N\u00e4htav, korratav sihiku tase. USA-s valmistatud alumiinium. Mitmek\u00fclgsed kinnitusviisid.&#8221;<\/p>\n","protected":false},"featured_media":118917,"template":"","meta":{"_acf_changed":false},"product_brand":[11034],"product_cat":[772,2908],"product_tag":[],"class_list":{"0":"post-139170","1":"product","2":"type-product","3":"status-publish","4":"has-post-thumbnail","6":"product_brand-area-419","7":"product_cat-aiming-et","8":"product_cat-aiming-accessories-et","10":"first","11":"instock","12":"taxable","13":"shipping-taxable","14":"purchasable","15":"product-type-simple"},"acf":[],"_links":{"self":[{"href":"https:\/\/staging.nbg.eu\/et\/wp-json\/wp\/v2\/product\/139170","targetHints":{"allow":["GET"]}}],"collection":[{"href":"https:\/\/staging.nbg.eu\/et\/wp-json\/wp\/v2\/product"}],"about":[{"href":"https:\/\/staging.nbg.eu\/et\/wp-json\/wp\/v2\/types\/product"}],"wp:featuredmedia":[{"embeddable":true,"href":"https:\/\/staging.nbg.eu\/et\/wp-json\/wp\/v2\/media\/118917"}],"wp:attachment":[{"href":"https:\/\/staging.nbg.eu\/et\/wp-json\/wp\/v2\/media?parent=139170"}],"wp:term":[{"taxonomy":"product_brand","embeddable":true,"href":"https:\/\/staging.nbg.eu\/et\/wp-json\/wp\/v2\/product_brand?post=139170"},{"taxonomy":"product_cat","embeddable":true,"href":"https:\/\/staging.nbg.eu\/et\/wp-json\/wp\/v2\/product_cat?post=139170"},{"taxonomy":"product_tag","embeddable":true,"href":"https:\/\/staging.nbg.eu\/et\/wp-json\/wp\/v2\/product_tag?post=139170"}],"curies":[{"name":"wp","href":"https:\/\/api.w.org\/{rel}","templated":true}]}}