{"id":139061,"date":"2025-01-04T11:21:50","date_gmt":"2025-01-04T11:21:50","guid":{"rendered":"https:\/\/staging.nbg.eu\/product\/area-419-master-funnel-kit\/"},"modified":"2025-01-10T10:22:15","modified_gmt":"2025-01-10T10:22:15","slug":"area-419-universaalne-lehter-komplekt","status":"publish","type":"product","link":"https:\/\/staging.nbg.eu\/et\/toode\/area-419-universaalne-lehter-komplekt\/","title":{"rendered":"Area 419 &#8211; universaalne lehter komplekt"},"content":{"rendered":"<h2>Area 419 &#8211; Pealehtri komplekt<\/h2>\n<p>Area 419 pealehtri komplekt sisaldab:<\/p>\n<ul>\n<li>1 lehtri korpus<\/li>\n<li>6 kaliibrip\u00f5hist v\u00e4rvikoodiga otsakut (22 cal, 6mm\/243, 6.5mm\/264, 7mm\/284, 30 cal, 338 cal)<\/li>\n<li>1 hoiustamisalus<\/li>\n<\/ul>\n<p>Valmistatud 6061-T6 alumiiniumist. Vahetatavad otsikud sobivad eri kaliibrite jaoks. Disaini omadused:<\/p>\n<ul>\n<li>Sooneline sisemus<\/li>\n<li>T\u00f6\u00f6deldud k\u00e4epidemed<\/li>\n<li>Siledam pind<\/li>\n<\/ul>\n<p>Toodetud Ameerika \u00dchendriikides.<\/p>\n","protected":false},"excerpt":{"rendered":"<p>Area 419 peamise lehtri komplekt: T\u00e4pne \u00fcmber laadimine 6 kaliibripeaga.<\/p>\n","protected":false},"featured_media":119061,"template":"","meta":{"_acf_changed":false},"product_brand":[11034],"product_cat":[1060,1224],"product_tag":[],"class_list":{"0":"post-139061","1":"product","2":"type-product","3":"status-publish","4":"has-post-thumbnail","6":"product_brand-area-419","7":"product_cat-reloading-et","8":"product_cat-reloading-accessories-et","10":"first","11":"instock","12":"taxable","13":"shipping-taxable","14":"purchasable","15":"product-type-simple"},"acf":[],"_links":{"self":[{"href":"https:\/\/staging.nbg.eu\/et\/wp-json\/wp\/v2\/product\/139061","targetHints":{"allow":["GET"]}}],"collection":[{"href":"https:\/\/staging.nbg.eu\/et\/wp-json\/wp\/v2\/product"}],"about":[{"href":"https:\/\/staging.nbg.eu\/et\/wp-json\/wp\/v2\/types\/product"}],"wp:featuredmedia":[{"embeddable":true,"href":"https:\/\/staging.nbg.eu\/et\/wp-json\/wp\/v2\/media\/119061"}],"wp:attachment":[{"href":"https:\/\/staging.nbg.eu\/et\/wp-json\/wp\/v2\/media?parent=139061"}],"wp:term":[{"taxonomy":"product_brand","embeddable":true,"href":"https:\/\/staging.nbg.eu\/et\/wp-json\/wp\/v2\/product_brand?post=139061"},{"taxonomy":"product_cat","embeddable":true,"href":"https:\/\/staging.nbg.eu\/et\/wp-json\/wp\/v2\/product_cat?post=139061"},{"taxonomy":"product_tag","embeddable":true,"href":"https:\/\/staging.nbg.eu\/et\/wp-json\/wp\/v2\/product_tag?post=139061"}],"curies":[{"name":"wp","href":"https:\/\/api.w.org\/{rel}","templated":true}]}}