{"id":138312,"date":"2025-01-04T04:14:08","date_gmt":"2025-01-09T20:34:00","guid":{"rendered":"https:\/\/staging.nbg.eu\/product\/area-419-remington-700-long-action-improved-scope-rail-isr-la\/"},"modified":"2025-01-09T20:36:24","modified_gmt":"2025-01-09T20:36:24","slug":"area-419-remington-700-pika-mehhanismiga-taeiustatud-sihiku-sein-isr-la","status":"publish","type":"product","link":"https:\/\/staging.nbg.eu\/et\/toode\/area-419-remington-700-pika-mehhanismiga-taeiustatud-sihiku-sein-isr-la\/","title":{"rendered":"Area 419 &#8211; Remington 700 pika mehhanismiga t\u00e4iustatud sihiku sein (ISR-LA)"},"content":{"rendered":"<div class=\"product-description\">\n<h2>Area 419 &#8211; Remington 700 pikale toimele parandatud sihiku r\u00f6\u00f6bas (ISR-LA)<\/h2>\n<p>Area 419 ISR-LA sihiku r\u00f6\u00f6bas. Valmistatud 7075 alumiiniumist, sellel r\u00f6\u00f6pal on j\u00e4rgmised omadused:<\/p>\n<ul>\n<li>Integreeritud tagasil\u00f6\u00f6gi keel suuremaks stabiilsuseks<\/li>\n<li>Saadaval t\u00e4isavadega ja ARC-\u00fclaosaga disainidega<\/li>\n<li>#6 ja #8 kruvidega \u00fchilduv<\/li>\n<li>20 MOA nurk pikema ulatuse jaoks<\/li>\n<li>MIL-STD-1913 standardile vastav<\/li>\n<li>III t\u00fc\u00fcpi k\u00f5va kattega must anodeeritud viimistlus<\/li>\n<\/ul>\n<p>Sisaldab kinnitusriistvara ja Torx T10 v\u00f5tit. Valige t\u00e4isavadega universaalse \u00fchilduvuse v\u00f5i ARC-\u00fclaosaga disaini vahel. M\u00f5\u00f5tmed: 8,25&#8243; \u00d7 1&#8243; \u00d7 1&#8243;, Kaal: 0,2 naela.<\/p>\n<\/div>\n","protected":false},"excerpt":{"rendered":"<p>T\u00e4ppistehnoloogiaga valmistatud 20 MOA optikakinnitus Remington 700 LA relvadele.<\/p>\n","protected":false},"featured_media":111601,"template":"","meta":{"_acf_changed":false},"product_brand":[11034],"product_cat":[722,610],"product_tag":[],"class_list":{"0":"post-138312","1":"product","2":"type-product","3":"status-publish","4":"has-post-thumbnail","6":"product_brand-area-419","7":"product_cat-rails-et","8":"product_cat-rifle-et","10":"first","11":"instock","12":"taxable","13":"shipping-taxable","14":"purchasable","15":"product-type-variable","16":"wvs-archive-product-wrapper"},"acf":[],"_links":{"self":[{"href":"https:\/\/staging.nbg.eu\/et\/wp-json\/wp\/v2\/product\/138312","targetHints":{"allow":["GET"]}}],"collection":[{"href":"https:\/\/staging.nbg.eu\/et\/wp-json\/wp\/v2\/product"}],"about":[{"href":"https:\/\/staging.nbg.eu\/et\/wp-json\/wp\/v2\/types\/product"}],"wp:featuredmedia":[{"embeddable":true,"href":"https:\/\/staging.nbg.eu\/et\/wp-json\/wp\/v2\/media\/111601"}],"wp:attachment":[{"href":"https:\/\/staging.nbg.eu\/et\/wp-json\/wp\/v2\/media?parent=138312"}],"wp:term":[{"taxonomy":"product_brand","embeddable":true,"href":"https:\/\/staging.nbg.eu\/et\/wp-json\/wp\/v2\/product_brand?post=138312"},{"taxonomy":"product_cat","embeddable":true,"href":"https:\/\/staging.nbg.eu\/et\/wp-json\/wp\/v2\/product_cat?post=138312"},{"taxonomy":"product_tag","embeddable":true,"href":"https:\/\/staging.nbg.eu\/et\/wp-json\/wp\/v2\/product_tag?post=138312"}],"curies":[{"name":"wp","href":"https:\/\/api.w.org\/{rel}","templated":true}]}}