{"id":137770,"date":"2025-01-04T10:53:28","date_gmt":"2025-01-04T10:53:28","guid":{"rendered":"https:\/\/staging.nbg.eu\/product\/area-419-harris-bipod-adapter\/"},"modified":"2025-01-09T15:57:45","modified_gmt":"2025-01-09T15:57:45","slug":"area-419-harris-jalgtoe-adapter","status":"publish","type":"product","link":"https:\/\/staging.nbg.eu\/et\/toode\/area-419-harris-jalgtoe-adapter\/","title":{"rendered":"Area 419 &#8211; Harris jalgtoe adapter"},"content":{"rendered":"<div class=\"product-description\">\n<h2>Area 419 &#8211; Harris Bipodi Adapter<\/h2>\n<p>Area 419 Adapter on m\u00f5eldud &#8220;S&#8221; (Swivel) t\u00fc\u00fcpi Harris Bipodidele. See adapter v\u00f5imaldab kinnitada bipodi ARCALOCK klambri alustele v\u00f5i Atlas Bipodi r\u00f6\u00f6pa adapteritele.<\/p>\n<ul>\n<li>Asendab originaalse p\u00f6\u00f6rleva tihvti kinnitusplatvormi<\/li>\n<li>\u00dchildub tehase pingutuskruviga v\u00f5i KMW Pod Loc&#8217;iga<\/li>\n<li>Valmistatud 6061-T6 alumiiniumist<\/li>\n<li>III t\u00fc\u00fcpi must anodeeritud viimistlus<\/li>\n<li>Kaal 0,2 naela<\/li>\n<li>M\u00f5\u00f5tmed: 1,5 \u00d7 1,5 \u00d7 1,5 tolli<\/li>\n<\/ul>\n<p><strong>M\u00e4rkus:<\/strong> Bipod ja klamber ei kuulu komplekti. Ei \u00fchildu Barricade Stop&#8217;iga.<\/p>\n<\/div>\n","protected":false},"excerpt":{"rendered":"<p>Kohandage Harris Swivel kahejalgset statiivi ARCALOCK v\u00f5i Atlas relsis\u00fcsteemidele.<\/p>\n","protected":false},"featured_media":117889,"template":"","meta":{"_acf_changed":false},"product_brand":[11034],"product_cat":[2950,722,610],"product_tag":[],"class_list":{"0":"post-137770","1":"product","2":"type-product","3":"status-publish","4":"has-post-thumbnail","6":"product_brand-area-419","7":"product_cat-bipods-et","8":"product_cat-rails-et","9":"product_cat-rifle-et","11":"first","12":"outofstock","13":"taxable","14":"shipping-taxable","15":"purchasable","16":"product-type-simple"},"acf":[],"_links":{"self":[{"href":"https:\/\/staging.nbg.eu\/et\/wp-json\/wp\/v2\/product\/137770","targetHints":{"allow":["GET"]}}],"collection":[{"href":"https:\/\/staging.nbg.eu\/et\/wp-json\/wp\/v2\/product"}],"about":[{"href":"https:\/\/staging.nbg.eu\/et\/wp-json\/wp\/v2\/types\/product"}],"wp:featuredmedia":[{"embeddable":true,"href":"https:\/\/staging.nbg.eu\/et\/wp-json\/wp\/v2\/media\/117889"}],"wp:attachment":[{"href":"https:\/\/staging.nbg.eu\/et\/wp-json\/wp\/v2\/media?parent=137770"}],"wp:term":[{"taxonomy":"product_brand","embeddable":true,"href":"https:\/\/staging.nbg.eu\/et\/wp-json\/wp\/v2\/product_brand?post=137770"},{"taxonomy":"product_cat","embeddable":true,"href":"https:\/\/staging.nbg.eu\/et\/wp-json\/wp\/v2\/product_cat?post=137770"},{"taxonomy":"product_tag","embeddable":true,"href":"https:\/\/staging.nbg.eu\/et\/wp-json\/wp\/v2\/product_tag?post=137770"}],"curies":[{"name":"wp","href":"https:\/\/api.w.org\/{rel}","templated":true}]}}