{"id":137408,"date":"2025-01-04T07:45:36","date_gmt":"2025-01-09T11:24:31","guid":{"rendered":"https:\/\/staging.nbg.eu\/product\/area-419-picatinny-1913-adapter-for-arcalock-clamps\/"},"modified":"2025-01-09T11:26:25","modified_gmt":"2025-01-09T11:26:25","slug":"area-419-picatinny1913-adapter-arcalock-kinnititele","status":"publish","type":"product","link":"https:\/\/staging.nbg.eu\/et\/toode\/area-419-picatinny1913-adapter-arcalock-kinnititele\/","title":{"rendered":"Area 419 &#8211; Picatinny\/1913 adapter ARCALOCK kinnititele"},"content":{"rendered":"<h2>Area 419 &#8211; Picatinny\/1913 adapter ARCALOCK klambrite jaoks<\/h2>\n<p>4-pesa Picatinny siini adapter, mis \u00fchildub meie ARCALOCK klambriga. See adapter v\u00f5imaldab kasutada Picatinny-\u00fchilduvaid bipoode teie olemasoleva seadistusega.<\/p>\n<h2>P\u00f5hiomadused:<\/h2>\n<ul>\n<li>\u00dchildub Atlas BT10 2-kruviga mudelite, Evo ja teiste pic-\u00fchilduvate bipoodidega<\/li>\n<li>Toodetud kohapeal<\/li>\n<li>Integreeritud rihmakinnitusaas<\/li>\n<li>Kerge ja kompaktne disain<\/li>\n<\/ul>\n<h2>Spetsifikatsioonid:<\/h2>\n<ul>\n<li>Kaal: 0,09 kg<\/li>\n<li>M\u00f5\u00f5tmed: 5,08 cm \u00d7 1,27 cm \u00d7 1,27 cm<\/li>\n<li>Tootja: B&amp;T Industries<\/li>\n<\/ul>\n<p>Uuendage oma ARCALOCK klamber.<\/p>\n","protected":false},"excerpt":{"rendered":"<p>4-pesa picrail ARCALOCK-klambrile, sobib Atlas ja Evo kahejalgadele.<\/p>\n","protected":false},"featured_media":115684,"template":"","meta":{"_acf_changed":false},"product_brand":[11034],"product_cat":[722,610,390],"product_tag":[],"class_list":{"0":"post-137408","1":"product","2":"type-product","3":"status-publish","4":"has-post-thumbnail","6":"product_brand-area-419","7":"product_cat-rails-et","8":"product_cat-rifle-et","9":"product_cat-aiming","11":"first","12":"instock","13":"taxable","14":"shipping-taxable","15":"purchasable","16":"product-type-simple"},"acf":[],"_links":{"self":[{"href":"https:\/\/staging.nbg.eu\/et\/wp-json\/wp\/v2\/product\/137408","targetHints":{"allow":["GET"]}}],"collection":[{"href":"https:\/\/staging.nbg.eu\/et\/wp-json\/wp\/v2\/product"}],"about":[{"href":"https:\/\/staging.nbg.eu\/et\/wp-json\/wp\/v2\/types\/product"}],"wp:featuredmedia":[{"embeddable":true,"href":"https:\/\/staging.nbg.eu\/et\/wp-json\/wp\/v2\/media\/115684"}],"wp:attachment":[{"href":"https:\/\/staging.nbg.eu\/et\/wp-json\/wp\/v2\/media?parent=137408"}],"wp:term":[{"taxonomy":"product_brand","embeddable":true,"href":"https:\/\/staging.nbg.eu\/et\/wp-json\/wp\/v2\/product_brand?post=137408"},{"taxonomy":"product_cat","embeddable":true,"href":"https:\/\/staging.nbg.eu\/et\/wp-json\/wp\/v2\/product_cat?post=137408"},{"taxonomy":"product_tag","embeddable":true,"href":"https:\/\/staging.nbg.eu\/et\/wp-json\/wp\/v2\/product_tag?post=137408"}],"curies":[{"name":"wp","href":"https:\/\/api.w.org\/{rel}","templated":true}]}}