{"id":137029,"date":"2024-01-30T18:18:15","date_gmt":"2024-01-30T18:18:15","guid":{"rendered":"https:\/\/staging.nbg.eu\/product\/geissele-gfr-6mm-arc-maritime-reconnaissance-18-rifle-ddc\/"},"modified":"2025-01-09T10:23:03","modified_gmt":"2025-01-09T10:23:03","slug":"geissele-gfr-6mm-arc-mereluuret-18-vintraud-ddc","status":"publish","type":"product","link":"https:\/\/staging.nbg.eu\/et\/toode\/geissele-gfr-6mm-arc-mereluuret-18-vintraud-ddc\/","title":{"rendered":"Geissele GFR 6MM ARC mereluuret, 18&#8243;, vintraud &#8211; DDC"},"content":{"rendered":"<div class=\"product-description\">\n<h2>Geissele GFR 6MM ARC Mereluurep\u00fcss &#8211; DDC<\/h2>\n<p>Geissele Freedom Rifle (GFR) 18&#8243; Mereluurep\u00fcss on AR15 t\u00fc\u00fcpi relv. See relv \u00fchendab t\u00e4pse konstruktsiooni ja tehnoloogia.<\/p>\n<h2>P\u00f5hiomadused:<\/h2>\n<ul>\n<li>18&#8243; kroomitud, k\u00fclmt\u00f6\u00f6deldud toru (1:7.5 keere)<\/li>\n<li>6MM ARC kaliibriga pikamaa t\u00e4psus<\/li>\n<li>GFR-E p\u00e4\u00e4stik Nanoweapon kattega<\/li>\n<li>Usaldusv\u00e4\u00e4rne Bolt Carrier Group (REBCG) Nanoweapon kattega<\/li>\n<li>16.5&#8243; MK16 Super Modular relsis\u00fcsteem keskjoondusega<\/li>\n<li>HUXWRX leegisummuti-QD 6MM ARC summuti-valmidusega suudmeseade<\/li>\n<li>Geissele Super laadimisk\u00e4epide ja Maritime lukustushoob<\/li>\n<li>Geissele SBS p\u00fcssikaba nelja QD rihmaaasaga<\/li>\n<li>Super 42 puhvers\u00fcsteem<\/li>\n<li>Desert Dirt Color (DDC) viimistlus<\/li>\n<\/ul>\n<h2>Tehnilised andmed:<\/h2>\n<ul>\n<li>Pikkus (kokkupandult): 36 1\/8&#8243;<\/li>\n<li>Pikkus (v\u00e4ljat\u00f5mmatult): 39 3\/8&#8243;<\/li>\n<li>Kaal: umbes 7.8 naela<\/li>\n<li>Gaasis\u00fcsteem: Rifle Length +1<\/li>\n<li>Gaasiblokk: Antistrike Super Compact<\/li>\n<\/ul>\n<p>GFR Mereluurep\u00fcssil on Geissele Nanoweapon kate, mis kaitseb korrosiooni, kulumise ja h\u00f5\u00f5rdumise eest. See pind v\u00f5imaldab lihtsat puhastamist ja t\u00f6\u00f6kindlust minimaalse m\u00e4\u00e4rimisega.<\/p>\n<p>Geissele GFR 6MM ARC Mereluurep\u00fcss on uuenduslik ja t\u00e4pne relv.<\/p>\n<\/div>\n","protected":false},"excerpt":{"rendered":"<p>T\u00e4ppistoodetud 18-tolline 6MM ARC p\u00fcss edasij\u00f5udnud omadustega merekasutuseks.<\/p>\n","protected":false},"featured_media":81516,"template":"","meta":{"_acf_changed":false},"product_brand":[11385],"product_cat":[2211,610],"product_tag":[],"class_list":{"0":"post-137029","1":"product","2":"type-product","3":"status-publish","4":"has-post-thumbnail","6":"product_brand-geissele","7":"product_cat-carbines-et","8":"product_cat-rifle-et","10":"first","11":"instock","12":"taxable","13":"shipping-taxable","14":"product-type-simple"},"acf":[],"_links":{"self":[{"href":"https:\/\/staging.nbg.eu\/et\/wp-json\/wp\/v2\/product\/137029","targetHints":{"allow":["GET"]}}],"collection":[{"href":"https:\/\/staging.nbg.eu\/et\/wp-json\/wp\/v2\/product"}],"about":[{"href":"https:\/\/staging.nbg.eu\/et\/wp-json\/wp\/v2\/types\/product"}],"wp:featuredmedia":[{"embeddable":true,"href":"https:\/\/staging.nbg.eu\/et\/wp-json\/wp\/v2\/media\/81516"}],"wp:attachment":[{"href":"https:\/\/staging.nbg.eu\/et\/wp-json\/wp\/v2\/media?parent=137029"}],"wp:term":[{"taxonomy":"product_brand","embeddable":true,"href":"https:\/\/staging.nbg.eu\/et\/wp-json\/wp\/v2\/product_brand?post=137029"},{"taxonomy":"product_cat","embeddable":true,"href":"https:\/\/staging.nbg.eu\/et\/wp-json\/wp\/v2\/product_cat?post=137029"},{"taxonomy":"product_tag","embeddable":true,"href":"https:\/\/staging.nbg.eu\/et\/wp-json\/wp\/v2\/product_tag?post=137029"}],"curies":[{"name":"wp","href":"https:\/\/api.w.org\/{rel}","templated":true}]}}