{"id":136783,"date":"2024-11-26T18:19:06","date_gmt":"2024-11-26T18:19:06","guid":{"rendered":"https:\/\/staging.nbg.eu\/product\/geissele-border-patrol-rifle-14-5-5-56mm-black\/"},"modified":"2025-01-09T09:52:59","modified_gmt":"2025-01-09T09:52:59","slug":"geissele-piirivalve-vintraud-145-556mm-must","status":"publish","type":"product","link":"https:\/\/staging.nbg.eu\/et\/toode\/geissele-piirivalve-vintraud-145-556mm-must\/","title":{"rendered":"Geissele piirivalve vintraud, 14.5&#8243;, 5.56MM &#8211; must"},"content":{"rendered":"<div class=\"product-description\">\n<h2>Geissele piirivalve p\u00fcss, 14.5&#8243;, 5.56MM &#8211; Must<\/h2>\n<p>Geissele piirivalve p\u00fcss on teenistusrelv, mis on m\u00f5eldud usaldusv\u00e4\u00e4rseks kasutamiseks. See AR-15 pakub aastatepikkust t\u00f6\u00f6kindlust karmides tingimustes.<\/p>\n<h2>P\u00f5hiomadused:<\/h2>\n<ul>\n<li>14.5&#8243; k\u00fclmalt sepistatud (CHF) rauaga, kroomitud \u00f5\u00f5nega<\/li>\n<li>1:7 vindisamm ja 5.56x45mm NATO padrunipesa<\/li>\n<li>Keskmise pikkusega gaasi\u00fcsteem 17-4 roostevabast terasest gaasiplokiga<\/li>\n<li>12.6&#8243; MK20 Super modulaarne relsis\u00fcsteem M-Lok kinnitustega<\/li>\n<li>Super Duty sepistatud 7075 T6 alumiiniumist \u00fclemine ja alumine relvaraam<\/li>\n<li>Geissele Government laadesang m\u00f5lema k\u00e4e kasutuseks<\/li>\n<li>H2 puhver ja punutud traadist puhvervedru t\u00f6\u00f6kindluse suurendamiseks<\/li>\n<li>ALG Defense Advanced Combat p\u00e4\u00e4stik nikkel-boori kattega<\/li>\n<li>Mangaanfosfaadiga kaetud Geissele lukuraami kandur ja lukk<\/li>\n<li>Pikendatud A2 suudmepidur (p\u00fcsivalt kinnitatud)<\/li>\n<li>BCM Mod 0 p\u00fcssikaba ja B5 k\u00e4epide Geissele logoga<\/li>\n<\/ul>\n<p>Piirivalve p\u00fcss on m\u00f5eldud kergeks k\u00e4sitsemiseks ja t\u00f6\u00f6kindluseks. Iga komponent on valitud tagamaks pikaajaline kasutus karmides tingimustes.<\/p>\n<p><strong>Kaal:<\/strong> Umbes 6.3 naela<br \/>\n  <strong>Pikkus:<\/strong> 31&#8243; (kokkupanduna) &#8211; 34 1\/4&#8243; (pikendatuna)<\/p>\n<p><em>M\u00e4rkus: Sellel p\u00fcssil on p\u00fcsivalt kinnitatud suudmepidur, et vastata seaduslikele rauapikkuse n\u00f5uetele. Muutmine v\u00f5ib tuua kaasa NFA regulatsioonide kohaldumise. Ostja vastutab k\u00f5igist kohaldatavatest seadustest kinnipidamise eest.<\/em><\/p>\n<\/div>\n","protected":false},"excerpt":{"rendered":"<p>Usaldusv\u00e4\u00e4rne 14,5-tolline 5,56 mm teenistusrelv premium-omadustega karmi keskkonna jaoks.<\/p>\n","protected":false},"featured_media":191345,"template":"","meta":{"_acf_changed":false},"product_brand":[11385],"product_cat":[2211,610],"product_tag":[],"class_list":{"0":"post-136783","1":"product","2":"type-product","3":"status-publish","4":"has-post-thumbnail","6":"product_brand-geissele","7":"product_cat-carbines-et","8":"product_cat-rifle-et","10":"first","11":"instock","12":"taxable","13":"shipping-taxable","14":"product-type-simple"},"acf":[],"_links":{"self":[{"href":"https:\/\/staging.nbg.eu\/et\/wp-json\/wp\/v2\/product\/136783","targetHints":{"allow":["GET"]}}],"collection":[{"href":"https:\/\/staging.nbg.eu\/et\/wp-json\/wp\/v2\/product"}],"about":[{"href":"https:\/\/staging.nbg.eu\/et\/wp-json\/wp\/v2\/types\/product"}],"wp:featuredmedia":[{"embeddable":true,"href":"https:\/\/staging.nbg.eu\/et\/wp-json\/wp\/v2\/media\/191345"}],"wp:attachment":[{"href":"https:\/\/staging.nbg.eu\/et\/wp-json\/wp\/v2\/media?parent=136783"}],"wp:term":[{"taxonomy":"product_brand","embeddable":true,"href":"https:\/\/staging.nbg.eu\/et\/wp-json\/wp\/v2\/product_brand?post=136783"},{"taxonomy":"product_cat","embeddable":true,"href":"https:\/\/staging.nbg.eu\/et\/wp-json\/wp\/v2\/product_cat?post=136783"},{"taxonomy":"product_tag","embeddable":true,"href":"https:\/\/staging.nbg.eu\/et\/wp-json\/wp\/v2\/product_tag?post=136783"}],"curies":[{"name":"wp","href":"https:\/\/api.w.org\/{rel}","templated":true}]}}