{"id":136679,"date":"2024-11-26T18:21:35","date_gmt":"2025-01-09T09:43:56","guid":{"rendered":"https:\/\/staging.nbg.eu\/product\/geissele-border-patrol-pistol-11-5-5-56mm-black\/"},"modified":"2025-02-04T09:18:01","modified_gmt":"2025-02-04T09:18:01","slug":"geissele-piirivalve-puestol-115-556mm-must","status":"publish","type":"product","link":"https:\/\/staging.nbg.eu\/et\/toode\/geissele-piirivalve-puestol-115-556mm-must\/","title":{"rendered":"Geissele piirivalve p\u00fcstol, 11.5&#8243;, 5.56MM &#8211; must"},"content":{"rendered":"<h2>Geissele piirivalve p\u00fcstol, 11,5&#8243;, 5,56MM &#8211; Must<\/h2>\n<p>Geissele piirivalve p\u00fcstol on t\u00e4ielikult varustatud AR-15 p\u00fcstol, mis on loodud usaldusv\u00e4\u00e4rseks kasutamiseks n\u00f5udlikes tingimustes. See kerge ja man\u00f6\u00f6verdatav relv pakub head j\u00f5udlust ja vastupidavust.<\/p>\n<h2>Peamised omadused:<\/h2>\n<ul>\n<li>11,5&#8243; k\u00fclmtaotud raud kroomitud \u00f5\u00f5nega ja 1:7 vindikeeruga<\/li>\n<li>Karabiin-pikkusega gaasis\u00fcsteem 17-4 roostevabast terasest gaasiblokiga<\/li>\n<li>9,6&#8243; MK20 Super modulaarne relsis\u00fcsteem M-Lok pesadega<\/li>\n<li>Super Duty sepistatud 7075 T6 alumiiniumist \u00fclemine ja alumine vastuv\u00f5tja<\/li>\n<li>Geissele valitsuse laadimisk\u00e4epide m\u00f5lemak\u00e4eliseks kasutamiseks<\/li>\n<li>H2 puhver p\u00f5imitud traadist puhvrivedru usaldusv\u00e4\u00e4ruse t\u00f5stmiseks<\/li>\n<li>ALG Defense&#8217;i t\u00e4iustatud lahingup\u00e4\u00e4stik nikkel-boori kattega<\/li>\n<li>SB Tactical SBA3 p\u00fcstoli\u00f5lgtugi<\/li>\n<\/ul>\n<h2>Tehnilised andmed:<\/h2>\n<ul>\n<li>Kaliiber: 5,56MM NATO<\/li>\n<li>Kaal: Ligikaudu 2,7 kg<\/li>\n<li>Pikkus: 69,9 cm (kokkupandult) kuni 76,2 cm (pikendatult)<\/li>\n<li>Lukuraami grupp: Mangaanfosfaadiga kaetud Geissele lukuraami grupp<\/li>\n<li>Suudmeseade: A2 leegisummuti<\/li>\n<\/ul>\n<p>Piirivalve p\u00fcstol \u00fchendab mil-spec omadused j\u00f5udluse parendustega, muutes selle heaks valikuks neile, kes otsivad usaldusv\u00e4\u00e4rset ja vastupidavat AR-15 p\u00fcstolit pikemaks kasutamiseks rasketes tingimustes.<\/p>\n","protected":false},"excerpt":{"rendered":"<p>Kompaktne 11,5-tolline AR-p\u00fcstol kvaliteetsete komponentidega tagamaks usaldusv\u00e4\u00e4rsust ja j\u00f5udlust.<\/p>\n","protected":false},"featured_media":191297,"template":"","meta":{"_acf_changed":false},"product_brand":[11385],"product_cat":[2211,610],"product_tag":[],"class_list":{"0":"post-136679","1":"product","2":"type-product","3":"status-publish","4":"has-post-thumbnail","6":"product_brand-geissele","7":"product_cat-carbines-et","8":"product_cat-rifle-et","10":"first","11":"instock","12":"taxable","13":"shipping-taxable","14":"product-type-simple"},"acf":[],"_links":{"self":[{"href":"https:\/\/staging.nbg.eu\/et\/wp-json\/wp\/v2\/product\/136679","targetHints":{"allow":["GET"]}}],"collection":[{"href":"https:\/\/staging.nbg.eu\/et\/wp-json\/wp\/v2\/product"}],"about":[{"href":"https:\/\/staging.nbg.eu\/et\/wp-json\/wp\/v2\/types\/product"}],"wp:featuredmedia":[{"embeddable":true,"href":"https:\/\/staging.nbg.eu\/et\/wp-json\/wp\/v2\/media\/191297"}],"wp:attachment":[{"href":"https:\/\/staging.nbg.eu\/et\/wp-json\/wp\/v2\/media?parent=136679"}],"wp:term":[{"taxonomy":"product_brand","embeddable":true,"href":"https:\/\/staging.nbg.eu\/et\/wp-json\/wp\/v2\/product_brand?post=136679"},{"taxonomy":"product_cat","embeddable":true,"href":"https:\/\/staging.nbg.eu\/et\/wp-json\/wp\/v2\/product_cat?post=136679"},{"taxonomy":"product_tag","embeddable":true,"href":"https:\/\/staging.nbg.eu\/et\/wp-json\/wp\/v2\/product_tag?post=136679"}],"curies":[{"name":"wp","href":"https:\/\/api.w.org\/{rel}","templated":true}]}}