{"id":136555,"date":"2024-11-26T10:16:42","date_gmt":"2024-11-26T10:16:42","guid":{"rendered":"https:\/\/staging.nbg.eu\/product\/geissele-alg-defense-barrel-nut-wrench\/"},"modified":"2025-01-09T09:20:34","modified_gmt":"2025-01-09T09:20:34","slug":"geissele-alg-defense-torumutri-voti","status":"publish","type":"product","link":"https:\/\/staging.nbg.eu\/et\/toode\/geissele-alg-defense-torumutri-voti\/","title":{"rendered":"Geissele ALG Defense torumutri v\u00f5ti"},"content":{"rendered":"<div class=\"product-description\">\n<h2>ALG Defense&#8217;i relvatorumutri v\u00f5ti<\/h2>\n<p>ALG Defense&#8217;i relvatorumutri v\u00f5ti on t\u00f6\u00f6riist tulirelvade entusiastidele ja relvasepadele. See v\u00f5ti v\u00f5imaldab:<\/p>\n<ul>\n<li>Rakendada \u00f5iget p\u00f6\u00f6rdemomenti relvatorumutrile<\/li>\n<li>Joondada relvatorumutrit gaasitoruga samaaegselt<\/li>\n<li>Paigaldada ALG Defense&#8217;i relsis\u00fcsteeme ilma p\u00f6\u00f6rdemomendiv\u00f5tmeta<\/li>\n<\/ul>\n<p>See v\u00f5ti lihtsustab paigaldusprotsessi. Selle disain tagab j\u00e4rjepidevad tulemused igal kasutuskorral.<\/p>\n<p>ALG Defense&#8217;i relvatorumutri v\u00f5ti on t\u00f6\u00f6riist tulirelvade kokkupanekuks ja hoolduseks.<\/p>\n<\/div>\n","protected":false},"excerpt":{"rendered":"<p>ALG Defense raudmutriv\u00f5ti: Lihtne pingutada ja indekseerida, lisatarvikuid pole vaja.<\/p>\n","protected":false},"featured_media":81236,"template":"","meta":{"_acf_changed":false},"product_brand":[11385],"product_cat":[611],"product_tag":[],"class_list":{"0":"post-136555","1":"product","2":"type-product","3":"status-publish","4":"has-post-thumbnail","6":"product_brand-geissele","7":"product_cat-rifle-parts-et","9":"first","10":"instock","11":"taxable","12":"shipping-taxable","13":"product-type-simple"},"acf":[],"_links":{"self":[{"href":"https:\/\/staging.nbg.eu\/et\/wp-json\/wp\/v2\/product\/136555","targetHints":{"allow":["GET"]}}],"collection":[{"href":"https:\/\/staging.nbg.eu\/et\/wp-json\/wp\/v2\/product"}],"about":[{"href":"https:\/\/staging.nbg.eu\/et\/wp-json\/wp\/v2\/types\/product"}],"wp:featuredmedia":[{"embeddable":true,"href":"https:\/\/staging.nbg.eu\/et\/wp-json\/wp\/v2\/media\/81236"}],"wp:attachment":[{"href":"https:\/\/staging.nbg.eu\/et\/wp-json\/wp\/v2\/media?parent=136555"}],"wp:term":[{"taxonomy":"product_brand","embeddable":true,"href":"https:\/\/staging.nbg.eu\/et\/wp-json\/wp\/v2\/product_brand?post=136555"},{"taxonomy":"product_cat","embeddable":true,"href":"https:\/\/staging.nbg.eu\/et\/wp-json\/wp\/v2\/product_cat?post=136555"},{"taxonomy":"product_tag","embeddable":true,"href":"https:\/\/staging.nbg.eu\/et\/wp-json\/wp\/v2\/product_tag?post=136555"}],"curies":[{"name":"wp","href":"https:\/\/api.w.org\/{rel}","templated":true}]}}