{"id":134761,"date":"2024-11-26T10:13:16","date_gmt":"2024-11-26T10:13:16","guid":{"rendered":"https:\/\/staging.nbg.eu\/product\/geissele-ak-high-energy-main-spring\/"},"modified":"2025-01-08T19:00:02","modified_gmt":"2025-01-08T19:00:02","slug":"geissele-ak-korge-energia-peaveeder","status":"publish","type":"product","link":"https:\/\/staging.nbg.eu\/et\/toode\/geissele-ak-korge-energia-peaveeder\/","title":{"rendered":"Geissele AK k\u00f5rge energia peaveeder"},"content":{"rendered":"<div class=\"product-description\">\n<h2>Geissele AK peavedru<\/h2>\n<p>Geissele AK peavedru AK47\/74 platvormile. Selle asendusvedru omadused:<\/p>\n<ul>\n<li>Kroom-r\u00e4ni \u00fchest traadist konstruktsioon<\/li>\n<li>Valmistatud vastavalt ASTM A401 spetsifikatsioonidele<\/li>\n<li>25% suurem p\u00f6\u00f6rdemoment v\u00f5rreldes tavaliste tehasevedrudega<\/li>\n<li>L\u00fchendatud lukustusaeg<\/li>\n<li>Parem s\u00fctiku s\u00fc\u00fctamise \u00fchtlus<\/li>\n<\/ul>\n<p>Vedru on m\u00f5eldud AK relva t\u00f6\u00f6kindluse ja reageerimise parandamiseks. Geissele AK peavedru tagab parema j\u00f5udluse ja \u00fchtluse iga lasu puhul.<\/p>\n<\/div>\n","protected":false},"excerpt":{"rendered":"<p>Suurenda AK47\/74 j\u00f5udlust selle k\u00f5rge energiaga asendusverduga.<\/p>\n","protected":false},"featured_media":81143,"template":"","meta":{"_acf_changed":false},"product_brand":[11385],"product_cat":[1354],"product_tag":[],"class_list":{"0":"post-134761","1":"product","2":"type-product","3":"status-publish","4":"has-post-thumbnail","6":"product_brand-geissele","7":"product_cat-ak-tuning-et","9":"first","10":"instock","11":"taxable","12":"shipping-taxable","13":"product-type-simple"},"acf":[],"_links":{"self":[{"href":"https:\/\/staging.nbg.eu\/et\/wp-json\/wp\/v2\/product\/134761","targetHints":{"allow":["GET"]}}],"collection":[{"href":"https:\/\/staging.nbg.eu\/et\/wp-json\/wp\/v2\/product"}],"about":[{"href":"https:\/\/staging.nbg.eu\/et\/wp-json\/wp\/v2\/types\/product"}],"wp:featuredmedia":[{"embeddable":true,"href":"https:\/\/staging.nbg.eu\/et\/wp-json\/wp\/v2\/media\/81143"}],"wp:attachment":[{"href":"https:\/\/staging.nbg.eu\/et\/wp-json\/wp\/v2\/media?parent=134761"}],"wp:term":[{"taxonomy":"product_brand","embeddable":true,"href":"https:\/\/staging.nbg.eu\/et\/wp-json\/wp\/v2\/product_brand?post=134761"},{"taxonomy":"product_cat","embeddable":true,"href":"https:\/\/staging.nbg.eu\/et\/wp-json\/wp\/v2\/product_cat?post=134761"},{"taxonomy":"product_tag","embeddable":true,"href":"https:\/\/staging.nbg.eu\/et\/wp-json\/wp\/v2\/product_tag?post=134761"}],"curies":[{"name":"wp","href":"https:\/\/api.w.org\/{rel}","templated":true}]}}