{"id":134628,"date":"2024-11-04T19:18:31","date_gmt":"2025-01-08T18:09:29","guid":{"rendered":"https:\/\/staging.nbg.eu\/product\/tinck-arms-semi-automatic-carbine-perun-x17-12-5\/"},"modified":"2025-01-08T18:10:48","modified_gmt":"2025-01-08T18:10:48","slug":"tinck-arms-poolautomaatne-karabiin-perun-x17-125","status":"publish","type":"product","link":"https:\/\/staging.nbg.eu\/et\/toode\/tinck-arms-poolautomaatne-karabiin-perun-x17-125\/","title":{"rendered":"Tinck Arms poolautomaatne karabiin Perun X17 &#8211; 12.5&#8243;"},"content":{"rendered":"<div class=\"product-description\">\n<h2>Tinck Arms Perun X17 &#8211; 12,5&#8243; poolautomaatne karabiin<\/h2>\n<p>Perun X17 on poolautomaatne karabiin, mis on loodud spordik\u00fcttide, \u00f5iguskaitseorganite ja s\u00f5jav\u00e4elaste vajadusteks. See p\u00f5hineb AR10 s\u00fcsteemil ja sisaldab patenteeritud tehnoloogiat.<\/p>\n<h2>P\u00f5hiomadused:<\/h2>\n<ul>\n<li>Tasakaal ja k\u00e4sitsemine t\u00e4psuse parandamiseks<\/li>\n<li>Sujuv laskmine v\u00e4hendab v\u00e4simust<\/li>\n<li>\u00dchilduvus AR10 platvormi osadega<\/li>\n<li>M\u00f5lemak\u00e4elised juhtnupud<\/li>\n<li>H\u00fcbriidne otsetoimega ja l\u00fchikese k\u00e4iguga kolvi s\u00fcsteem<\/li>\n<\/ul>\n<h2>Tehnilised andmed:<\/h2>\n<ul>\n<li>Kaliber: 7,62x51mm NATO (.308 Win) v\u00f5i 6,5 Creedmoor<\/li>\n<li>T\u00f6\u00f6p\u00f5him\u00f5te: Poolautomaatne<\/li>\n<li>Relvaraua pikkus: 12,5&#8243; (Standardsed AR10 rauad)<\/li>\n<li>Vindi samm: 1:12&#8243;<\/li>\n<li>\u00dcldpikkus: 23,8&#8243; (605mm) kokkupandult \/ 40,9&#8243; (1040mm) pikendatult<\/li>\n<li>Laius: 2,2&#8243; (56mm) koos laadimisk\u00e4epidemega, 2,5&#8243; (64mm) kokku<\/li>\n<li>K\u00f5rgus: 8,3&#8243; (210mm) 10-lasulise salve korral<\/li>\n<li>Kaal: 8,15 naela (3,7kg) 20-lasulise salvega<\/li>\n<li>Sihiku pikkus: 11,8&#8243; (300mm) \/ 13,4&#8243; (340mm)<\/li>\n<\/ul>\n<h2>Lisaomadused:<\/h2>\n<ul>\n<li>Integreeritud 3-kambriline suudmepidur 5\/8&#215;24 keermega summuti \u00fchendusega<\/li>\n<li>1+3 NAR siinid lisaseadmete kinnitamiseks<\/li>\n<li>Mitteliikuv laadimisk\u00e4epide<\/li>\n<li>\u00dchildub 10-, 20- ja 25-lasuliste pol\u00fcmeersalvedega<\/li>\n<li>Masada kokkupandav v\u00f5i MFT p\u00fcss AR-15 puhvritorul<\/li>\n<li>\u00dclesliigutatavad varusihikud kaasas<\/li>\n<\/ul>\n<p>Perun X17 on poolautomaatne karabiin, mis pakub j\u00f5udlust ja kohanemisv\u00f5imet. See sobib v\u00f5istlus-, \u00f5iguskaitse- ja s\u00f5jav\u00e4elastele.<\/p>\n<p>Iga Perun X17 komplektis on \u00fcks salv (10, 20 v\u00f5i 25 lasku) ja kasutusjuhend.<\/p>\n<\/div>\n","protected":false},"excerpt":{"rendered":"<p>Mitmek\u00fclgne 7,62 mm karabiin 12,5-tollise rauaga, sujuva laskmisega ja AR10-ga \u00fchilduv.<\/p>\n","protected":false},"featured_media":77482,"template":"","meta":{"_acf_changed":false},"product_brand":[11911],"product_cat":[2211,610],"product_tag":[],"class_list":{"0":"post-134628","1":"product","2":"type-product","3":"status-publish","4":"has-post-thumbnail","6":"product_brand-tinck-arms","7":"product_cat-carbines-et","8":"product_cat-rifle-et","10":"first","11":"instock","12":"taxable","13":"shipping-taxable","14":"purchasable","15":"product-type-simple"},"acf":[],"_links":{"self":[{"href":"https:\/\/staging.nbg.eu\/et\/wp-json\/wp\/v2\/product\/134628","targetHints":{"allow":["GET"]}}],"collection":[{"href":"https:\/\/staging.nbg.eu\/et\/wp-json\/wp\/v2\/product"}],"about":[{"href":"https:\/\/staging.nbg.eu\/et\/wp-json\/wp\/v2\/types\/product"}],"wp:featuredmedia":[{"embeddable":true,"href":"https:\/\/staging.nbg.eu\/et\/wp-json\/wp\/v2\/media\/77482"}],"wp:attachment":[{"href":"https:\/\/staging.nbg.eu\/et\/wp-json\/wp\/v2\/media?parent=134628"}],"wp:term":[{"taxonomy":"product_brand","embeddable":true,"href":"https:\/\/staging.nbg.eu\/et\/wp-json\/wp\/v2\/product_brand?post=134628"},{"taxonomy":"product_cat","embeddable":true,"href":"https:\/\/staging.nbg.eu\/et\/wp-json\/wp\/v2\/product_cat?post=134628"},{"taxonomy":"product_tag","embeddable":true,"href":"https:\/\/staging.nbg.eu\/et\/wp-json\/wp\/v2\/product_tag?post=134628"}],"curies":[{"name":"wp","href":"https:\/\/api.w.org\/{rel}","templated":true}]}}