{"id":134215,"date":"2024-11-17T08:22:03","date_gmt":"2025-01-08T17:28:36","guid":{"rendered":"https:\/\/staging.nbg.eu\/product\/geissele-ak-recoil-spring\/"},"modified":"2025-01-08T17:30:34","modified_gmt":"2025-01-08T17:30:34","slug":"geissele-ak-tagasiloeoegveder","status":"publish","type":"product","link":"https:\/\/staging.nbg.eu\/et\/toode\/geissele-ak-tagasiloeoegveder\/","title":{"rendered":"Geissele AK tagasil\u00f6\u00f6gveder"},"content":{"rendered":"<div class=\"product-description\">\n<h2>Geissele AK tagasil\u00f6\u00f6givedrur<\/h2>\n<p>ALG AK tagasil\u00f6\u00f6givedrur AK-le. See disain pakub vastupidavust ja usaldusv\u00e4\u00e4rsust teie tulirelvale.<\/p>\n<ul>\n<li>Valmistatud kroom-r\u00e4ni terasest<\/li>\n<li>Vastupidav l\u00f6\u00f6gile ja l\u00f5dvenemisele<\/li>\n<li>2-3 mittet\u00f6\u00f6tava keeruga disain keskel<\/li>\n<li>Hoiab \u00e4ra harmoonilise kahjustuse ja s\u00e4ilitab vaba pikkuse<\/li>\n<\/ul>\n<p>See vedrur on loodud pikaks kasutuseaks. Selle disain muudab oma loomulikku sagedust, tagades j\u00e4rjepideva toimimise ja pikema eluea. See tagasil\u00f6\u00f6givedrur parandab laskmise stabiilsust ja v\u00e4hendab tulirelva kulumist.<\/p>\n<\/div>\n","protected":false},"excerpt":{"rendered":"<p>Geissele AK tagasil\u00f6\u00f6gvedru: vastupidav, l\u00f6\u00f6gikindel, vibratsioonisummutav.<\/p>\n","protected":false},"featured_media":81049,"template":"","meta":{"_acf_changed":false},"product_brand":[11385],"product_cat":[1354],"product_tag":[],"class_list":{"0":"post-134215","1":"product","2":"type-product","3":"status-publish","4":"has-post-thumbnail","6":"product_brand-geissele","7":"product_cat-ak-tuning-et","9":"first","10":"instock","11":"taxable","12":"shipping-taxable","13":"product-type-simple"},"acf":[],"_links":{"self":[{"href":"https:\/\/staging.nbg.eu\/et\/wp-json\/wp\/v2\/product\/134215","targetHints":{"allow":["GET"]}}],"collection":[{"href":"https:\/\/staging.nbg.eu\/et\/wp-json\/wp\/v2\/product"}],"about":[{"href":"https:\/\/staging.nbg.eu\/et\/wp-json\/wp\/v2\/types\/product"}],"wp:featuredmedia":[{"embeddable":true,"href":"https:\/\/staging.nbg.eu\/et\/wp-json\/wp\/v2\/media\/81049"}],"wp:attachment":[{"href":"https:\/\/staging.nbg.eu\/et\/wp-json\/wp\/v2\/media?parent=134215"}],"wp:term":[{"taxonomy":"product_brand","embeddable":true,"href":"https:\/\/staging.nbg.eu\/et\/wp-json\/wp\/v2\/product_brand?post=134215"},{"taxonomy":"product_cat","embeddable":true,"href":"https:\/\/staging.nbg.eu\/et\/wp-json\/wp\/v2\/product_cat?post=134215"},{"taxonomy":"product_tag","embeddable":true,"href":"https:\/\/staging.nbg.eu\/et\/wp-json\/wp\/v2\/product_tag?post=134215"}],"curies":[{"name":"wp","href":"https:\/\/api.w.org\/{rel}","templated":true}]}}