{"id":134076,"date":"2024-11-27T16:45:20","date_gmt":"2025-01-08T17:17:13","guid":{"rendered":"https:\/\/staging.nbg.eu\/product\/area-419-remington-700-short-action-improved-scope-rail-isr-sa\/"},"modified":"2025-01-08T17:19:22","modified_gmt":"2025-01-08T17:19:22","slug":"area-419-remington-700-luehike-action-taeiustatud-sihiku-kinnitus-isr-sa","status":"publish","type":"product","link":"https:\/\/staging.nbg.eu\/et\/toode\/area-419-remington-700-luehike-action-taeiustatud-sihiku-kinnitus-isr-sa\/","title":{"rendered":"Area 419 &#8211; Remington 700 l\u00fchike action t\u00e4iustatud sihiku kinnitus (ISR-SA)"},"content":{"rendered":"<div class=\"product-description\">\n<h2>Area 419 &#8211; Remington 700 l\u00fchikese tegevusega parendatud sihikur\u00f6\u00f6bas (ISR-SA)<\/h2>\n<p>Area 419 ISR-SA on sihikur\u00f6\u00f6bas Remington 700 l\u00fchikese tegevusega vintp\u00fcssidele. Valmistatud 7075 alumiiniumist, sellel r\u00f6\u00f6pal on j\u00e4rgmised omadused:<\/p>\n<ul>\n<li>Integreeritud tagasil\u00f6\u00f6gi keel stabiilsuse jaoks<\/li>\n<li>Saadaval t\u00e4ielikult soonelise ja ARC \u00fclaosaga versioonidena<\/li>\n<li>\u00dchilduv #6 ja #8 kruvidega (kaasas)<\/li>\n<li>1:1 pinnat\u00f6\u00f6tlus t\u00e4pseks sobivuseks<\/li>\n<li>MIL-STD-1913 standardile vastav<\/li>\n<li>III t\u00fc\u00fcpi k\u00f5va anodeeritud must viimistlus<\/li>\n<li>V\u00e4ljaviske ava l\u00f5ige \u00fclevalt laadimiseks<\/li>\n<\/ul>\n<p>Valik 20 MOA ja 30 MOA vahel. Kaal: 0,09 kg. M\u00f5\u00f5tmed: 21 \u00d7 2,5 \u00d7 2,5 cm. Remington 700 jaoks.<\/p>\n<\/div>\n","protected":false},"excerpt":{"rendered":"<p>T\u00e4ppisfreesitud 7075 alumiiniumist sihikur\u00f6\u00f6bas Remington 700 SA jaoks<\/p>\n","protected":false},"featured_media":108100,"template":"","meta":{"_acf_changed":false},"product_brand":[11034],"product_cat":[722,610],"product_tag":[],"class_list":{"0":"post-134076","1":"product","2":"type-product","3":"status-publish","4":"has-post-thumbnail","6":"product_brand-area-419","7":"product_cat-rails-et","8":"product_cat-rifle-et","10":"first","11":"instock","12":"taxable","13":"shipping-taxable","14":"purchasable","15":"product-type-variable","16":"wvs-archive-product-wrapper"},"acf":[],"_links":{"self":[{"href":"https:\/\/staging.nbg.eu\/et\/wp-json\/wp\/v2\/product\/134076","targetHints":{"allow":["GET"]}}],"collection":[{"href":"https:\/\/staging.nbg.eu\/et\/wp-json\/wp\/v2\/product"}],"about":[{"href":"https:\/\/staging.nbg.eu\/et\/wp-json\/wp\/v2\/types\/product"}],"wp:featuredmedia":[{"embeddable":true,"href":"https:\/\/staging.nbg.eu\/et\/wp-json\/wp\/v2\/media\/108100"}],"wp:attachment":[{"href":"https:\/\/staging.nbg.eu\/et\/wp-json\/wp\/v2\/media?parent=134076"}],"wp:term":[{"taxonomy":"product_brand","embeddable":true,"href":"https:\/\/staging.nbg.eu\/et\/wp-json\/wp\/v2\/product_brand?post=134076"},{"taxonomy":"product_cat","embeddable":true,"href":"https:\/\/staging.nbg.eu\/et\/wp-json\/wp\/v2\/product_cat?post=134076"},{"taxonomy":"product_tag","embeddable":true,"href":"https:\/\/staging.nbg.eu\/et\/wp-json\/wp\/v2\/product_tag?post=134076"}],"curies":[{"name":"wp","href":"https:\/\/api.w.org\/{rel}","templated":true}]}}