{"id":133894,"date":"2025-01-01T20:54:41","date_gmt":"2025-01-08T17:04:06","guid":{"rendered":"https:\/\/staging.nbg.eu\/product\/area-419-offset-mounts-for-match-attachment-points\/"},"modified":"2025-01-08T17:06:25","modified_gmt":"2025-01-08T17:06:25","slug":"area-419-nihke-kinnitused-match-kinnituspunktidele","status":"publish","type":"product","link":"https:\/\/staging.nbg.eu\/et\/toode\/area-419-nihke-kinnitused-match-kinnituspunktidele\/","title":{"rendered":"Area 419 nihke kinnitused MATCH kinnituspunktidele"},"content":{"rendered":"<h2>Area 419 nihkekinnitused MATCH kinnituspunktidele<\/h2>\n<p>Area 419 nihkekinnitused MATCH kinnituspunktidele on m\u00f5eldud karabiini punase t\u00e4pi sihiku paigaldamiseks. Nihkekinnitused on \u00fcheosalise disainiga ja pakuvad j\u00e4rgmisi omadusi:<\/p>\n<ul>\n<li>Valik 35\u00b0 ja 45\u00b0 nihkenurga vahel<\/li>\n<li>Mitu kinnituskohta<\/li>\n<li>Kaal 25 naela<\/li>\n<li>M\u00f5\u00f5tmed: 6 \u00d7 4 \u00d7 1 tolli<\/li>\n<\/ul>\n<p>Need kinnitused v\u00f5imaldavad reguleerida punase t\u00e4pi sihiku asendit. Sobivad erinevates laskmissituatsioonides kasutamiseks.<\/p>\n","protected":false},"excerpt":{"rendered":"<p>Kohandatavad 35\u00b0\/45\u00b0 nihkega kinnitused MATCH punktidele. Mitmek\u00fclgne seadistus.<\/p>\n","protected":false},"featured_media":109203,"template":"","meta":{"_acf_changed":false},"product_brand":[11034],"product_cat":[772,2908,610],"product_tag":[],"class_list":{"0":"post-133894","1":"product","2":"type-product","3":"status-publish","4":"has-post-thumbnail","6":"product_brand-area-419","7":"product_cat-aiming-et","8":"product_cat-aiming-accessories-et","9":"product_cat-rifle-et","11":"first","12":"instock","13":"taxable","14":"shipping-taxable","15":"purchasable","16":"product-type-variable","17":"wvs-archive-product-wrapper"},"acf":[],"_links":{"self":[{"href":"https:\/\/staging.nbg.eu\/et\/wp-json\/wp\/v2\/product\/133894","targetHints":{"allow":["GET"]}}],"collection":[{"href":"https:\/\/staging.nbg.eu\/et\/wp-json\/wp\/v2\/product"}],"about":[{"href":"https:\/\/staging.nbg.eu\/et\/wp-json\/wp\/v2\/types\/product"}],"wp:featuredmedia":[{"embeddable":true,"href":"https:\/\/staging.nbg.eu\/et\/wp-json\/wp\/v2\/media\/109203"}],"wp:attachment":[{"href":"https:\/\/staging.nbg.eu\/et\/wp-json\/wp\/v2\/media?parent=133894"}],"wp:term":[{"taxonomy":"product_brand","embeddable":true,"href":"https:\/\/staging.nbg.eu\/et\/wp-json\/wp\/v2\/product_brand?post=133894"},{"taxonomy":"product_cat","embeddable":true,"href":"https:\/\/staging.nbg.eu\/et\/wp-json\/wp\/v2\/product_cat?post=133894"},{"taxonomy":"product_tag","embeddable":true,"href":"https:\/\/staging.nbg.eu\/et\/wp-json\/wp\/v2\/product_tag?post=133894"}],"curies":[{"name":"wp","href":"https:\/\/api.w.org\/{rel}","templated":true}]}}