{"id":133701,"date":"2024-11-02T08:42:18","date_gmt":"2025-01-08T16:49:39","guid":{"rendered":"https:\/\/staging.nbg.eu\/product\/sprinco-usa-spring-kit-xp-buffer-spring-dual-extractor-spring\/"},"modified":"2025-01-08T16:51:35","modified_gmt":"2025-01-08T16:51:35","slug":"sprinco-usa-vedrukomplekt-xp-puhvriveder-topelt-vaeljatombeveder","status":"publish","type":"product","link":"https:\/\/staging.nbg.eu\/et\/toode\/sprinco-usa-vedrukomplekt-xp-puhvriveder-topelt-vaeljatombeveder\/","title":{"rendered":"SPRINCO USA vedrukomplekt-XP puhvriveder \/ topelt v\u00e4ljat\u00f5mbeveder"},"content":{"rendered":"<div class=\"product-description\">\n<h2>SPRINCO USA Vedrukomplekt-XP Puhvervedru \/ Kahekordne Ekstraktori Vedru<\/h2>\n<p>SPRINCO USA Lisav\u00f5imsusega Puhvervedru on m\u00f5eldud AR-t\u00fc\u00fcpi relvade t\u00f6\u00f6kindluse parandamiseks. See vedru loodi 2006. aastal J\u00f5u Moderniseerimise Meeskonnale M4 karabiin probleemide lahendamiseks keerulistes keskkondades.<\/p>\n<ul>\n<li>25% suurem projekteeritud koormus v\u00f5rreldes valge vedruga<\/li>\n<li>Sobib 9mm, 6.8 SPC, 6.5 Grendel, .450 BM, .450 SOCOM, .500 Beowulf ja Colt LE6920 relvadele<\/li>\n<li>Kaasas on h\u00e4\u00e4lestusprotseduuride dokumendid optimaalseks toimimiseks<\/li>\n<\/ul>\n<p>M\u00e4rkus: Tulemuslikkus v\u00f5ib varieeruda s\u00f5ltuvalt pordi v\u00e4\u00e4rtustest ja laskemoona laadungitest. Enne kasutamist tutvuge kaasasoleva dokumentatsiooniga.<\/p>\n<\/div>\n","protected":false},"excerpt":{"rendered":"<p>T\u00e4iustatud AR-puhvrivedru suurendatud t\u00f6\u00f6kindluse tagamiseks keerulistes keskkondades.<\/p>\n","protected":false},"featured_media":76553,"template":"","meta":{"_acf_changed":false},"product_brand":[],"product_cat":[611],"product_tag":[],"class_list":{"0":"post-133701","1":"product","2":"type-product","3":"status-publish","4":"has-post-thumbnail","6":"product_cat-rifle-parts-et","8":"first","9":"instock","10":"taxable","11":"shipping-taxable","12":"purchasable","13":"product-type-simple"},"acf":[],"_links":{"self":[{"href":"https:\/\/staging.nbg.eu\/et\/wp-json\/wp\/v2\/product\/133701","targetHints":{"allow":["GET"]}}],"collection":[{"href":"https:\/\/staging.nbg.eu\/et\/wp-json\/wp\/v2\/product"}],"about":[{"href":"https:\/\/staging.nbg.eu\/et\/wp-json\/wp\/v2\/types\/product"}],"wp:featuredmedia":[{"embeddable":true,"href":"https:\/\/staging.nbg.eu\/et\/wp-json\/wp\/v2\/media\/76553"}],"wp:attachment":[{"href":"https:\/\/staging.nbg.eu\/et\/wp-json\/wp\/v2\/media?parent=133701"}],"wp:term":[{"taxonomy":"product_brand","embeddable":true,"href":"https:\/\/staging.nbg.eu\/et\/wp-json\/wp\/v2\/product_brand?post=133701"},{"taxonomy":"product_cat","embeddable":true,"href":"https:\/\/staging.nbg.eu\/et\/wp-json\/wp\/v2\/product_cat?post=133701"},{"taxonomy":"product_tag","embeddable":true,"href":"https:\/\/staging.nbg.eu\/et\/wp-json\/wp\/v2\/product_tag?post=133701"}],"curies":[{"name":"wp","href":"https:\/\/api.w.org\/{rel}","templated":true}]}}