{"id":131903,"date":"2025-01-01T20:52:41","date_gmt":"2025-01-07T16:58:22","guid":{"rendered":"https:\/\/staging.nbg.eu\/product\/area-419-match-scope-rings\/"},"modified":"2025-01-07T17:00:43","modified_gmt":"2025-01-07T17:00:43","slug":"area-419-match-sihiku-rongad","status":"publish","type":"product","link":"https:\/\/staging.nbg.eu\/et\/toode\/area-419-match-sihiku-rongad\/","title":{"rendered":"Area 419 MATCH sihiku r\u00f5ngad"},"content":{"rendered":"<div class=\"product-description\">\n<h2>Area 419 MATCH optikahoidjad<\/h2>\n<p>Area 419 MATCH optikahoidjad on valmistatud tagamaks optika kindla ja t\u00e4pse kinnituse.<\/p>\n<ul>\n<li>Seerianumbriga, l\u00f5ppviimistlusega sobitatud hoidjad<\/li>\n<li>T\u00f6\u00f6tlemata alumiiniumist sisemus optika paremaks haardeks<\/li>\n<li>T\u00e4ppisfreesitud komplektidena<\/li>\n<li>Laseriga m\u00e4rgistatud komplektidena<\/li>\n<li>Valmistatud 7075 lennundusklassi alumiiniumist<\/li>\n<li>T\u00fc\u00fcp 3 anodeeritud pinnakate (t\u00f6\u00f6tlemata alumiiniumist sisemus)<\/li>\n<li>Saadaval 30mm, 34mm, 35mm ja 36mm toru l\u00e4bim\u00f5\u00f5tudega<\/li>\n<li>Madal (24mm), keskmine (28mm) ja k\u00f5rge (32mm) kinnitus<\/li>\n<\/ul>\n<p>Area 419 MATCH optikahoidjad on optika kinnitamise tehnoloogia n\u00e4ide.<\/p>\n<\/div>\n","protected":false},"excerpt":{"rendered":"<p>T\u00e4pselt sobitatud ja seerianumbriga varustatud sihikur\u00f5ngad tagavad maksimaalse optilise stabiilsuse.<\/p>\n","protected":false},"featured_media":109087,"template":"","meta":{"_acf_changed":false},"product_brand":[11034],"product_cat":[772],"product_tag":[],"class_list":{"0":"post-131903","1":"product","2":"type-product","3":"status-publish","4":"has-post-thumbnail","6":"product_brand-area-419","7":"product_cat-aiming-et","9":"first","10":"instock","11":"taxable","12":"shipping-taxable","13":"purchasable","14":"product-type-variable","15":"wvs-archive-product-wrapper"},"acf":[],"_links":{"self":[{"href":"https:\/\/staging.nbg.eu\/et\/wp-json\/wp\/v2\/product\/131903","targetHints":{"allow":["GET"]}}],"collection":[{"href":"https:\/\/staging.nbg.eu\/et\/wp-json\/wp\/v2\/product"}],"about":[{"href":"https:\/\/staging.nbg.eu\/et\/wp-json\/wp\/v2\/types\/product"}],"wp:featuredmedia":[{"embeddable":true,"href":"https:\/\/staging.nbg.eu\/et\/wp-json\/wp\/v2\/media\/109087"}],"wp:attachment":[{"href":"https:\/\/staging.nbg.eu\/et\/wp-json\/wp\/v2\/media?parent=131903"}],"wp:term":[{"taxonomy":"product_brand","embeddable":true,"href":"https:\/\/staging.nbg.eu\/et\/wp-json\/wp\/v2\/product_brand?post=131903"},{"taxonomy":"product_cat","embeddable":true,"href":"https:\/\/staging.nbg.eu\/et\/wp-json\/wp\/v2\/product_cat?post=131903"},{"taxonomy":"product_tag","embeddable":true,"href":"https:\/\/staging.nbg.eu\/et\/wp-json\/wp\/v2\/product_tag?post=131903"}],"curies":[{"name":"wp","href":"https:\/\/api.w.org\/{rel}","templated":true}]}}