{"id":130166,"date":"2024-01-30T18:12:20","date_gmt":"2025-01-07T13:14:54","guid":{"rendered":"https:\/\/staging.nbg.eu\/product\/area-419-cantilevered-tactical-one-piece-scope-mount\/"},"modified":"2025-01-07T13:17:12","modified_gmt":"2025-01-07T13:17:12","slug":"area-419-konsoolne-tactical-ueheosaline-sihiku-kinnitus","status":"publish","type":"product","link":"https:\/\/staging.nbg.eu\/et\/toode\/area-419-konsoolne-tactical-ueheosaline-sihiku-kinnitus\/","title":{"rendered":"Area 419 konsoolne tactical \u00fcheosaline sihiku kinnitus"},"content":{"rendered":"<div class=\"product-description\">\n<h2>Area 419 Konsoolitud Taktikaline \u00dcheosaline Sihikukinnitus<\/h2>\n<p>Area 419 Konsoolitud Taktikaline \u00dcheosaline Sihikukinnitus on m\u00f5eldud t\u00e4psuslaskuritele. See kinnitus pakub tugevat haaret optikale.<\/p>\n<h2>Tootmisprotsess<\/h2>\n<ul>\n<li>CNC freesitud Ameerikas 7075 alumiiniumist<\/li>\n<li>L\u00f5plik puurimine komplektides t\u00e4pseks joondamiseks<\/li>\n<li>T\u00f6\u00f6tlemata alumiinium, t\u00e4ppispuuritud sihiku kontaktpinnad<\/li>\n<li>P\u00e4rast puurimist ei v\u00f5eta t\u00e4ielikult lahti<\/li>\n<\/ul>\n<h2>P\u00f5hiomadused<\/h2>\n<ul>\n<li>Kaal: 8-9 untsi kinnituse kohta<\/li>\n<li>Mitu lisaseadme kinnituspunkti<\/li>\n<li>Eraldi siini kinnituslatid<\/li>\n<li>S\u00fcvistatud kinnitusjalad<\/li>\n<li>Terasest juhttihvtid aluse ja korkide vahel<\/li>\n<li>Kohandatud nitriiditud roostevabast terasest riistvara<\/li>\n<li>Patenteeritud \u00fclemise lisaseadme kinnitus<\/li>\n<\/ul>\n<h2>Tehnilised andmed<\/h2>\n<ul>\n<li>Kaal: 1,5 naela<\/li>\n<li>M\u00f5\u00f5tmed: 9,5 \u00d7 5,8 \u00d7 2,8 tolli<\/li>\n<li>Toru l\u00e4bim\u00f5\u00f5du valikud: 30mm, 34mm, 35mm, 36mm<\/li>\n<li>K\u00f5rguse valikud: 34mm (1,34&#8243;), 39mm (1,54&#8243;)<\/li>\n<li>Kalde valikud: 0 MOA, 20 MOA (5,8 MIL)<\/li>\n<\/ul>\n<p>See sihikukinnitus on loodud vastama k\u00f5rgetele kvaliteedi- ja j\u00f5udlusstandarditele.<\/p>\n<\/div>\n","protected":false},"excerpt":{"rendered":"<p>T\u00e4ppistehnoloogiaga valmistatud optikakinnitus: tugev, kerge, l\u00f5plikult puuritud sobitatud r\u00f5ngastega maksimaalse t\u00e4psuse tagamiseks.<\/p>\n","protected":false},"featured_media":108734,"template":"","meta":{"_acf_changed":false},"product_brand":[11034],"product_cat":[772],"product_tag":[],"class_list":{"0":"post-130166","1":"product","2":"type-product","3":"status-publish","4":"has-post-thumbnail","6":"product_brand-area-419","7":"product_cat-aiming-et","9":"first","10":"instock","11":"taxable","12":"shipping-taxable","13":"purchasable","14":"product-type-variable","15":"wvs-archive-product-wrapper"},"acf":[],"_links":{"self":[{"href":"https:\/\/staging.nbg.eu\/et\/wp-json\/wp\/v2\/product\/130166","targetHints":{"allow":["GET"]}}],"collection":[{"href":"https:\/\/staging.nbg.eu\/et\/wp-json\/wp\/v2\/product"}],"about":[{"href":"https:\/\/staging.nbg.eu\/et\/wp-json\/wp\/v2\/types\/product"}],"wp:featuredmedia":[{"embeddable":true,"href":"https:\/\/staging.nbg.eu\/et\/wp-json\/wp\/v2\/media\/108734"}],"wp:attachment":[{"href":"https:\/\/staging.nbg.eu\/et\/wp-json\/wp\/v2\/media?parent=130166"}],"wp:term":[{"taxonomy":"product_brand","embeddable":true,"href":"https:\/\/staging.nbg.eu\/et\/wp-json\/wp\/v2\/product_brand?post=130166"},{"taxonomy":"product_cat","embeddable":true,"href":"https:\/\/staging.nbg.eu\/et\/wp-json\/wp\/v2\/product_cat?post=130166"},{"taxonomy":"product_tag","embeddable":true,"href":"https:\/\/staging.nbg.eu\/et\/wp-json\/wp\/v2\/product_tag?post=130166"}],"curies":[{"name":"wp","href":"https:\/\/api.w.org\/{rel}","templated":true}]}}