{"id":129721,"date":"2024-01-30T18:11:57","date_gmt":"2025-01-07T12:19:54","guid":{"rendered":"https:\/\/staging.nbg.eu\/product\/area-419-tactical-one-piece-scope-mount\/"},"modified":"2025-01-07T12:22:12","modified_gmt":"2025-01-07T12:22:12","slug":"area-419-tactical-ueheosaline-sihiku-kinnitus","status":"publish","type":"product","link":"https:\/\/staging.nbg.eu\/et\/toode\/area-419-tactical-ueheosaline-sihiku-kinnitus\/","title":{"rendered":"Area 419 Tactical \u00fcheosaline sihiku kinnitus"},"content":{"rendered":"<div class=\"product-description\">\n<h2>Area 419 \u00fcheosaline optikakinnitus<\/h2>\n<p>Optikakinnitus t\u00e4pse puurimisega r\u00f5ngaste ja t\u00f6\u00f6tlemata alumiiniumist siseosadega. Pakub head haaret optikale ilma liigse kaaluta.<\/p>\n<ul>\n<li>CNC freesitud Ameerikas 7075 alumiiniumist<\/li>\n<li>T\u00f6\u00f6tlemata alumiiniumist, t\u00e4pselt puuritud optika kontaktpinnad<\/li>\n<li>Mitu lisavarustuse kinnituspunkti<\/li>\n<li>Eraldi relsikinnitusribad maksimaalse haarde jaoks<\/li>\n<li>Terasest juhttihvtid joondamiseks<\/li>\n<li>Kohandatud nitriiditud roostevabast terasest kinnitusvahendid<\/li>\n<li>Patenteeritud \u00fclaj\u00e4ik lisavarustuse kinnitus<\/li>\n<\/ul>\n<p>Saadaval erinevate torude l\u00e4bim\u00f5\u00f5tude ja k\u00f5rgustega, 0 MOA v\u00f5i 20 MOA kaldega. Kaal: 0,68 kg. M\u00f5\u00f5tmed: 24,1 \u00d7 14,7 \u00d7 7,1 cm.<\/p>\n<\/div>\n","protected":false},"excerpt":{"rendered":"<p>T\u00e4psuslihvitud, \u00fclitugevast materjalist valmistatud sihiku kinnitus tagab v\u00f5rratu t\u00f6\u00f6kindluse.<\/p>\n","protected":false},"featured_media":108362,"template":"","meta":{"_acf_changed":false},"product_brand":[11034],"product_cat":[772],"product_tag":[],"class_list":{"0":"post-129721","1":"product","2":"type-product","3":"status-publish","4":"has-post-thumbnail","6":"product_brand-area-419","7":"product_cat-aiming-et","9":"first","10":"instock","11":"taxable","12":"shipping-taxable","13":"purchasable","14":"product-type-variable","15":"wvs-archive-product-wrapper"},"acf":[],"_links":{"self":[{"href":"https:\/\/staging.nbg.eu\/et\/wp-json\/wp\/v2\/product\/129721","targetHints":{"allow":["GET"]}}],"collection":[{"href":"https:\/\/staging.nbg.eu\/et\/wp-json\/wp\/v2\/product"}],"about":[{"href":"https:\/\/staging.nbg.eu\/et\/wp-json\/wp\/v2\/types\/product"}],"wp:featuredmedia":[{"embeddable":true,"href":"https:\/\/staging.nbg.eu\/et\/wp-json\/wp\/v2\/media\/108362"}],"wp:attachment":[{"href":"https:\/\/staging.nbg.eu\/et\/wp-json\/wp\/v2\/media?parent=129721"}],"wp:term":[{"taxonomy":"product_brand","embeddable":true,"href":"https:\/\/staging.nbg.eu\/et\/wp-json\/wp\/v2\/product_brand?post=129721"},{"taxonomy":"product_cat","embeddable":true,"href":"https:\/\/staging.nbg.eu\/et\/wp-json\/wp\/v2\/product_cat?post=129721"},{"taxonomy":"product_tag","embeddable":true,"href":"https:\/\/staging.nbg.eu\/et\/wp-json\/wp\/v2\/product_tag?post=129721"}],"curies":[{"name":"wp","href":"https:\/\/api.w.org\/{rel}","templated":true}]}}