{"id":129453,"date":"2024-11-06T20:46:32","date_gmt":"2024-11-06T20:46:32","guid":{"rendered":"https:\/\/staging.nbg.eu\/product\/vortex-optics-defender-stmicro-red-dot\/"},"modified":"2025-01-07T10:54:48","modified_gmt":"2025-01-07T10:54:48","slug":"vortex-optics-defender-st-mikro-punane-punkt","status":"publish","type":"product","link":"https:\/\/staging.nbg.eu\/et\/toode\/vortex-optics-defender-st-mikro-punane-punkt\/","title":{"rendered":"Vortex Optics &#8211; Defender-ST mikro punane punkt"},"content":{"rendered":"<h2>Vortex Optics &#8211; Defender-ST\u2122 Mikro Punane T\u00e4pp<\/h2>\n<p>Vortex Optics Defender-ST\u2122 Mikro Punane T\u00e4pp on m\u00f5eldud k\u00e4situlirelvadele, haavlip\u00fcssidele ja karbiinidele. See sobib lasketiiru harjutusteks v\u00f5i t\u00f6\u00f6\u00fclesanneteks.<\/p>\n<h2>P\u00f5hiomadused:<\/h2>\n<ul>\n<li>DeltaPoint\u00ae Pro kinnitusjalg<\/li>\n<li>6 MOA punane t\u00e4pp<\/li>\n<li>1x suurendus piiramatu silma vabakaugusega<\/li>\n<li>25 000 tundi aku kestvust CR2032 akuga<\/li>\n<li>Liikumise aktiveerimisega ja 10-minutilise automaatse v\u00e4ljal\u00fclitamisega<\/li>\n<li>ShockShield\u2122 tehnoloogia vastupidavuse suurendamiseks<\/li>\n<li>Fast-Rack\u2122 tekstuur kelgu h\u00f5lpsaks kasutamiseks<\/li>\n<li>\u00dclaosas asuv aku lihtsaks vahetamiseks<\/li>\n<li>10 heleduse seadet, sealhulgas 2 \u00f6\u00f6n\u00e4gemisega \u00fchilduvat valikut<\/li>\n<\/ul>\n<h2>Optiline j\u00f5udlus:<\/h2>\n<p>Defender-ST\u2122-l on suur, k\u00f5vakattega asf\u00e4\u00e4riline l\u00e4\u00e4ts. Paralaksivaba konstruktsioon ja valgustatud keskpunkt v\u00f5imaldavad kiiremat sihtm\u00e4rgi haaramist erinevates valgustingimustes.<\/p>\n<h2>Vastupidavus ja ehitus:<\/h2>\n<p>See optiline seade on veekindel, udukindel ja p\u00f5rutuskindel. 7075 alumiiniumist korpus ShockShield\u2122 pol\u00fcmeer-sisendiga tagab vastupidavuse. Matt must anodeeritud viimistlus pakub korrosioonikaitset.<\/p>\n<h2>Mitmek\u00fclgsus ja mugavus:<\/h2>\n<p>Kompaktse suuruse (1,8&#8243; pikkus) ja kerge kaaluga (1,48 untsi) sobib Defender-ST\u2122 erinevateks rakendusteks. \u00dclaosas asuv aku v\u00f5imaldab selle vahetamist ilma seadistust kaotamata ja Fast-Rack\u2122 tekstuur v\u00f5imaldab kelgu kasutamist mistahes pinnal.<\/p>\n<p>Vortex Optics Defender-ST\u2122 Mikro Punane T\u00e4pp on usaldusv\u00e4\u00e4rne partner erinevates laskmissituatsioonides.<\/p>\n","protected":false},"excerpt":{"rendered":"<p>Vastupidav ja t\u00e4pne mikropunase t\u00e4pi sihik k\u00e4situlirelvadele, haavlip\u00fcssidele ja karabiinidele.<\/p>\n","protected":false},"featured_media":78380,"template":"","meta":{"_acf_changed":false},"product_brand":[11956],"product_cat":[772,2169,1725,774,1756],"product_tag":[],"class_list":{"0":"post-129453","1":"product","2":"type-product","3":"status-publish","4":"has-post-thumbnail","6":"product_brand-vortex","7":"product_cat-aiming-et","8":"product_cat-pistol-et","9":"product_cat-pistol-dots-et","10":"product_cat-red-dots-et","11":"product_cat-rifle-dots-et","13":"first","14":"outofstock","15":"taxable","16":"shipping-taxable","17":"purchasable","18":"product-type-simple"},"acf":[],"_links":{"self":[{"href":"https:\/\/staging.nbg.eu\/et\/wp-json\/wp\/v2\/product\/129453","targetHints":{"allow":["GET"]}}],"collection":[{"href":"https:\/\/staging.nbg.eu\/et\/wp-json\/wp\/v2\/product"}],"about":[{"href":"https:\/\/staging.nbg.eu\/et\/wp-json\/wp\/v2\/types\/product"}],"wp:featuredmedia":[{"embeddable":true,"href":"https:\/\/staging.nbg.eu\/et\/wp-json\/wp\/v2\/media\/78380"}],"wp:attachment":[{"href":"https:\/\/staging.nbg.eu\/et\/wp-json\/wp\/v2\/media?parent=129453"}],"wp:term":[{"taxonomy":"product_brand","embeddable":true,"href":"https:\/\/staging.nbg.eu\/et\/wp-json\/wp\/v2\/product_brand?post=129453"},{"taxonomy":"product_cat","embeddable":true,"href":"https:\/\/staging.nbg.eu\/et\/wp-json\/wp\/v2\/product_cat?post=129453"},{"taxonomy":"product_tag","embeddable":true,"href":"https:\/\/staging.nbg.eu\/et\/wp-json\/wp\/v2\/product_tag?post=129453"}],"curies":[{"name":"wp","href":"https:\/\/api.w.org\/{rel}","templated":true}]}}