{"id":129115,"date":"2025-01-01T20:36:12","date_gmt":"2025-01-07T10:13:01","guid":{"rendered":"https:\/\/staging.nbg.eu\/product\/high-profile-red-dot-plates-for-area-419-tactical-mounts\/"},"modified":"2025-01-07T10:15:17","modified_gmt":"2025-01-07T10:15:17","slug":"korgprofiilsed-punase-punkti-plaadid-area-419-tactical-kinnitustele","status":"publish","type":"product","link":"https:\/\/staging.nbg.eu\/et\/toode\/korgprofiilsed-punase-punkti-plaadid-area-419-tactical-kinnitustele\/","title":{"rendered":"K\u00f5rgprofiilsed punase punkti plaadid Area 419 Tactical kinnitustele"},"content":{"rendered":"<h2>K\u00f5rgprofiilsed punase t\u00e4pi plaadid Area 419 taktikalistele kinnitustele<\/h2>\n<p>K\u00f5rgprofiilsed punase t\u00e4pi plaadid on m\u00f5eldud taktikalise \u00fches t\u00fckis teleskoobikinnitus jaoks. Need plaadid pakuvad funktsionaalsust ja vastupidavust.<\/p>\n<h2>P\u00f5hiomadused:<\/h2>\n<ul>\n<li>Patenditud kahekordse koonusega kinnitus kindlaks \u00fchenduseks<\/li>\n<li>\u00dchildub vesiloodide, laskem\u00e4rkmete, punaste t\u00e4ppide ja laserikaugusm\u00f5\u00f5tjatega<\/li>\n<li>Vastupidav ja j\u00e4ik, tagab hea nullimise s\u00e4ilimise<\/li>\n<li>Saadaval standardse ja madala k\u00f5rgusega versioonides<\/li>\n<li>CNC-freesitud Ameerikas 7075 alumiiniumist<\/li>\n<li>III t\u00fc\u00fcpi k\u00f5vakatse must anodeeritud viimistlus<\/li>\n<\/ul>\n<p>Valige standardse (1,11 tolli k\u00f5rge) ja madala (0,70 tolli k\u00f5rge) k\u00f5rguse vahel vastavalt oma vajadustele. M\u00f5lemal on MIL-STD-1913 spetsifikatsioonidele vastavad siinid ja kinnituskruvid lihtsamaks paigaldamiseks.<\/p>\n<p>Kaal: 1 nael<br \/>\nM\u00f5\u00f5tmed: 6 \u00d7 3,5 \u00d7 2 tolli<\/p>\n","protected":false},"excerpt":{"rendered":"<p>Turvaline ja mitmek\u00fclgne r\u00f6\u00f6bas punaste punktide ja lisatarvikute jaoks taktikalistel kinnitustel.<\/p>\n","protected":false},"featured_media":108710,"template":"","meta":{"_acf_changed":false},"product_brand":[11034],"product_cat":[772,2908],"product_tag":[],"class_list":{"0":"post-129115","1":"product","2":"type-product","3":"status-publish","4":"has-post-thumbnail","6":"product_brand-area-419","7":"product_cat-aiming-et","8":"product_cat-aiming-accessories-et","10":"first","11":"instock","12":"taxable","13":"shipping-taxable","14":"purchasable","15":"product-type-variable","16":"wvs-archive-product-wrapper"},"acf":[],"_links":{"self":[{"href":"https:\/\/staging.nbg.eu\/et\/wp-json\/wp\/v2\/product\/129115","targetHints":{"allow":["GET"]}}],"collection":[{"href":"https:\/\/staging.nbg.eu\/et\/wp-json\/wp\/v2\/product"}],"about":[{"href":"https:\/\/staging.nbg.eu\/et\/wp-json\/wp\/v2\/types\/product"}],"wp:featuredmedia":[{"embeddable":true,"href":"https:\/\/staging.nbg.eu\/et\/wp-json\/wp\/v2\/media\/108710"}],"wp:attachment":[{"href":"https:\/\/staging.nbg.eu\/et\/wp-json\/wp\/v2\/media?parent=129115"}],"wp:term":[{"taxonomy":"product_brand","embeddable":true,"href":"https:\/\/staging.nbg.eu\/et\/wp-json\/wp\/v2\/product_brand?post=129115"},{"taxonomy":"product_cat","embeddable":true,"href":"https:\/\/staging.nbg.eu\/et\/wp-json\/wp\/v2\/product_cat?post=129115"},{"taxonomy":"product_tag","embeddable":true,"href":"https:\/\/staging.nbg.eu\/et\/wp-json\/wp\/v2\/product_tag?post=129115"}],"curies":[{"name":"wp","href":"https:\/\/api.w.org\/{rel}","templated":true}]}}