{"id":128267,"date":"2025-01-01T20:24:58","date_gmt":"2025-01-07T09:37:30","guid":{"rendered":"https:\/\/staging.nbg.eu\/product\/area-419-tikka-t3-standard-action-improved-scope-rail\/"},"modified":"2025-01-14T13:40:21","modified_gmt":"2025-01-14T13:40:21","slug":"area-419-tikka-t3-standard-action-taeiustatud-sihiku-kinnitus","status":"publish","type":"product","link":"https:\/\/staging.nbg.eu\/et\/toode\/area-419-tikka-t3-standard-action-taeiustatud-sihiku-kinnitus\/","title":{"rendered":"Area 419 &#8211; Tikka T3 Standard Action t\u00e4iustatud sihiku kinnitus"},"content":{"rendered":"<div class=\"product-description\">\n<h2>Area 419 &#8211; Tikka T3 Standardse Tegevuse T\u00e4iustatud Sihiku Relss<\/h2>\n<p>Area 419 sihiku relss Tikka T3 v\u00f5i T3X jaoks. Valmistatud 7075 alumiiniumist, relssi omadused:<\/p>\n<ul>\n<li>20 MOA nurk pikema ulatuse jaoks<\/li>\n<li>MIL-STD-1913 standardile vastav<\/li>\n<li>\u00dcmardatud servad<\/li>\n<li>III t\u00fc\u00fcpi must anodeeritud viimistlus<\/li>\n<li>Roostevabast terasest tagasil\u00f6\u00f6gi tihvt stabiilsuse suurendamiseks<\/li>\n<li>\u00dchtlased T10 Torx kruvid paigaldamiseks<\/li>\n<\/ul>\n<p>Kaal 0,2 naela ja m\u00f5\u00f5tmed 8,25 \u00d7 1 \u00d7 1 tolli. T\u00e4ielikult sooneline relss. Sisaldab T10 Torx v\u00f5tit.<\/p>\n<\/div>\n","protected":false},"excerpt":{"rendered":"<p>I apologize, but there is no product description provided in your message for me to translate. If you&#8217;d like me to translate a specific product description to Estonian, please provide the text you want translated, and I&#8217;ll be happy to help.<\/p>\n","protected":false},"featured_media":108200,"template":"","meta":{"_acf_changed":false},"product_brand":[11034],"product_cat":[722,610],"product_tag":[],"class_list":{"0":"post-128267","1":"product","2":"type-product","3":"status-publish","4":"has-post-thumbnail","6":"product_brand-area-419","7":"product_cat-rails-et","8":"product_cat-rifle-et","10":"first","11":"instock","12":"taxable","13":"shipping-taxable","14":"purchasable","15":"product-type-simple"},"acf":[],"_links":{"self":[{"href":"https:\/\/staging.nbg.eu\/et\/wp-json\/wp\/v2\/product\/128267","targetHints":{"allow":["GET"]}}],"collection":[{"href":"https:\/\/staging.nbg.eu\/et\/wp-json\/wp\/v2\/product"}],"about":[{"href":"https:\/\/staging.nbg.eu\/et\/wp-json\/wp\/v2\/types\/product"}],"wp:featuredmedia":[{"embeddable":true,"href":"https:\/\/staging.nbg.eu\/et\/wp-json\/wp\/v2\/media\/108200"}],"wp:attachment":[{"href":"https:\/\/staging.nbg.eu\/et\/wp-json\/wp\/v2\/media?parent=128267"}],"wp:term":[{"taxonomy":"product_brand","embeddable":true,"href":"https:\/\/staging.nbg.eu\/et\/wp-json\/wp\/v2\/product_brand?post=128267"},{"taxonomy":"product_cat","embeddable":true,"href":"https:\/\/staging.nbg.eu\/et\/wp-json\/wp\/v2\/product_cat?post=128267"},{"taxonomy":"product_tag","embeddable":true,"href":"https:\/\/staging.nbg.eu\/et\/wp-json\/wp\/v2\/product_tag?post=128267"}],"curies":[{"name":"wp","href":"https:\/\/api.w.org\/{rel}","templated":true}]}}