{"id":106928,"date":"2024-11-06T20:20:45","date_gmt":"2024-12-30T10:02:55","guid":{"rendered":"https:\/\/staging.nbg.eu\/product\/vortex-optics-razor-hd-gen-ii4-5-27x56-ffp\/"},"modified":"2024-12-30T10:05:45","modified_gmt":"2024-12-30T10:05:45","slug":"vortex-optics-razor-hd-gen-ii-45-27x56-ffp","status":"publish","type":"product","link":"https:\/\/staging.nbg.eu\/et\/toode\/vortex-optics-razor-hd-gen-ii-45-27x56-ffp\/","title":{"rendered":"Vortex Optics Razor HD Gen II 4.5-27&#215;56 FFP"},"content":{"rendered":"<div class=\"product-description\">\n<h2>Vortex Optics Razor\u00ae HD Gen II 4.5-27&#215;56 FFP<\/h2>\n<p>Vortex Optics Razor\u00ae HD Gen II 4.5-27&#215;56 FFP on pikamaa optikaseade. See on loodud kasutamiseks erinevates keskkondades ja on sobilik t\u00e4psuslaskuritele.<\/p>\n<h2>P\u00f5hiomadused:<\/h2>\n<ul>\n<li>4.5-27x suurendusega<\/li>\n<li>34mm \u00fchest t\u00fckist lennukiklassi alumiiniumtoru<\/li>\n<li>L-Tec reguleerimiss\u00fcsteem<\/li>\n<li>Esimese fookustasandi sihik<\/li>\n<li>EBR-7C (MRAD) sihik<\/li>\n<\/ul>\n<h2>Optilised omadused:<\/h2>\n<p>Razor HD Gen II kasutab APO (apokromaatilist) s\u00fcsteemi indeksiga sobitatud l\u00e4\u00e4tsedega. HD l\u00e4\u00e4tsed ja XR\u2122 Plus mitmekordselt kaetud optika tagavad selguse ja valguse l\u00e4bilaskvuse. ArmorTek\u00ae kate kaitseb v\u00e4limisi l\u00e4\u00e4tsi kriimustuste, \u00f5li ja mustuse eest.<\/p>\n<h2>Tehniline pool:<\/h2>\n<p>P\u00fcssiskoobil on lennukiklassi alumiiniumist t\u00e4ppismasint\u00f6\u00f6deldud paigalduss\u00fcsteem koos roostevabast terasest vedruga. L-Tec+\u2122 nulls\u00fcsteem takistab k\u00f5rguse reguleerimist alla sihitud ulatuse. H\u00f5\u00f5rdumise v\u00e4hendamise s\u00fcsteem tagab vastupidavuse ja korratavuse.<\/p>\n<h2>Taktikalised eelised:<\/h2>\n<p>33 MRAD k\u00f5rguse ja 14 MRAD k\u00fclgtuule reguleerimisega. V\u00e4line p\u00f6\u00f6rden\u00e4idik annab kiire visuaalse ja taktiilse teabe k\u00f5rguse regulaatori asendist. Mikroreguleerimisega nullseadistus v\u00f5imaldab l\u00f5pmatut hulka nulli asendeid kl\u00f5psude vahel.<\/p>\n<h2>M\u00f5\u00f5tmed ja spetsifikatsioonid:<\/h2>\n<ul>\n<li>Suurendus: 4.5-27x<\/li>\n<li>Objektiivi l\u00e4bim\u00f5\u00f5t: 56 mm<\/li>\n<li>Silma kaugus: 3.7&#8243;<\/li>\n<li>Vaatev\u00e4li: 25.3&#8242; &#8211; 4.4&#8242; @ 100 jardi<\/li>\n<li>Toru suurus: 34 mm<\/li>\n<li>Pikkus: 14.4&#8243;<\/li>\n<li>Kaal: 48.5 untsi<\/li>\n<\/ul>\n<h2>EBR-7C (MRAD) sihik:<\/h2>\n<p>Esimese fookustasandi EBR-7C sihik sisaldab andmeid pikamaa v\u00f5istluslaskmise v\u00f5i jahipidamise jaoks. Sellel on k\u00fclgtuule puu alumistes kvadrantides kiireks korrigeerimiseks nii tuule kui ka k\u00f5rguse osas. 7C variandil on numbrid alumistel staadiumitel tuulepunktidest v\u00e4ljapool.<\/p>\n<p>Vortex Optics Razor\u00ae HD Gen II 4.5-27&#215;56 FFP sobib nii v\u00f5istluslaskuritele kui ka pikamaa jahimeestele.<\/p>\n<\/div>\n","protected":false},"excerpt":{"rendered":"<p>T\u00e4pne pikamaasihik FFP sihikus\u00fcsteemi ja L-Tec turrettidega \u00e4\u00e4rmiseks t\u00e4psuseks.<\/p>\n","protected":false},"featured_media":77871,"template":"","meta":{"_acf_changed":false},"product_brand":[11956],"product_cat":[772,2704],"product_tag":[],"class_list":{"0":"post-106928","1":"product","2":"type-product","3":"status-publish","4":"has-post-thumbnail","6":"product_brand-vortex","7":"product_cat-aiming-et","8":"product_cat-magnified-optics-et","10":"first","11":"instock","12":"taxable","13":"shipping-taxable","14":"purchasable","15":"product-type-simple"},"acf":[],"_links":{"self":[{"href":"https:\/\/staging.nbg.eu\/et\/wp-json\/wp\/v2\/product\/106928","targetHints":{"allow":["GET"]}}],"collection":[{"href":"https:\/\/staging.nbg.eu\/et\/wp-json\/wp\/v2\/product"}],"about":[{"href":"https:\/\/staging.nbg.eu\/et\/wp-json\/wp\/v2\/types\/product"}],"wp:featuredmedia":[{"embeddable":true,"href":"https:\/\/staging.nbg.eu\/et\/wp-json\/wp\/v2\/media\/77871"}],"wp:attachment":[{"href":"https:\/\/staging.nbg.eu\/et\/wp-json\/wp\/v2\/media?parent=106928"}],"wp:term":[{"taxonomy":"product_brand","embeddable":true,"href":"https:\/\/staging.nbg.eu\/et\/wp-json\/wp\/v2\/product_brand?post=106928"},{"taxonomy":"product_cat","embeddable":true,"href":"https:\/\/staging.nbg.eu\/et\/wp-json\/wp\/v2\/product_cat?post=106928"},{"taxonomy":"product_tag","embeddable":true,"href":"https:\/\/staging.nbg.eu\/et\/wp-json\/wp\/v2\/product_tag?post=106928"}],"curies":[{"name":"wp","href":"https:\/\/api.w.org\/{rel}","templated":true}]}}