{"id":106761,"date":"2024-11-16T10:23:45","date_gmt":"2024-12-30T09:54:44","guid":{"rendered":"https:\/\/staging.nbg.eu\/product\/sai-optics-model-sai-6-1x-6x\/"},"modified":"2024-12-30T09:57:34","modified_gmt":"2024-12-30T09:57:34","slug":"sai-optics-mudel-sai-6-1x-6x","status":"publish","type":"product","link":"https:\/\/staging.nbg.eu\/et\/toode\/sai-optics-mudel-sai-6-1x-6x\/","title":{"rendered":"SAI Optics mudel SAI 6 &#8211; 1x-6x"},"content":{"rendered":"<h2>SAI Optics\u2122 Mudel SAI 6\u2122 &#8211; 1x-6x<\/h2>\n<p>SAI\u2122 6 seeria optiline sihik pakub muudetava suurendusega lahendust. Sellel on LED-valgustusega esimese fokaaltasandi sihik, mis tagab t\u00e4pse kauguse m\u00f5\u00f5tmise ja ballistilise kompensatsiooni igal suurendusel. Sihik ja vaatev\u00e4li parandavad efektiivsust l\u00e4hidistantsil.<\/p>\n<h2>P\u00f5hiomadused:<\/h2>\n<ul>\n<li>Suurendus: 1x-6x<\/li>\n<li>Torujas disain modulaarseks kinnitamiseks<\/li>\n<li>LED-valgustusega sihik 10 seadistusega<\/li>\n<li>Saadaolevad sihikud: 5.56 BDC, 6.8 BDC, 7.62 BDC<\/li>\n<li>Veekindel: 2 tundi @ 3 meetrit<\/li>\n<li>P\u00f5rutuskindel: 1000g @ 10,000 ts\u00fcklit<\/li>\n<\/ul>\n<h2>Sihikud:<\/h2>\n<ul>\n<li>5.56 BDC &#8211; Kiire sihtimise sihik<\/li>\n<li>6.8   BDC &#8211; Kiire sihtimise sihik<\/li>\n<li>7.62 BDC &#8211; Kiire sihtimise sihik<\/li>\n<\/ul>\n<h2>Tehnilised andmed:<\/h2>\n<ul>\n<li>Pikkus: 256mm (10.07 tolli)<\/li>\n<li>Kaal: 510g (18.0 untsi)<\/li>\n<li>Toru l\u00e4bim\u00f5\u00f5t: 30mm<\/li>\n<li>Vaatev\u00e4li @ 1x: 22 kraadi (38.8m @ 100m)<\/li>\n<li>Silma kaugus: 90mm (3.54 tolli) nominaalne<\/li>\n<li>Patarei t\u00fc\u00fcp: CR2032 3v liitium<\/li>\n<\/ul>\n<h2>Standardsed lisatarvikud:<\/h2>\n<ul>\n<li>Tenebraex\u00ae l\u00e4\u00e4tsede katted<\/li>\n<li>Tenebraex\u00ae peegeldusevastane seade<\/li>\n<li>Reguleerimiskorgi kinnitusn\u00f6\u00f6r<\/li>\n<li>Patarei eemaldamise ketas<\/li>\n<\/ul>\n<p>SAI\u2122 6 seeria on m\u00f5eldud optiliseks kasutamiseks karmides keskkondades, v\u00f5imaldades t\u00e4iendavaid lisasid nagu klapiga katted, laserfiltrid ja polarisaatorid.<\/p>\n","protected":false},"excerpt":{"rendered":"<p>SAI 6\u2122: Vastupidav 1x-6x LED sihik esimese fookustasandi sihikujoonisega ja laia vaatev\u00e4ljaga.<\/p>\n","protected":false},"featured_media":79685,"template":"","meta":{"_acf_changed":false},"product_brand":[11700],"product_cat":[772,2704],"product_tag":[],"class_list":{"0":"post-106761","1":"product","2":"type-product","3":"status-publish","4":"has-post-thumbnail","6":"product_brand-sai-optics","7":"product_cat-aiming-et","8":"product_cat-magnified-optics-et","10":"first","11":"instock","12":"taxable","13":"shipping-taxable","14":"purchasable","15":"product-type-variable","16":"wvs-archive-product-wrapper"},"acf":[],"_links":{"self":[{"href":"https:\/\/staging.nbg.eu\/et\/wp-json\/wp\/v2\/product\/106761","targetHints":{"allow":["GET"]}}],"collection":[{"href":"https:\/\/staging.nbg.eu\/et\/wp-json\/wp\/v2\/product"}],"about":[{"href":"https:\/\/staging.nbg.eu\/et\/wp-json\/wp\/v2\/types\/product"}],"wp:featuredmedia":[{"embeddable":true,"href":"https:\/\/staging.nbg.eu\/et\/wp-json\/wp\/v2\/media\/79685"}],"wp:attachment":[{"href":"https:\/\/staging.nbg.eu\/et\/wp-json\/wp\/v2\/media?parent=106761"}],"wp:term":[{"taxonomy":"product_brand","embeddable":true,"href":"https:\/\/staging.nbg.eu\/et\/wp-json\/wp\/v2\/product_brand?post=106761"},{"taxonomy":"product_cat","embeddable":true,"href":"https:\/\/staging.nbg.eu\/et\/wp-json\/wp\/v2\/product_cat?post=106761"},{"taxonomy":"product_tag","embeddable":true,"href":"https:\/\/staging.nbg.eu\/et\/wp-json\/wp\/v2\/product_tag?post=106761"}],"curies":[{"name":"wp","href":"https:\/\/api.w.org\/{rel}","templated":true}]}}