{"id":106062,"date":"2024-11-17T08:06:47","date_gmt":"2024-12-30T09:20:16","guid":{"rendered":"https:\/\/staging.nbg.eu\/product\/tangent-theta-tt525p-5-25x56mm-professional\/"},"modified":"2024-12-30T09:22:53","modified_gmt":"2024-12-30T09:22:53","slug":"tangent-theta-tt525p-5-25x56mm-professional","status":"publish","type":"product","link":"https:\/\/staging.nbg.eu\/et\/toode\/tangent-theta-tt525p-5-25x56mm-professional\/","title":{"rendered":"Tangent Theta TT525P (5-25x56mm Professional)"},"content":{"rendered":"<h2>Tangent Theta TT525P 5-25x56mm Professionaalne Vintp\u00fcssi Teleskoop<\/h2>\n<p>Tangent Theta TT525P on t\u00e4psuslaskmise instrument, mis on m\u00f5eldud professionaalsetele laskuritele. See Kanadas toodetud vintp\u00fcssi teleskoop \u00fchendab vastupidavuse, mehaanilise t\u00e4psuse ja optilise kvaliteedi.<\/p>\n<h2>P\u00f5hiomadused:<\/h2>\n<ul>\n<li>56mm objektiiv valguse kogumiseks<\/li>\n<li>34mm peamine toru suurema reguleerimisala jaoks<\/li>\n<li>5-25x suurendusvahemik<\/li>\n<li>\u00dcksteist reetikuli valgustuse seadistust<\/li>\n<li>K\u00fclgmine parallaksi reguleerimine 50m kuni l\u00f5pmatuseni<\/li>\n<li>Patenteeritud T\u00d6\u00d6RIISTADETA NULLIMINE\u00ae funktsioon (USA Patent # 10,591,253)<\/li>\n<li>Mittetransleeruvad nupud k\u00f5rguse nullpunktiga<\/li>\n<li>Kahekordne k\u00f5rguse p\u00f6\u00f6re revolutsiooni indikaatoriga<\/li>\n<li>Lukustatav kiire diopteri reguleerimine (-3 kuni +2.5)<\/li>\n<\/ul>\n<h2>Reetiklid:<\/h2>\n<ul>\n<li>Gen 2 XR reetikul<\/li>\n<li>MoA-ER<\/li>\n<li>Gen 3 XR reetikul<\/li>\n<li>Gen 2 MoA-ER<\/li>\n<li>Gen 3 XR Fine reetikul<\/li>\n<li>Horus H59 reetikul<\/li>\n<li>Horus Tremor3 reetikul<\/li>\n<li>JTAC reetikul<\/li>\n<li>Gen 2 XR reetikul, AIF<\/li>\n<li>Gen 3 XR reetikul, AIF<\/li>\n<li>Gen 3 XR Fine reetikul, AIF<\/li>\n<li>JTAC reetikul, AIF<\/li>\n<li>Horus Tremor3 reetikul, AIF<\/li>\n<\/ul>\n<h2>T\u00e4pne Tehnika:<\/h2>\n<p>TT525P-l on reguleerimisulatus 30 mrad (103 MoA) k\u00f5rguse ja \u00b110 mrad (\u00b134 MoA) k\u00fclgsuuna jaoks. 0,1 mrad v\u00f5i 1\/4 MoA reguleerimist\u00e4psusega saab sihtimist t\u00e4pselt h\u00e4\u00e4lestada.<\/p>\n<h2>Optiline Kvaliteet:<\/h2>\n<p>Silma kaugus on 90mm ja vaatev\u00e4li 7,6m 100m juures (5x) kuni 1,6m 100m juures (25x). 56mm objektiiv tagab hea valguse l\u00e4bilaskvuse.<\/p>\n<h2>Vastupidavus:<\/h2>\n<p>TT525P on veekindel 10 meetri s\u00fcgavusel 4 tundi ja p\u00f5rutuskindel 700g&#8217;s 10 000 ts\u00fckli juures. II t\u00fc\u00fcpi anodeeritud matt viimistlus pakub lisakaitset.<\/p>\n<h2>Reetikuli Valikud:<\/h2>\n<p>Valige erinevate reetikuli valikute vahel, sealhulgas Gen 2XR, MoA, Gen 3XR, H-59, Tremor3, JTAC, Gen 3 XR Fine ja GEN2 MOA-ER.<\/p>\n<h2>Lisaspetsifikatsioonid:<\/h2>\n<ul>\n<li>Pikkus: 425mm<\/li>\n<li>Kaal: 1150g<\/li>\n<li>Objektiivi kella l\u00e4bim\u00f5\u00f5t: 65mm<\/li>\n<li>Valgustus: LED-toitega 11 seadistusega<\/li>\n<li>Aku: DL2032 3v liitium<\/li>\n<\/ul>\n<p>Tangent Theta TT525P sisaldab standardvarustuses Tenebraex&#8217;i l\u00e4\u00e4tsekatteid ja ARD-d. TT525P on vintp\u00fcssi teleskoop, mis \u00fchendab t\u00e4psuse ja vastupidavuse.<\/p>\n","protected":false},"excerpt":{"rendered":"<p>Professionaalse taseme 5-25x56mm vintp\u00fcssi sihik. Vastupidav, t\u00e4pne, \u00fclimate optilistega.<\/p>\n","protected":false},"featured_media":100872,"template":"","meta":{"_acf_changed":false},"product_brand":[11890],"product_cat":[772,2704],"product_tag":[],"class_list":{"0":"post-106062","1":"product","2":"type-product","3":"status-publish","4":"has-post-thumbnail","6":"product_brand-tangent-theta","7":"product_cat-aiming-et","8":"product_cat-magnified-optics-et","10":"first","11":"instock","12":"taxable","13":"shipping-taxable","14":"purchasable","15":"product-type-variable","16":"wvs-archive-product-wrapper"},"acf":[],"_links":{"self":[{"href":"https:\/\/staging.nbg.eu\/et\/wp-json\/wp\/v2\/product\/106062","targetHints":{"allow":["GET"]}}],"collection":[{"href":"https:\/\/staging.nbg.eu\/et\/wp-json\/wp\/v2\/product"}],"about":[{"href":"https:\/\/staging.nbg.eu\/et\/wp-json\/wp\/v2\/types\/product"}],"wp:featuredmedia":[{"embeddable":true,"href":"https:\/\/staging.nbg.eu\/et\/wp-json\/wp\/v2\/media\/100872"}],"wp:attachment":[{"href":"https:\/\/staging.nbg.eu\/et\/wp-json\/wp\/v2\/media?parent=106062"}],"wp:term":[{"taxonomy":"product_brand","embeddable":true,"href":"https:\/\/staging.nbg.eu\/et\/wp-json\/wp\/v2\/product_brand?post=106062"},{"taxonomy":"product_cat","embeddable":true,"href":"https:\/\/staging.nbg.eu\/et\/wp-json\/wp\/v2\/product_cat?post=106062"},{"taxonomy":"product_tag","embeddable":true,"href":"https:\/\/staging.nbg.eu\/et\/wp-json\/wp\/v2\/product_tag?post=106062"}],"curies":[{"name":"wp","href":"https:\/\/api.w.org\/{rel}","templated":true}]}}