{"id":105574,"date":"2024-01-30T18:14:32","date_gmt":"2024-12-30T09:10:21","guid":{"rendered":"https:\/\/staging.nbg.eu\/product\/tangent-theta-tt315p-3-15x50mm-professional\/"},"modified":"2024-12-30T09:12:13","modified_gmt":"2024-12-30T09:12:13","slug":"tangent-theta-tt315p-3-15x50mm-professional","status":"publish","type":"product","link":"https:\/\/staging.nbg.eu\/et\/toode\/tangent-theta-tt315p-3-15x50mm-professional\/","title":{"rendered":"Tangent Theta TT315P (3-15x50mm Professional)"},"content":{"rendered":"<div class=\"product-description\">\n<h2>Tangent Theta TT315P (3-15x50mm) P\u00fcssiteleskoop<\/h2>\n<p>Tangent Theta 3-15x50mm mudel TT315P on t\u00e4ppisoptika, mis on m\u00f5eldud pikamaa laskmiseks.<\/p>\n<h2>P\u00f5hiomadused:<\/h2>\n<ul>\n<li>50mm objektiiv valguse kogumiseks<\/li>\n<li>34mm p\u00f5hitoru vastupidavuseks ja reguleerimiseks<\/li>\n<li>3-15x suurendusega<\/li>\n<li>Patenteeritud T\u00d6\u00d6RIISTADETA NULLIMINE\u00ae funktsioon (USA patent # 10,591,253)<\/li>\n<li>11 sihiku valgustuse seadet<\/li>\n<li>K\u00fclgmine parallaksi regulaator 50m kuni l\u00f5pmatuseni<\/li>\n<li>Mitteliikuvad nupud k\u00f5rguse nullstopiga<\/li>\n<li>Kahekordne k\u00f5rguse reguleerimine p\u00f6\u00f6rden\u00e4idikuga<\/li>\n<li>Lukustatav kiire dioptri reguleerimine<\/li>\n<\/ul>\n<h2>Sihiku valikud:<\/h2>\n<ul>\n<li>Gen 2XR<\/li>\n<li>MoA<\/li>\n<li>Gen 2 Mil-Dot<\/li>\n<li>Gen 3XR<\/li>\n<\/ul>\n<h2>T\u00e4psus ja vastupidavus:<\/h2>\n<p>Toodetud Kanadas, TT315P on valmistatud taluma karmimaid keskkonnatingimusi. Selle konstruktsioon tagab k\u00f5rguse ja tuule reguleerimismehhanismide t\u00e4psuse.<\/p>\n<h2>Optiline kvaliteet:<\/h2>\n<p>Vaatev\u00e4li on 12,8m @ 100m 3x juures, 2,8m @ 100m 15x juures. Silmareljeef on 90mm. 50mm objektiiv maksimeerib valguse l\u00e4bilaskvuse.<\/p>\n<h2>Reguleerimisomadused:<\/h2>\n<p>K\u00f5rguse reguleerimise vahemik on 34 mrad (117 MoA) ja tuule reguleerimise vahemik \u00b18 mrad (\u00b127 MoA). Reguleerimise t\u00e4psus on 0,1 mrad v\u00f5i 1\/4 MoA. T\u00d6\u00d6RIISTADETA NULLIMINE\u00ae v\u00f5imaldab kiiret nullimist.<\/p>\n<h2>Keskkonnakindlus:<\/h2>\n<p>Veekindel 10 meetri s\u00fcgavusel 4 tundi ja l\u00f6\u00f6gikindel 700g 10 000 ts\u00fckli juures. II t\u00fc\u00fcpi anodeeritud matt viimistlus kaitseb kulumise ja korrosiooni eest.<\/p>\n<p>Tangent Theta TT315P on t\u00e4pne, vastupidav ja selge optikaga p\u00fcssiteleskoop professionaalseks kasutamiseks.<\/p>\n<\/div>\n","protected":false},"excerpt":{"rendered":"<p>Tangent Theta TT315P: 3-15x50mm t\u00e4psusotsik professionaalsetele laskuritele. Vastupidav, t\u00f6\u00f6riistadeta nullimine.<\/p>\n","protected":false},"featured_media":100825,"template":"","meta":{"_acf_changed":false},"product_brand":[11890],"product_cat":[772,2704],"product_tag":[],"class_list":{"0":"post-105574","1":"product","2":"type-product","3":"status-publish","4":"has-post-thumbnail","6":"product_brand-tangent-theta","7":"product_cat-aiming-et","8":"product_cat-magnified-optics-et","10":"first","11":"instock","12":"taxable","13":"shipping-taxable","14":"purchasable","15":"product-type-variable","16":"wvs-archive-product-wrapper"},"acf":[],"_links":{"self":[{"href":"https:\/\/staging.nbg.eu\/et\/wp-json\/wp\/v2\/product\/105574","targetHints":{"allow":["GET"]}}],"collection":[{"href":"https:\/\/staging.nbg.eu\/et\/wp-json\/wp\/v2\/product"}],"about":[{"href":"https:\/\/staging.nbg.eu\/et\/wp-json\/wp\/v2\/types\/product"}],"wp:featuredmedia":[{"embeddable":true,"href":"https:\/\/staging.nbg.eu\/et\/wp-json\/wp\/v2\/media\/100825"}],"wp:attachment":[{"href":"https:\/\/staging.nbg.eu\/et\/wp-json\/wp\/v2\/media?parent=105574"}],"wp:term":[{"taxonomy":"product_brand","embeddable":true,"href":"https:\/\/staging.nbg.eu\/et\/wp-json\/wp\/v2\/product_brand?post=105574"},{"taxonomy":"product_cat","embeddable":true,"href":"https:\/\/staging.nbg.eu\/et\/wp-json\/wp\/v2\/product_cat?post=105574"},{"taxonomy":"product_tag","embeddable":true,"href":"https:\/\/staging.nbg.eu\/et\/wp-json\/wp\/v2\/product_tag?post=105574"}],"curies":[{"name":"wp","href":"https:\/\/api.w.org\/{rel}","templated":true}]}}