{"id":84594,"date":"2024-11-17T07:25:58","date_gmt":"2024-12-18T10:05:34","guid":{"rendered":"https:\/\/staging.nbg.eu\/product\/tangent-theta-tt315m-3-15x50mm-marksman\/"},"modified":"2024-12-30T08:44:46","modified_gmt":"2024-12-30T08:44:46","slug":"tangent-theta-tt315m-3-15x50mm-marksman","status":"publish","type":"product","link":"https:\/\/staging.nbg.eu\/es\/producto\/tangent-theta-tt315m-3-15x50mm-marksman\/","title":{"rendered":"Tangent Theta TT315M (3-15x50mm Marksman)"},"content":{"rendered":"<div class=\"product-description\">\n<p>Tangent Theta se estableci\u00f3 en 2013 en Nueva Escocia, Canad\u00e1 con el objetivo de producir los mejores visores de rifle del mundo. Los visores son ensamblados a mano, probados e inspeccionados individualmente por un equipo de dise\u00f1adores \u00f3pticos, ingenieros mec\u00e1nicos y tiradores de larga distancia de clase internacional.<\/p>\n<h2>Tangent Theta TT315M 3-15x50mm Telescopio para Rifle de Tirador<\/h2>\n<p>El Tangent Theta TT315M es un instrumento de precisi\u00f3n de rango intermedio dise\u00f1ado para tiradores de polic\u00eda y seguridad. Este telescopio profesional de peso reducido combina tecnolog\u00eda avanzada con rendimiento \u00f3ptico.<\/p>\n<h2>Caracter\u00edsticas principales:<\/h2>\n<ul>\n<li>Lente objetivo de 50mm para recolecci\u00f3n de luz<\/li>\n<li>Tubo principal de 30mm para durabilidad<\/li>\n<li>Indicador de direcci\u00f3n de deriva mec\u00e1nica<\/li>\n<li>11 configuraciones de iluminaci\u00f3n de ret\u00edcula para diversas condiciones de luz<\/li>\n<li>Ajuste de paralaje lateral para enfoque preciso<\/li>\n<li>Perillas no translativas con tope de elevaci\u00f3n cero<\/li>\n<li>Elevaci\u00f3n de doble vuelta con indicador de revoluci\u00f3n y direcci\u00f3n de deriva<\/li>\n<li>Rango de aumento vers\u00e1til de 3-15x<\/li>\n<li>Dioptr\u00edas de ajuste r\u00e1pido bloqueables<\/li>\n<\/ul>\n<h2>Excelencia \u00f3ptica:<\/h2>\n<p>El TT315M cuenta con una ruta \u00f3ptica optimizada, ofreciendo calidad de imagen. Esto permite a los tiradores discernir detalles peque\u00f1os del objetivo y mantener la punter\u00eda durante per\u00edodos prolongados sin fatiga ocular.<\/p>\n<h2>Ajustes de precisi\u00f3n:<\/h2>\n<p>Con mecanismos de ajuste precisos con topes cero, indicadores mec\u00e1nicos de revoluci\u00f3n y direcci\u00f3n de deriva, el TT315M elimina errores de ajuste, asegurando precisi\u00f3n en situaciones cr\u00edticas.<\/p>\n<h2>Opciones de ret\u00edcula:<\/h2>\n<ul>\n<li>Gen 2XR<\/li>\n<li>MoA<\/li>\n<li>Gen 2 Mil-Dot<\/li>\n<li>Gen 3XR<\/li>\n<\/ul>\n<h2>Especificaciones t\u00e9cnicas:<\/h2>\n<ul>\n<li>Longitud: 351mm<\/li>\n<li>Peso: 786g<\/li>\n<li>Campo de visi\u00f3n @ 3x: 7.3 grados (12.8m @ 100m)<\/li>\n<li>Campo de visi\u00f3n @ 15x: 1.6 grados (2.8m @ 100m)<\/li>\n<li>Distancia ocular: 90mm<\/li>\n<li>Rango total de ajuste de elevaci\u00f3n: 18 mrad (60 MoA)<\/li>\n<li>Rango total de ajuste de deriva: +\/- 12 mrad (+\/-40 MoA)<\/li>\n<li>Resoluci\u00f3n de ajuste: 0.1 mrad o 1\/4 MoA<\/li>\n<li>Rango de ajuste de paralaje: 50m a infinito<\/li>\n<\/ul>\n<h2>Durabilidad:<\/h2>\n<p>El TT315M est\u00e1 construido para soportar condiciones adversas, siendo resistente al agua durante 4 horas a 10 metros y resistente a impactos de 700g en 10,000 ciclos. Su exterior tiene un acabado mate anodizado Tipo II para protecci\u00f3n adicional.<\/p>\n<h2>Accesorios incluidos:<\/h2>\n<p>Se incluyen cubiertas de lentes Tenebraex y ARD (Dispositivo Anti-Reflejo) como accesorios est\u00e1ndar.<\/p>\n<\/div>\n","protected":false},"excerpt":{"rendered":"<p>Mira telesc\u00f3pica de precisi\u00f3n 3-15x50mm para tiradores. Imagen \u00f3ptima, tope de cero, iluminada.<\/p>\n","protected":false},"featured_media":167626,"template":"","meta":{"_acf_changed":false},"product_brand":[11903],"product_cat":[12223,12255],"product_tag":[],"class_list":{"0":"post-84594","1":"product","2":"type-product","3":"status-publish","4":"has-post-thumbnail","6":"product_brand-tangent-theta","7":"product_cat-opticas-con-aumento","8":"product_cat-punteria","10":"first","11":"instock","12":"taxable","13":"shipping-taxable","14":"purchasable","15":"product-type-variable","16":"wvs-archive-product-wrapper"},"acf":[],"_links":{"self":[{"href":"https:\/\/staging.nbg.eu\/es\/wp-json\/wp\/v2\/product\/84594","targetHints":{"allow":["GET"]}}],"collection":[{"href":"https:\/\/staging.nbg.eu\/es\/wp-json\/wp\/v2\/product"}],"about":[{"href":"https:\/\/staging.nbg.eu\/es\/wp-json\/wp\/v2\/types\/product"}],"wp:featuredmedia":[{"embeddable":true,"href":"https:\/\/staging.nbg.eu\/es\/wp-json\/wp\/v2\/media\/167626"}],"wp:attachment":[{"href":"https:\/\/staging.nbg.eu\/es\/wp-json\/wp\/v2\/media?parent=84594"}],"wp:term":[{"taxonomy":"product_brand","embeddable":true,"href":"https:\/\/staging.nbg.eu\/es\/wp-json\/wp\/v2\/product_brand?post=84594"},{"taxonomy":"product_cat","embeddable":true,"href":"https:\/\/staging.nbg.eu\/es\/wp-json\/wp\/v2\/product_cat?post=84594"},{"taxonomy":"product_tag","embeddable":true,"href":"https:\/\/staging.nbg.eu\/es\/wp-json\/wp\/v2\/product_tag?post=84594"}],"curies":[{"name":"wp","href":"https:\/\/api.w.org\/{rel}","templated":true}]}}